{"id":23,"date":"2014-11-28T22:34:52","date_gmt":"2014-11-28T21:34:52","guid":{"rendered":"https:\/\/blogs.ua.es\/historiaoral21\/?page_id=23"},"modified":"2015-01-11T15:03:25","modified_gmt":"2015-01-11T14:03:25","slug":"valoracion","status":"publish","type":"page","link":"https:\/\/blogs.ua.es\/historiaoral21\/valoracion\/","title":{"rendered":"Valoraci\u00f3n"},"content":{"rendered":"<p>Siendo el primer trabajo de estas caracter\u00edsticas que llevamos a cabo, como comentaba en la presentaci\u00f3n, son varios los aspectos que podemos destacar, que nos han llevado alguna complicaci\u00f3n que otra, pero como suele ocurrir, todo ello ha culminado en una experiencia interesante con la cual hemos sufrido, pero tambi\u00e9n disfrutado y aprendido.<\/p>\n<p>En primer lugar, encontrar personas dispuestas a hablar, en ocasiones es m\u00e1s complicado de lo que parece. Hay personas que sin salir del \u00e1mbito familiar tienen el trabajo hecho, con m\u00e1s de cuatro potenciales testimonios y todo el tiempo del mundo para llevar a cabo la grabaci\u00f3n. Mientras para otras que no corren esa suerte, buscar candidatos puede ser una tarea complicada si no se tiene relaci\u00f3n con personas mayores. En nuestro caso hicimos llamadas y mandamos correos electr\u00f3nicos a asociaciones que supuestamente promueven darse a conocer, que personas mayores realicen actividades, colectivos en b\u00fasqueda de integraci\u00f3n&#8230; Y en ning\u00fan caso obtuvimos respuesta. S\u00f3lo una profesora de la propia Universidad de Alicante accedi\u00f3. Menos mal.<\/p>\n<p>Una parte de los entrevistados fueron personas conocidas con los que pudimos elaborar un gui\u00f3n previo. Esta preparaci\u00f3n de la entrevista con el testimonio de Nieves Montesinos no se pudo hacer por la disponibilidad y las fechas (Navidades, fechas de ex\u00e1menes). Luego la entrevista fue a un plano general mucho m\u00e1s que personal, que quiz\u00e1 era el objeto del trabajo. Por lo que a\u00fan resultando interesante es posible que el enfoque fuera equivocado. En las otras entrevistas ocurri\u00f3 lo contrario, pues partiendo de testimonios personales descubrimos an\u00e9cdotas desconocidas y muy interesantes, como se describe en las correspondientes entradas.<\/p>\n<p>Para la edici\u00f3n de la entrevista vimos que con el programa recomendado por el profesorado a otros compa\u00f1eros les estaba quedando demasiado simple. En un primer momento optamos por utilizar otro programa y en un primer momento funcionaba bien, pero acabando de editar y sin tiempo para empezar de nuevo surgieron unos problemas con el formato de v\u00eddeo que impidieron unos resultados \u00f3ptimos. Mejor suerte corrieron parte de las entrevistas que si pudimos hacer con el programa recomendado, simple pero eficaz.<\/p>\n<p>En definitiva, con estos testimonios consideramos que hemos aprendido mucho m\u00e1s de lo que esper\u00e1bamos. Esta pr\u00e1ctica refuerza la importancia de las fuentes orales, y hemos podido comprobar de primera mano como unos testimonios pueden aportar una informaci\u00f3n muy valiosa.<\/p>\n<p>Las fuentes orales, junto a fuentes arqueol\u00f3gicas, escritas, audiovisuales, geogr\u00e1ficas, o etnogr\u00e1ficas, hacen que el an\u00e1lisis que hagamos a un determinado trabajo se vea enriquecido.<\/p>\n","protected":false},"excerpt":{"rendered":"<p>Siendo el primer trabajo de estas caracter\u00edsticas que llevamos a cabo, como comentaba en la presentaci\u00f3n, son varios los aspectos que podemos destacar, que nos han llevado alguna complicaci\u00f3n que otra, pero como suele ocurrir, todo ello ha culminado en &hellip; <a href=\"https:\/\/blogs.ua.es\/historiaoral21\/valoracion\/\">Continue reading <span class=\"meta-nav\">&rarr;<\/span><\/a><\/p>\n","protected":false},"author":3627,"featured_media":0,"parent":0,"menu_order":3,"comment_status":"open","ping_status":"open","template":"","meta":{"footnotes":""},"class_list":["post-23","page","type-page","status-publish","hentry"],"_links":{"self":[{"href":"https:\/\/blogs.ua.es\/historiaoral21\/wp-json\/wp\/v2\/pages\/23","targetHints":{"allow":["GET"]}}],"collection":[{"href":"https:\/\/blogs.ua.es\/historiaoral21\/wp-json\/wp\/v2\/pages"}],"about":[{"href":"https:\/\/blogs.ua.es\/historiaoral21\/wp-json\/wp\/v2\/types\/page"}],"author":[{"embeddable":true,"href":"https:\/\/blogs.ua.es\/historiaoral21\/wp-json\/wp\/v2\/users\/3627"}],"replies":[{"embeddable":true,"href":"https:\/\/blogs.ua.es\/historiaoral21\/wp-json\/wp\/v2\/comments?post=23"}],"version-history":[{"count":3,"href":"https:\/\/blogs.ua.es\/historiaoral21\/wp-json\/wp\/v2\/pages\/23\/revisions"}],"predecessor-version":[{"id":55,"href":"https:\/\/blogs.ua.es\/historiaoral21\/wp-json\/wp\/v2\/pages\/23\/revisions\/55"}],"wp:attachment":[{"href":"https:\/\/blogs.ua.es\/historiaoral21\/wp-json\/wp\/v2\/media?parent=23"}],"curies":[{"name":"wp","href":"https:\/\/api.w.org\/{rel}","templated":true}]}}