{"id":34,"date":"2015-04-28T14:46:07","date_gmt":"2015-04-28T14:46:07","guid":{"rendered":"https:\/\/blogs.ua.es\/historiaoral24\/?page_id=34"},"modified":"2015-05-03T18:43:45","modified_gmt":"2015-05-03T18:43:45","slug":"bibliografia","status":"publish","type":"page","link":"https:\/\/blogs.ua.es\/historiaoral24\/bibliografia\/","title":{"rendered":"Bibliograf\u00eda"},"content":{"rendered":"<p>Bibliograf\u00eda:<\/p>\n<ul>\n<li><em>Creencias religiosas y pol\u00edticas en la dictadura franquista<\/em> PDF De la revista Pasado y Memoria de la Universidad de Alicante<\/li>\n<li><em>Las condiciones de vida y laborales durante el primer franquismo. La subsistencia. \u00bfUn problema pol\u00edtico?\u00a0<\/em> De Carme Molinero y Pere Ys\u00e0s<\/li>\n<li>\n<h3 class=\"r\"><a href=\"http:\/\/www.google.es\/url?sa=t&amp;rct=j&amp;q=&amp;esrc=s&amp;source=web&amp;cd=4&amp;ved=0CDMQFjAD&amp;url=http%3A%2F%2Fwww.memoria.cat%2Ffranquisme%2Fes%2Fcontent%2Fla-represion-franquista&amp;ei=-GtGVYL5CIKuUZDIgagH&amp;usg=AFQjCNFGQUAkIAQwdMGZcEg3tdKLKVDeTg&amp;sig2=r_6C98WGwNiHOEVE7FchTA&amp;bvm=bv.92291466,d.d24&amp;cad=rja\">La represi\u00f3n franquista | Franquisme &#8211; Mem\u00f2ria.cat<\/a><\/h3>\n<\/li>\n<\/ul>\n","protected":false},"excerpt":{"rendered":"<p>Bibliograf\u00eda: Creencias religiosas y pol\u00edticas en la dictadura franquista PDF De la revista Pasado y Memoria de la Universidad de Alicante Las condiciones de vida y laborales durante el primer franquismo. La subsistencia. \u00bfUn problema pol\u00edtico?\u00a0 De Carme Molinero y Pere Ys\u00e0s La represi\u00f3n franquista | Franquisme &#8211; Mem\u00f2ria.cat<\/p>\n","protected":false},"author":3743,"featured_media":0,"parent":0,"menu_order":0,"comment_status":"open","ping_status":"open","template":"","meta":{"footnotes":""},"class_list":["post-34","page","type-page","status-publish","hentry"],"_links":{"self":[{"href":"https:\/\/blogs.ua.es\/historiaoral24\/wp-json\/wp\/v2\/pages\/34","targetHints":{"allow":["GET"]}}],"collection":[{"href":"https:\/\/blogs.ua.es\/historiaoral24\/wp-json\/wp\/v2\/pages"}],"about":[{"href":"https:\/\/blogs.ua.es\/historiaoral24\/wp-json\/wp\/v2\/types\/page"}],"author":[{"embeddable":true,"href":"https:\/\/blogs.ua.es\/historiaoral24\/wp-json\/wp\/v2\/users\/3743"}],"replies":[{"embeddable":true,"href":"https:\/\/blogs.ua.es\/historiaoral24\/wp-json\/wp\/v2\/comments?post=34"}],"version-history":[{"count":3,"href":"https:\/\/blogs.ua.es\/historiaoral24\/wp-json\/wp\/v2\/pages\/34\/revisions"}],"predecessor-version":[{"id":60,"href":"https:\/\/blogs.ua.es\/historiaoral24\/wp-json\/wp\/v2\/pages\/34\/revisions\/60"}],"wp:attachment":[{"href":"https:\/\/blogs.ua.es\/historiaoral24\/wp-json\/wp\/v2\/media?parent=34"}],"curies":[{"name":"wp","href":"https:\/\/api.w.org\/{rel}","templated":true}]}}