{"id":38,"date":"2015-04-28T14:46:36","date_gmt":"2015-04-28T14:46:36","guid":{"rendered":"https:\/\/blogs.ua.es\/historiaoral24\/?page_id=38"},"modified":"2015-07-07T10:09:30","modified_gmt":"2015-07-07T10:09:30","slug":"valoracion","status":"publish","type":"page","link":"https:\/\/blogs.ua.es\/historiaoral24\/valoracion\/","title":{"rendered":"Valoraci\u00f3n"},"content":{"rendered":"<p>En un principio, cuando en clase comentaron el proyecto que deb\u00edamos realizar me pareci\u00f3 mala idea por dos razones b\u00e1sicas: En primer lugar, pensaba que nos ocupar\u00eda mucho tiempo y no podriamos organizarnos los estudios correctamente. En segundo lugar, no quer\u00eda realizar la entrevista a ninguna persona debido a que no quer\u00eda recordarle aquellas etapas de su vida, ya que no fueron muy agradables. (Etapas vividas durante el franquismo)<\/p>\n<p>Finalmente agradezco haber realizado dicho trabajo de investigaci\u00f3n porque me han permitido realizar actividades que yo cre\u00eda que no har\u00eda hasta el trabajo de fin de grado como: el salir a la calle, el realizar una entrevista, utilizar tecnlog\u00eda moderna, etc.<\/p>\n<p>Creo que ha sido una buena experiencia tanto para m\u00ed como para mis compa\u00f1eros.<\/p>\n<p>Tambi\u00e9n cabe destacar que \u00a0a sido un trabajo que nos a formado para la realizaci\u00f3n de fuentes orales que considero que es muy importante por que es una fuente que se esta comenzando a desarrollar fuertemente ahora y los historiadores debemos estar formados para exprimirlo al cien por cien.<\/p>\n","protected":false},"excerpt":{"rendered":"<p>En un principio, cuando en clase comentaron el proyecto que deb\u00edamos realizar me pareci\u00f3 mala idea por dos razones b\u00e1sicas: En primer lugar, pensaba que nos ocupar\u00eda mucho tiempo y no podriamos organizarnos los estudios correctamente. En segundo lugar, no quer\u00eda realizar la entrevista a ninguna persona debido a que no quer\u00eda recordarle aquellas etapas [&hellip;]<\/p>\n","protected":false},"author":3743,"featured_media":0,"parent":0,"menu_order":0,"comment_status":"open","ping_status":"open","template":"","meta":{"footnotes":""},"class_list":["post-38","page","type-page","status-publish","hentry"],"_links":{"self":[{"href":"https:\/\/blogs.ua.es\/historiaoral24\/wp-json\/wp\/v2\/pages\/38","targetHints":{"allow":["GET"]}}],"collection":[{"href":"https:\/\/blogs.ua.es\/historiaoral24\/wp-json\/wp\/v2\/pages"}],"about":[{"href":"https:\/\/blogs.ua.es\/historiaoral24\/wp-json\/wp\/v2\/types\/page"}],"author":[{"embeddable":true,"href":"https:\/\/blogs.ua.es\/historiaoral24\/wp-json\/wp\/v2\/users\/3743"}],"replies":[{"embeddable":true,"href":"https:\/\/blogs.ua.es\/historiaoral24\/wp-json\/wp\/v2\/comments?post=38"}],"version-history":[{"count":5,"href":"https:\/\/blogs.ua.es\/historiaoral24\/wp-json\/wp\/v2\/pages\/38\/revisions"}],"predecessor-version":[{"id":88,"href":"https:\/\/blogs.ua.es\/historiaoral24\/wp-json\/wp\/v2\/pages\/38\/revisions\/88"}],"wp:attachment":[{"href":"https:\/\/blogs.ua.es\/historiaoral24\/wp-json\/wp\/v2\/media?parent=38"}],"curies":[{"name":"wp","href":"https:\/\/api.w.org\/{rel}","templated":true}]}}