{"id":68,"date":"2015-01-12T21:38:48","date_gmt":"2015-01-12T21:38:48","guid":{"rendered":"https:\/\/blogs.ua.es\/historiaoral40\/?page_id=68"},"modified":"2015-01-13T01:53:17","modified_gmt":"2015-01-13T01:53:17","slug":"bibliografia","status":"publish","type":"page","link":"https:\/\/blogs.ua.es\/historiaoral40\/bibliografia\/","title":{"rendered":"Bibliograf\u00eda"},"content":{"rendered":"<ul>\n<li>Ar\u00f3stegui, J.; Cardona, G.; Tussel, J. y otros\u00a0(1986).\u00a0<em>La Guerra Civil Espa\u00f1ola<\/em> (24 fasc\u00edculos). Madrid, Historia 16.<\/li>\n<li>Jim\u00e9nez Lucena, I. (1994). <em>El tifus exantem\u00e1tico de la posguerra espa\u00f1ola (1939-1943). El uso de una enfermedad colectiva en la legitimaci\u00f3n del Nuevo Estado.<\/em>\u00a0 \u00a0 &lt;<a href=\"http:\/\/www.raco.cat\/index.php\/Dynamis\/article\/viewFile\/105956\/149961\">http:\/\/www.raco.cat\/index.php\/Dynamis\/article\/viewFile\/105956\/149961<\/a>&gt;\u00a0 [Con acceso el 6\u00a0de diciembre\u00a0de 2014]<\/li>\n<li>Garc\u00eda Gand\u00eda, J.R. (2011).\u00a0<em>Una aproximaci\u00f3n al estudio de la represi\u00f3n de postguerra en Aspe (Alicante).&lt;<a href=\"http:\/\/www.congresovictimasfranquismo.org\/wp-content\/uploads\/2011\/12\/28.-Jos%C3%A9-Ram%C3%B3n-Garc%C3%ADa-Gand%C3%ADa.-La-represion-de-postguerra-en-Aspe.pdf\">http:\/\/www.congresovictimasfranquismo.org\/wp-content\/uploads\/2011\/12\/28.-Jos%C3%A9-Ram%C3%B3n-Garc%C3%ADa-Gand%C3%ADa.-La-represion-de-postguerra-en-Aspe.pdf<\/a>&gt;<\/em> [Con acceso el 6 de diciembre de 2014]<\/li>\n<li>Universidad de Castilla la Mancha.\u00a0<em>La mujer en la dictadura franquista.<\/em>&lt;<a title=\"http:\/\/www.uclm.es\/ab\/humanidades\/mujer_franquismo.pdf\" href=\"http:\/\/www.uclm.es\/ab\/humanidades\/profesores\/descarga\/manuel_ortiz\/mujer_franquismo.pdf\">http:\/\/www.uclm.es\/ab\/humanidades\/mujer_franquismo.pdf<\/a>&gt;\u00a0[Con acceso el 6 de diciembre de 2014]<\/li>\n<li>Memoria.cat. <em>La miseria de la Posguerra<\/em>. &lt;<a href=\"http:\/\/www.memoria.cat\/franquisme\/es\/content\/la-miseria-de-la-posguerra\">http:\/\/www.memoria.cat\/franquisme\/es\/content\/la-miseria-de-la-posguerra<\/a>&gt; [Con acceso el 6 de diciembre de 2014]<\/li>\n<\/ul>\n<p>&nbsp;<\/p>\n","protected":false},"excerpt":{"rendered":"<p>Ar\u00f3stegui, J.; Cardona, G.; Tussel, J. y otros\u00a0(1986).\u00a0La Guerra Civil Espa\u00f1ola (24 fasc\u00edculos). Madrid, Historia 16. Jim\u00e9nez Lucena, I. (1994). El tifus exantem\u00e1tico de la posguerra espa\u00f1ola (1939-1943). El uso de una enfermedad colectiva en la legitimaci\u00f3n del Nuevo Estado.\u00a0 \u00a0 &lt;http:\/\/www.raco.cat\/index.php\/Dynamis\/article\/viewFile\/105956\/149961&gt;\u00a0 [Con acceso el 6\u00a0de diciembre\u00a0de 2014] Garc\u00eda Gand\u00eda, J.R. (2011).\u00a0Una aproximaci\u00f3n al estudio [&hellip;]<\/p>\n","protected":false},"author":3647,"featured_media":0,"parent":0,"menu_order":4,"comment_status":"open","ping_status":"closed","template":"","meta":{"footnotes":""},"class_list":["post-68","page","type-page","status-publish","hentry"],"_links":{"self":[{"href":"https:\/\/blogs.ua.es\/historiaoral40\/wp-json\/wp\/v2\/pages\/68","targetHints":{"allow":["GET"]}}],"collection":[{"href":"https:\/\/blogs.ua.es\/historiaoral40\/wp-json\/wp\/v2\/pages"}],"about":[{"href":"https:\/\/blogs.ua.es\/historiaoral40\/wp-json\/wp\/v2\/types\/page"}],"author":[{"embeddable":true,"href":"https:\/\/blogs.ua.es\/historiaoral40\/wp-json\/wp\/v2\/users\/3647"}],"replies":[{"embeddable":true,"href":"https:\/\/blogs.ua.es\/historiaoral40\/wp-json\/wp\/v2\/comments?post=68"}],"version-history":[{"count":12,"href":"https:\/\/blogs.ua.es\/historiaoral40\/wp-json\/wp\/v2\/pages\/68\/revisions"}],"predecessor-version":[{"id":105,"href":"https:\/\/blogs.ua.es\/historiaoral40\/wp-json\/wp\/v2\/pages\/68\/revisions\/105"}],"wp:attachment":[{"href":"https:\/\/blogs.ua.es\/historiaoral40\/wp-json\/wp\/v2\/media?parent=68"}],"curies":[{"name":"wp","href":"https:\/\/api.w.org\/{rel}","templated":true}]}}