{"id":7,"date":"2014-11-28T09:53:51","date_gmt":"2014-11-28T09:53:51","guid":{"rendered":"https:\/\/blogs.ua.es\/historiaoral40\/?page_id=7"},"modified":"2015-01-12T23:02:35","modified_gmt":"2015-01-12T23:02:35","slug":"presentacion","status":"publish","type":"page","link":"https:\/\/blogs.ua.es\/historiaoral40\/presentacion\/","title":{"rendered":"Presentaci\u00f3n"},"content":{"rendered":"<p>\u00a1Hola!, somos Isabel L\u00f3pez Galva\u00f1 y \u00c1lvaro Mar\u00edn Villodre, alumnos de la Universidad de Alicante.<\/p>\n<p>Actualmente cursamos el primer a\u00f1o del grado de Historia en la Facultad de Filosof\u00eda y Letras de la UA, y esto es un blog en el cual llevaremos a cabo un trabajo de la asignatura <em>Fuentes y Documentos para la Historia<\/em>.<\/p>\n<p>Dicho trabajo consistir\u00e1 en estudiar los \u00faltimos a\u00f1os de la dictadura franquista y los primeros a\u00f1os de la transici\u00f3n, mediante una serie de entrevistas realizadas a distintas personas que vivieron durante ambos per\u00edodos de la historia de Espa\u00f1a.<\/p>\n<p>\u00a1Saludos!<\/p>\n","protected":false},"excerpt":{"rendered":"<p>\u00a1Hola!, somos Isabel L\u00f3pez Galva\u00f1 y \u00c1lvaro Mar\u00edn Villodre, alumnos de la Universidad de Alicante. Actualmente cursamos el primer a\u00f1o del grado de Historia en la Facultad de Filosof\u00eda y Letras de la UA, y esto es un blog en el cual llevaremos a cabo un trabajo de la asignatura Fuentes y Documentos para la [&hellip;]<\/p>\n","protected":false},"author":3611,"featured_media":0,"parent":0,"menu_order":0,"comment_status":"open","ping_status":"open","template":"","meta":{"footnotes":""},"class_list":["post-7","page","type-page","status-publish","hentry"],"_links":{"self":[{"href":"https:\/\/blogs.ua.es\/historiaoral40\/wp-json\/wp\/v2\/pages\/7","targetHints":{"allow":["GET"]}}],"collection":[{"href":"https:\/\/blogs.ua.es\/historiaoral40\/wp-json\/wp\/v2\/pages"}],"about":[{"href":"https:\/\/blogs.ua.es\/historiaoral40\/wp-json\/wp\/v2\/types\/page"}],"author":[{"embeddable":true,"href":"https:\/\/blogs.ua.es\/historiaoral40\/wp-json\/wp\/v2\/users\/3611"}],"replies":[{"embeddable":true,"href":"https:\/\/blogs.ua.es\/historiaoral40\/wp-json\/wp\/v2\/comments?post=7"}],"version-history":[{"count":2,"href":"https:\/\/blogs.ua.es\/historiaoral40\/wp-json\/wp\/v2\/pages\/7\/revisions"}],"predecessor-version":[{"id":17,"href":"https:\/\/blogs.ua.es\/historiaoral40\/wp-json\/wp\/v2\/pages\/7\/revisions\/17"}],"wp:attachment":[{"href":"https:\/\/blogs.ua.es\/historiaoral40\/wp-json\/wp\/v2\/media?parent=7"}],"curies":[{"name":"wp","href":"https:\/\/api.w.org\/{rel}","templated":true}]}}