{"id":71,"date":"2015-01-12T21:43:16","date_gmt":"2015-01-12T21:43:16","guid":{"rendered":"https:\/\/blogs.ua.es\/historiaoral40\/?page_id=71"},"modified":"2015-01-13T00:53:50","modified_gmt":"2015-01-13T00:53:50","slug":"metodologia","status":"publish","type":"page","link":"https:\/\/blogs.ua.es\/historiaoral40\/metodologia\/","title":{"rendered":"Metodolog\u00eda"},"content":{"rendered":"<p><strong>Isabel L\u00f3pez Galva\u00f1:<\/strong>\u00a0Para la realizaci\u00f3n de esta investigaci\u00f3n hist\u00f3rica a trav\u00e9s de la transmisi\u00f3n oral de experiencias vividas por diversas personas, primeramente realic\u00e9 una peque\u00f1a toma de contacto con varios individuos\u00a0de mi entorno para conocer todo lo que me pod\u00edan contar sobre las etapas de nuestra historia que ocupan este\u00a0estudio. \u00a0Seguidamente, de las personas que no ten\u00edan ning\u00fan problema en formar parte del trabajo, escog\u00ed a tres que adem\u00e1s, seg\u00fan mi parecer, eran las que m\u00e1s cosas interesantes recordaban para poder explicar. De esta manera, concretamos una fecha para la producci\u00f3n de la entrevista.<\/p>\n<p>Los d\u00edas previos a la entrevista realic\u00e9 una b\u00fasqueda bibliogr\u00e1fica en diversas fuentes, tanto digitales como en papel, para poder preparar una serie de preguntas a realizar, algunas de ellas espec\u00edficas para cada uno de los entrevistados. <\/p>\n<p>El d\u00eda de hacer la entrevista (cada una en d\u00edas diferentes), inicialmente procedimos a firmar las autorizaciones para la grabaci\u00f3n y difusi\u00f3n de la entrevista. Despu\u00e9s, la c\u00e1mara de v\u00eddeo comenz\u00f3 a grabar y la persona entrevistada se present\u00f3. Tras ello, comenc\u00e9 a realizar cada una de las preguntas que hab\u00eda preparado y el entrevistado las iba respondiendo en base a sus experiencias. <\/p>\n<p>Estando muy agradecida por la colaboraci\u00f3n de los entrevistados, mont\u00e9 y edit\u00e9 los v\u00eddeos a\u00f1adiendo las preguntas solo con grafismos en pantalla, con el fin de no quitar protagonismo a las personas transmisoras de las informaciones recopiladas. Tambi\u00e9n, aunque en menor medida, tuve que eliminar algunas escenas con informaci\u00f3n irrelevante o repetida varias veces (sobretodo de los entrevistados de edad avanzada). Pero siempre intentando no alterar la estructura de tal y como se fue sucediendo la entrevista, de forma que en algunas ocasiones se comprueba que los entrevistados mezclan cosas acontecidas en periodos de tiempo diferentes o no contestan exactamente a lo que se les pregunta. Para terminar, sub\u00ed los v\u00eddeos a internet y elabor\u00e9 las entradas en nuestro blog.<\/p>\n<p><strong>\u00c1lvaro Mar\u00edn Villodre:<\/strong> En primer lugar eleg\u00ed a los entrevistados, los cu\u00e1les ya conoc\u00eda, para poder hacer la entrevista m\u00e1s amena y con mayor confianza. Una vez establecimos en com\u00fan los temas que eran m\u00e1s adecuados para hablar, proced\u00ed a formular una serie de preguntas de tal manera que la entrevista diera respuesta a las preguntas que flotan en torno a esos a\u00f1os en Espa\u00f1a, y qu\u00e9 mejor que hacerlo con personas que vivieron dicho per\u00edodo.<br \/>\nUna vez grab\u00e9 las entrevistas, edit\u00e9 los v\u00eddeos, prepar\u00e9 el contenido que los acompa\u00f1ar\u00eda en las entradas del blog y los sub\u00ed a Internet, a la vez que preparaba las entradas.<\/p>\n","protected":false},"excerpt":{"rendered":"<p>Isabel L\u00f3pez Galva\u00f1:\u00a0Para la realizaci\u00f3n de esta investigaci\u00f3n hist\u00f3rica a trav\u00e9s de la transmisi\u00f3n oral de experiencias vividas por diversas personas, primeramente realic\u00e9 una peque\u00f1a toma de contacto con varios individuos\u00a0de mi entorno para conocer todo lo que me pod\u00edan contar sobre las etapas de nuestra historia que ocupan este\u00a0estudio. \u00a0Seguidamente, de las personas que [&hellip;]<\/p>\n","protected":false},"author":3611,"featured_media":0,"parent":0,"menu_order":1,"comment_status":"open","ping_status":"open","template":"","meta":{"footnotes":""},"class_list":["post-71","page","type-page","status-publish","hentry"],"_links":{"self":[{"href":"https:\/\/blogs.ua.es\/historiaoral40\/wp-json\/wp\/v2\/pages\/71","targetHints":{"allow":["GET"]}}],"collection":[{"href":"https:\/\/blogs.ua.es\/historiaoral40\/wp-json\/wp\/v2\/pages"}],"about":[{"href":"https:\/\/blogs.ua.es\/historiaoral40\/wp-json\/wp\/v2\/types\/page"}],"author":[{"embeddable":true,"href":"https:\/\/blogs.ua.es\/historiaoral40\/wp-json\/wp\/v2\/users\/3611"}],"replies":[{"embeddable":true,"href":"https:\/\/blogs.ua.es\/historiaoral40\/wp-json\/wp\/v2\/comments?post=71"}],"version-history":[{"count":5,"href":"https:\/\/blogs.ua.es\/historiaoral40\/wp-json\/wp\/v2\/pages\/71\/revisions"}],"predecessor-version":[{"id":94,"href":"https:\/\/blogs.ua.es\/historiaoral40\/wp-json\/wp\/v2\/pages\/71\/revisions\/94"}],"wp:attachment":[{"href":"https:\/\/blogs.ua.es\/historiaoral40\/wp-json\/wp\/v2\/media?parent=71"}],"curies":[{"name":"wp","href":"https:\/\/api.w.org\/{rel}","templated":true}]}}