{"id":76,"date":"2015-01-12T21:48:22","date_gmt":"2015-01-12T21:48:22","guid":{"rendered":"https:\/\/blogs.ua.es\/historiaoral40\/?page_id=76"},"modified":"2015-01-12T23:03:24","modified_gmt":"2015-01-12T23:03:24","slug":"valoracion","status":"publish","type":"page","link":"https:\/\/blogs.ua.es\/historiaoral40\/valoracion\/","title":{"rendered":"Valoraci\u00f3n"},"content":{"rendered":"<p><strong>Isabel L\u00f3pez Galva\u00f1:<\/strong> La propuesta de realizaci\u00f3n de este trabajo me ha parecido muy acertado, puesto que la investigaci\u00f3n de acontecimientos hist\u00f3ricos por medio del uso de  la historia oral, por desgracia, no es habitual. Es por ello que considero importante dar valor a estos m\u00e9todos de estudio y apreciar que esas personas est\u00e1n hoy aqu\u00ed para darnos su experiencia pero no siempre van a estar, y al igual que ocurre con un yacimiento arqueol\u00f3gico, la informaci\u00f3n que no recopilemos hoy con la ayuda de estas personas ma\u00f1ana ya no podr\u00e1 ser recuperada. En cuanto a mi \u00e1mbito personal, este trabajo ha contribuido a aumentar mi visi\u00f3n del pasado de nuestro pa\u00eds, y por consiguiente la de nuestro presente, as\u00ed como valorar las vivencias de estas personas que en numerosos aspectos tuvieron una vida m\u00e1s dura que la que hoy en d\u00eda tenemos.<\/p>\n<p><strong>\u00c1lvaro Mar\u00edn Villodre:<\/strong> El trabajo me ha parecido, personalmente, de gran utilidad. No hay mejor manera de conocer los eventos que tuvieron lugar hace unos a\u00f1os en Espa\u00f1a que entrevistando a las personas que, en menor o mayor medida, fueron protagonistas de uno de los per\u00edodos m\u00e1s importantes en la historia de nuestra naci\u00f3n.<br \/>\nHe de decir tambi\u00e9n que fuera de c\u00e1maras ampli\u00e9 la conversaci\u00f3n (pues dej\u00f3 de ser entrevista) con los correspondientes entrevistados, algo que me ha servido mucho a la hora de pensar en los sucesos que hoy en d\u00eda azotan Espa\u00f1a, aparte de ampliar culturalmente lo que conozco de aquellos a\u00f1os con una conversaci\u00f3n m\u00e1s amistosa.<br \/>\nHa sido un trabajo muy placentero e interesante, aunque quiz\u00e1s deber\u00edamos haber entregado el trabajo antes de los ex\u00e1menes.<\/p>\n","protected":false},"excerpt":{"rendered":"<p>Isabel L\u00f3pez Galva\u00f1: La propuesta de realizaci\u00f3n de este trabajo me ha parecido muy acertado, puesto que la investigaci\u00f3n de acontecimientos hist\u00f3ricos por medio del uso de la historia oral, por desgracia, no es habitual. Es por ello que considero importante dar valor a estos m\u00e9todos de estudio y apreciar que esas personas est\u00e1n hoy [&hellip;]<\/p>\n","protected":false},"author":3611,"featured_media":0,"parent":0,"menu_order":3,"comment_status":"open","ping_status":"open","template":"","meta":{"footnotes":""},"class_list":["post-76","page","type-page","status-publish","hentry"],"_links":{"self":[{"href":"https:\/\/blogs.ua.es\/historiaoral40\/wp-json\/wp\/v2\/pages\/76","targetHints":{"allow":["GET"]}}],"collection":[{"href":"https:\/\/blogs.ua.es\/historiaoral40\/wp-json\/wp\/v2\/pages"}],"about":[{"href":"https:\/\/blogs.ua.es\/historiaoral40\/wp-json\/wp\/v2\/types\/page"}],"author":[{"embeddable":true,"href":"https:\/\/blogs.ua.es\/historiaoral40\/wp-json\/wp\/v2\/users\/3611"}],"replies":[{"embeddable":true,"href":"https:\/\/blogs.ua.es\/historiaoral40\/wp-json\/wp\/v2\/comments?post=76"}],"version-history":[{"count":3,"href":"https:\/\/blogs.ua.es\/historiaoral40\/wp-json\/wp\/v2\/pages\/76\/revisions"}],"predecessor-version":[{"id":86,"href":"https:\/\/blogs.ua.es\/historiaoral40\/wp-json\/wp\/v2\/pages\/76\/revisions\/86"}],"wp:attachment":[{"href":"https:\/\/blogs.ua.es\/historiaoral40\/wp-json\/wp\/v2\/media?parent=76"}],"curies":[{"name":"wp","href":"https:\/\/api.w.org\/{rel}","templated":true}]}}