{"id":19,"date":"2014-12-10T19:49:21","date_gmt":"2014-12-10T19:49:21","guid":{"rendered":"https:\/\/blogs.ua.es\/historiaoral54\/?page_id=19"},"modified":"2015-01-12T23:08:59","modified_gmt":"2015-01-12T23:08:59","slug":"metodologia","status":"publish","type":"page","link":"https:\/\/blogs.ua.es\/historiaoral54\/metodologia\/","title":{"rendered":"Metodolog\u00eda"},"content":{"rendered":"<p style=\"text-align: justify\">En esta secci\u00f3n explicaremos la metodolog\u00eda que hemos seguido a la hora de realizar el siguiente blog. Para la bibliograf\u00eda, hemos seguido la norma ISO-690 y todos nuestros recursos bibliogr\u00e1ficos estar\u00e1n referenciados de acuerdo con ella. Puede consultarse los recursos empleados en la p\u00e1gina de Bibliograf\u00eda. Paralelamente, hemos creado un canal de Youtube donde subimos todas las entrevistas, y, una vez hecho eso, las embebemos en el blog. En lo referente a la tem\u00e1tica, hemos tenido la idea inicial de orientar la totalidad de este blog en torno a las minor\u00edas que sufrieron especialmente la crueldad del r\u00e9gimen. Inicialmente, consideramos que fuesen en concreto cuatro: mujeres, homosexuales, sospechosos de insurgencia pol\u00edtica y personas de etnia gitana. Desgraciadamente, la dificultad para encontrar hablantes de las categor\u00edas mencionadas ha llevado a un enfoque m\u00e1s aperturista donde lo que buscamos ahora es denunciar la desigualdad del Franquismo a trav\u00e9s del testimonio de personas diversas, que vivieron situaciones diversas pero todas ellas duras o especialmente injustas.<\/p>\n<p style=\"text-align: justify\">Por lo que se refiere a las fuentes, consultamos fuentes de diversos tipos, pero principalmente dos: fuentes orales, y fuentes documentales. En primer lugar, solemos acceder a informaci\u00f3n por escrito para documentarnos sobre el tema que queremos tratar. Luego, despu\u00e9s de leer la informaci\u00f3n, elaboramos un guion de preguntas que queremos ir abordando en las entrevistas a las fuentes orales. A continuaci\u00f3n, grabamos la entrevista en audio o v\u00eddeo, y luego la editamos, seleccionando los fragmentos que m\u00e1s nos hayan impactado de la informaci\u00f3n. Las entrevistas suelen durar entre 25 y 40 min, y tras la edici\u00f3n final conseguimos un v\u00eddeo de entre 5-6 min. Para escribir una entrada, facilitamos los datos del entrevistado &#8211; cosa que no haremos si en alg\u00fan momento alguno de los mismos quiere permanecer en el anonimato &#8211; y comentamos brevemente la entrevista. A continuaci\u00f3n, y como ya hemos explicado, embebemos el v\u00eddeo subido al canal de youtube. Por \u00faltimo, actualizamos las p\u00e1ginas que lo requieran, ya sea aportando la nueva informaci\u00f3n consultada para la labor de documentaci\u00f3n previa, o esta misma p\u00e1gina, donde hemos anotado cronol\u00f3gicamente nuestros progresos y que vamos actualizando conforme vamos generando m\u00e1s contenido.<\/p>\n<p style=\"text-align: justify\"><strong><span style=\"color: #ff0000\">CRONOLOG\u00cdA<\/span><\/strong><\/p>\n<p style=\"text-align: justify\"><strong>Jueves, 11\/12\/2014: <\/strong>El jueves nos dedicamos a la b\u00fasqueda de bibliograf\u00eda \u00fatil, en la Universidad. Hicimos una breve recopilaci\u00f3n que posteriormente leer\u00edamos.<\/p>\n<p style=\"text-align: justify\"><strong>S\u00e1bado 13\/1272014:<\/strong> El s\u00e1bado por la ma\u00f1ana y durante buena parte de la tarde nos dedicamos a la lectura del contenido obtenido el jueves, as\u00ed como de los materiales preparatorios para orientar debidamente la entrevista. Esa misma tarde, entrevistamos a nuestra primera voluntaria: Augusta. Posteriormente, comenzamos con la edici\u00f3n del v\u00eddeo de la entrevista.<\/p>\n<p style=\"text-align: justify\"><strong>Domingo 14\/12\/2014:<\/strong> El domingo terminamos la edici\u00f3n del v\u00eddeo, lo subimos a Youtube, y preparamos la entrada siguiendo los pasos acordados con los profesores.<\/p>\n<p style=\"text-align: justify\"><strong>Mi\u00e9rcoles 17\/12\/2014:<\/strong> El mi\u00e9rcoles grabamos la entrevista de Lourdes.<\/p>\n<p style=\"text-align: justify\"><strong>Jueves 18\/12\/2014: <\/strong>El jueves comenzamos con la edici\u00f3n del v\u00eddeo resultante, y volvimos a mirar los cap\u00edtulos de G\u00f3mez-Ferrer Morant para repasar la informaci\u00f3n que ten\u00edamos sobre aquel periodo.<\/p>\n<p style=\"text-align: justify\"><strong>Lunes 22\/12\/2014:<\/strong> El lunes terminamos la edici\u00f3n del v\u00eddeo y lo subimos a Youtube. Por otro lado, preparamos la entrada. Desgraciadamente, hubo un problema t\u00e9cnico con la p\u00e1gina y no pudimos subirla, as\u00ed que lo pospusimos para el martes.<\/p>\n<p style=\"text-align: justify\"><strong>Martes 23\/12\/2014: <\/strong>Publicamos la entrevista de Lourdes, y actualizamos la p\u00e1gina de Metodolog\u00eda.<\/p>\n<p style=\"text-align: justify\"><strong>Domingo 28\/12\/2014:\u00a0<\/strong>Hemos buscado buscado material para las entrevistas, y en los pr\u00f3ximos d\u00edas se realizar\u00e1n las siguientes entrevistas, a Mar\u00eda Isabel y a Alfonso.<\/p>\n<p style=\"text-align: justify\"><strong>Lunes 29\/12\/2014:<\/strong> Hemos buscado material para preparar la entrevista siguiente, a Narc\u00eds, que grabaremos ma\u00f1ana martes. Por el momento, hemos le\u00eddo dos art\u00edculos que incorporaremos a la bibliograf\u00eda comentada una vez hayamos realizado y subido la entrevista.<\/p>\n<p style=\"text-align: justify\">\u00a0<strong>Martes 30\/12\/2014:<\/strong> Hoy hemos grabado la entrevista con Narc\u00eds. Le pedimos hacerla en un lugar donde \u00e9l se sintiese c\u00f3modo, y nos ha subido a una peque\u00f1a colina en el Castillo de Santa B\u00e1rbara, que le recuerda a su Barcelona natal. All\u00ed hemos grabado el v\u00eddeo. Luego, lo hemos editado.<\/p>\n<p style=\"text-align: justify\"><strong>Mi\u00e9rcoles 31\/12\/2014:<\/strong> Hoy hemos enviado la autorizaci\u00f3n de la entrevista al profesor responsable de la asignatura, hemos subido el v\u00eddeo a nuestro canal de youtube, y hemos escrito una nueva entrada. Finalmente, hemos actualizado la bibliograf\u00eda comentada y el apartado de metodolog\u00eda con el trabajo realizado estos d\u00edas.<\/p>\n<p style=\"text-align: justify\"><strong>Lunes 5\/01\/2015: <\/strong>Hoy hemos contactado con la nueva entrevistada, y hemos comenzado el proceso de documentaci\u00f3n previo a la realizaci\u00f3n de la pr\u00f3xima entrevista.<\/p>\n<p style=\"text-align: justify\"><strong>Mi\u00e9rcoles 7\/01\/2015:<\/strong> Hoy hemos terminado el proceso de documentaci\u00f3n de la entrevista de Carmen y nos hemos preparado el guion. Tambi\u00e9n hemos acudido a grabar tres entrevistas: la de Carmen, de Alfonso y la de Mar\u00eda Isabel. Las primeras nos han pedido que la grabemos solamente en audio, por lo que hemos insertado im\u00e1genes en la edici\u00f3n final. Tras la entrevista de Carmen, hemos editado el v\u00eddeo.<\/p>\n<p style=\"text-align: justify\"><strong>Jueves 8\/01\/2015:<\/strong> Hoy hemos enviado la autorizaci\u00f3n de Carmen al profesor de la asignatura, hemos subido el v\u00eddeo a Internet y hemos redactado la entrada, y por \u00faltimo hemos actualizado todas las p\u00e1ginas del blog en relaci\u00f3n con los nuevos contenidos que hemos manejado.<\/p>\n<p style=\"text-align: justify\"><strong>Viernes 9\/01\/2015:<\/strong> Hoy hemos editado la entrevista de Mar\u00eda Isabel. Una vez subido el v\u00eddeo a youtube, preparamos la entrada y lo dejamos todo listo para subirla.<\/p>\n<p style=\"text-align: justify\"><strong>Lunes 12\/01\/2015:\u00a0<\/strong>Hoy hemos subido la entrevista de Mar\u00eda Isabel, y editado y subido la de Alfonso. Del mismo modo, hemos actualizado de nuevo la p\u00e1gina con las nuevas referencias bibliogr\u00e1ficas que hemos consultado para estas dos entrevista.<\/p>\n<p style=\"text-align: justify\"><strong>Martes 13\/01\/2015:<\/strong> Esta ser\u00e1 la \u00faltima anotaci\u00f3n en este diario digital. Hemos rellenado la \u00faltima p\u00e1gina del blog con nuestras opiniones personales acerca del proyecto.<\/p>\n","protected":false},"excerpt":{"rendered":"<p>En esta secci\u00f3n explicaremos la metodolog\u00eda que hemos seguido a la hora de realizar el siguiente blog. Para la bibliograf\u00eda, hemos seguido la norma ISO-690 y todos nuestros recursos bibliogr\u00e1ficos estar\u00e1n referenciados de acuerdo con ella. Puede consultarse los recursos &hellip; <a href=\"https:\/\/blogs.ua.es\/historiaoral54\/metodologia\/\">Continue reading <span class=\"meta-nav\">&rarr;<\/span><\/a><\/p>\n","protected":false},"author":3659,"featured_media":0,"parent":0,"menu_order":0,"comment_status":"open","ping_status":"open","template":"","meta":{"footnotes":""},"class_list":["post-19","page","type-page","status-publish","hentry"],"_links":{"self":[{"href":"https:\/\/blogs.ua.es\/historiaoral54\/wp-json\/wp\/v2\/pages\/19","targetHints":{"allow":["GET"]}}],"collection":[{"href":"https:\/\/blogs.ua.es\/historiaoral54\/wp-json\/wp\/v2\/pages"}],"about":[{"href":"https:\/\/blogs.ua.es\/historiaoral54\/wp-json\/wp\/v2\/types\/page"}],"author":[{"embeddable":true,"href":"https:\/\/blogs.ua.es\/historiaoral54\/wp-json\/wp\/v2\/users\/3659"}],"replies":[{"embeddable":true,"href":"https:\/\/blogs.ua.es\/historiaoral54\/wp-json\/wp\/v2\/comments?post=19"}],"version-history":[{"count":19,"href":"https:\/\/blogs.ua.es\/historiaoral54\/wp-json\/wp\/v2\/pages\/19\/revisions"}],"predecessor-version":[{"id":127,"href":"https:\/\/blogs.ua.es\/historiaoral54\/wp-json\/wp\/v2\/pages\/19\/revisions\/127"}],"wp:attachment":[{"href":"https:\/\/blogs.ua.es\/historiaoral54\/wp-json\/wp\/v2\/media?parent=19"}],"curies":[{"name":"wp","href":"https:\/\/api.w.org\/{rel}","templated":true}]}}