{"id":8,"date":"2014-11-28T15:21:40","date_gmt":"2014-11-28T15:21:40","guid":{"rendered":"https:\/\/blogs.ua.es\/historiaoral54\/?page_id=8"},"modified":"2014-12-30T03:22:33","modified_gmt":"2014-12-30T03:22:33","slug":"presentacion","status":"publish","type":"page","link":"https:\/\/blogs.ua.es\/historiaoral54\/presentacion\/","title":{"rendered":"Presentaci\u00f3n"},"content":{"rendered":"<p style=\"text-align: justify\">Somos Manuel Santana y Daniel Arranz, estudiantes de Humanidades e Historia de la Universidad de Alicante. Este blog es un trabajo de Historia Oral, para la asignatura de Fuentes y Documentos para la Historia.<\/p>\n<p style=\"text-align: justify\"><strong>Lo que consideramos acerca de la Historia<\/strong><\/p>\n<p style=\"text-align: justify\">La historia como ciencia se corresponde con la necesidad de las sociedades por conocer sus or\u00edgenes y su pasado, y c\u00f3mo este influencia su presente. En general, esta tendencia se puede ver a nivel individual: todos necesitamos conocer de d\u00f3nde venimos, cu\u00e1les son nuestros or\u00edgenes. Pues bien, las sociedades tambi\u00e9n tienen esta necesidad. Cuando una sociedad no conoce su pasado, se lo inventa y vive acorde con aquello que se ha inventado.<\/p>\n<p style=\"text-align: justify\">Sin embargo, para las sociedades urbanizadas conocer su historia resulta una herramienta fundamental, y por eso hemos emprendido este proyecto: no ser\u00eda justo ni sabio olvidar una etapa que, aunque fue dur\u00edsima e injusta para una gran mayor\u00eda, es tambi\u00e9n, sin duda alguna, importante y duradera en nuestra historia nacional del \u00faltimo siglo. Este proyecto pretende dar voz a aquellos que no la tuvieron, para que recordemos de forma bien clara algo tan esencial como nuestro pasado.<\/p>\n","protected":false},"excerpt":{"rendered":"<p>Somos Manuel Santana y Daniel Arranz, estudiantes de Humanidades e Historia de la Universidad de Alicante. Este blog es un trabajo de Historia Oral, para la asignatura de Fuentes y Documentos para la Historia. Lo que consideramos acerca de la &hellip; <a href=\"https:\/\/blogs.ua.es\/historiaoral54\/presentacion\/\">Continue reading <span class=\"meta-nav\">&rarr;<\/span><\/a><\/p>\n","protected":false},"author":3659,"featured_media":0,"parent":0,"menu_order":0,"comment_status":"open","ping_status":"open","template":"","meta":{"footnotes":""},"class_list":["post-8","page","type-page","status-publish","hentry"],"_links":{"self":[{"href":"https:\/\/blogs.ua.es\/historiaoral54\/wp-json\/wp\/v2\/pages\/8","targetHints":{"allow":["GET"]}}],"collection":[{"href":"https:\/\/blogs.ua.es\/historiaoral54\/wp-json\/wp\/v2\/pages"}],"about":[{"href":"https:\/\/blogs.ua.es\/historiaoral54\/wp-json\/wp\/v2\/types\/page"}],"author":[{"embeddable":true,"href":"https:\/\/blogs.ua.es\/historiaoral54\/wp-json\/wp\/v2\/users\/3659"}],"replies":[{"embeddable":true,"href":"https:\/\/blogs.ua.es\/historiaoral54\/wp-json\/wp\/v2\/comments?post=8"}],"version-history":[{"count":4,"href":"https:\/\/blogs.ua.es\/historiaoral54\/wp-json\/wp\/v2\/pages\/8\/revisions"}],"predecessor-version":[{"id":56,"href":"https:\/\/blogs.ua.es\/historiaoral54\/wp-json\/wp\/v2\/pages\/8\/revisions\/56"}],"wp:attachment":[{"href":"https:\/\/blogs.ua.es\/historiaoral54\/wp-json\/wp\/v2\/media?parent=8"}],"curies":[{"name":"wp","href":"https:\/\/api.w.org\/{rel}","templated":true}]}}