{"id":48,"date":"2014-12-26T12:41:22","date_gmt":"2014-12-26T12:41:22","guid":{"rendered":"https:\/\/blogs.ua.es\/historiaoral97\/?page_id=48"},"modified":"2014-12-26T15:42:08","modified_gmt":"2014-12-26T15:42:08","slug":"bibliografia","status":"publish","type":"page","link":"https:\/\/blogs.ua.es\/historiaoral97\/bibliografia\/","title":{"rendered":"Bibliograf\u00eda"},"content":{"rendered":"<p>NIELFA CRIST\u00d3BAL, Gloria.\u00a0<em>Mujeres y hombres en la Espa\u00f1a franquista: sociedad, econom\u00eda, pol\u00edtica, cultura. <\/em>Edici\u00f3n Ilustrada.\u00a0Editorial Complutense, (2003). 303p. ISBN:\u00a0847491745X, 9788474917451.<\/p>\n<p>El papel asim\u00e9trico de mujeres y hombres en la sociedad se manifiesta tanto en el plano pol\u00edtico como en el ideol\u00f3gico, en las construcciones simb\u00f3licas, las actividades econ\u00f3micas, el panorama educativo o el marco legal. Pero la evoluci\u00f3n hist\u00f3rica de estas diferencias no es lineal, sino que se experimentan avances y retrocesos en funci\u00f3n de distintos factores.\u00a0El objetivo de este libro es realizar un an\u00e1lisis de las relaciones de g\u00e9nero que se desarrollan en la sociedad espa\u00f1ola durante la etapa franquista, con una mirada interdisciplinar, desde la historia, la sociolog\u00eda, la antropolog\u00eda y la literatura, y prestar atenci\u00f3n al mismo tiempo a los factores de pervivencia y de cambio. Nos acercamos as\u00ed a un aspecto fundamental, cuyo estudio contribuye a enriquecer la visi\u00f3n de este periodo de nuestra historia reciente.<\/p>\n<p>Represi\u00f3n Franquista.\u00a0<em>Wikipedia: la Enciclopedia Libre<\/em> [en l\u00ednea]. 26 de diciembre 2014\u00a013:05 [consulta: 28 diciembre\u00a02014]. Disponible\u00a0en: http:\/\/es.wikipedia.org\/wiki\/Represi%C3%B3n_franquista<\/p>\n<p>La represi\u00f3n franquista se refiere al largo proceso de violencia f\u00edsica, econ\u00f3mica, pol\u00edtica y cultural que sufrieron durante\u00a0la guerra civil espa\u00f1ola\u00a0los partidarios del bando republicano\u00a0en la zona sublevada,\u00a0y durante la posguerra y r\u00e9gimen de franco\u00a0los perdedores de la Guerra Civil -los republicanos-, quienes les apoyaban o pod\u00edan apoyarles, los que eran denunciados como antifranquistas -lo fueran o no-, as\u00ed como posteriormente los miembros de organizaciones pol\u00edticas, sindicales y en general quienes no estaba de acuerdo con la existencia de la dictadura franquista, manifestaban su oposici\u00f3n al mismo y quienes constitu\u00edan o pod\u00edan constituir un peligro para el mismo.<\/p>\n<p>PAYNE, Stanley.\u00a0<i>El primer franquismo, 1939-1959<\/i>. Temas de Hoy, Madrid. (1997). ISBN: 84-7679-32-1.<\/p>\n<p>La Historia de Espa\u00f1a en los a\u00f1os que siguieron a la guerra civil fue un\u00a0per\u00edodo que comenz\u00f3 con la peor etapa de la Historia de este pa\u00eds en el siglo XX, una etapa de fuerte represi\u00f3n\u00a0y sufrimiento, de d\u00e9bil producci\u00f3n econ\u00f3mica\u00a0y de enorme escasez de alimentos. A esto hay que a\u00f1adir el inminente estallido de la II Guerra Mundial.<br \/>\nLa total victoria de Franco\u00a0dio el poder absoluto a una dictadura muy represiva y, durante muchos a\u00f1os, dispuesta a mantener la distinci\u00f3n entre vencedores y vencidos y en construir un r\u00e9gimen autoritario basado en una pol\u00edtica econ\u00f3mica muy controlada. Esta pol\u00edtica estatal, orientada hacia los poderes del Eje, har\u00eda imposible la recuperaci\u00f3n econ\u00f3mica hasta el final de la II Guerra Mundial.<\/p>\n<p>Cartilla de racionamiento (a\u00f1os de la postguerra).\u00a0<em>Cosas de espinosa de Cerrato\u00a0<\/em>[en l\u00ednea]. 26 de diciembre 2014 12:00 [consulta: 28 diciembre 2014]. Disponible en:\u00a0http:\/\/espinosacerrato.blogspot.com.es\/2012\/04\/cartilla-de-racionamiento.html<\/p>\n<p>Las cartillas de \u00a0racionamiento surgieron en el a\u00f1o 39 como ayuda b\u00e1sica para las familias de la posguerra. El Auxilio Social era el que se encargaba de repartir los alimentos en cada municipio y se distribu\u00edan alimentos fundamentales como arroz, az\u00facar, aceite o legumbres. Tras una etapa de crecimiento de la econom\u00eda, las cartillas de racionamiento fueron retiradas en el a\u00f1o 1952.<\/p>\n<p>Dictadura de Francisco Franco.\u00a0<em>Wikipedia: la Enciclopedia Libre\u00a0<\/em>[en l\u00ednea]. 26 de diciembre 2014 10:45 [consulta: 28 diciembre 2014]. Disponible en:\u00a0http:\/\/es.wikipedia.org\/wiki\/Dictadura_de_Francisco_Franco<\/p>\n<p>Se conoce como \u00a0la dictadura franquista\u00a0al periodo de la historia de Espa\u00f1a\u00a0correspondiente con el ejercicio del general Francisco Franco Bahamonde\u00a0o <i>el Caudillo<\/i>; Franco estableci\u00f3 en Espa\u00f1a una dictadura fascista, en sus primeros a\u00f1os de car\u00e1cter aut\u00e1rquica,esto es, desde la Guerra Civil Espa\u00f1ola (1936-1939), hasta su muerte y sucesi\u00f3n en 1975.<span style=\"font-size: 12px;line-height: 0px\">\u00a0<\/span><\/p>\n","protected":false},"excerpt":{"rendered":"<p>NIELFA CRIST\u00d3BAL, Gloria.\u00a0Mujeres y hombres en la Espa\u00f1a franquista: sociedad, econom\u00eda, pol\u00edtica, cultura. Edici\u00f3n Ilustrada.\u00a0Editorial Complutense, (2003). 303p. ISBN:\u00a0847491745X, 9788474917451. El papel asim\u00e9trico de mujeres y hombres en la sociedad se manifiesta tanto en el plano pol\u00edtico como en el ideol\u00f3gico, en las construcciones simb\u00f3licas, las actividades econ\u00f3micas, el panorama educativo o el marco legal. &hellip; <a href=\"https:\/\/blogs.ua.es\/historiaoral97\/bibliografia\/\" class=\"more-link\">Continue reading <span class=\"screen-reader-text\">Bibliograf\u00eda<\/span> <span class=\"meta-nav\">&rarr;<\/span><\/a><\/p>\n","protected":false},"author":3680,"featured_media":0,"parent":0,"menu_order":0,"comment_status":"open","ping_status":"open","template":"","meta":{"footnotes":""},"class_list":["post-48","page","type-page","status-publish","hentry"],"_links":{"self":[{"href":"https:\/\/blogs.ua.es\/historiaoral97\/wp-json\/wp\/v2\/pages\/48","targetHints":{"allow":["GET"]}}],"collection":[{"href":"https:\/\/blogs.ua.es\/historiaoral97\/wp-json\/wp\/v2\/pages"}],"about":[{"href":"https:\/\/blogs.ua.es\/historiaoral97\/wp-json\/wp\/v2\/types\/page"}],"author":[{"embeddable":true,"href":"https:\/\/blogs.ua.es\/historiaoral97\/wp-json\/wp\/v2\/users\/3680"}],"replies":[{"embeddable":true,"href":"https:\/\/blogs.ua.es\/historiaoral97\/wp-json\/wp\/v2\/comments?post=48"}],"version-history":[{"count":9,"href":"https:\/\/blogs.ua.es\/historiaoral97\/wp-json\/wp\/v2\/pages\/48\/revisions"}],"predecessor-version":[{"id":64,"href":"https:\/\/blogs.ua.es\/historiaoral97\/wp-json\/wp\/v2\/pages\/48\/revisions\/64"}],"wp:attachment":[{"href":"https:\/\/blogs.ua.es\/historiaoral97\/wp-json\/wp\/v2\/media?parent=48"}],"curies":[{"name":"wp","href":"https:\/\/api.w.org\/{rel}","templated":true}]}}