{"id":50,"date":"2014-12-26T12:41:40","date_gmt":"2014-12-26T12:41:40","guid":{"rendered":"https:\/\/blogs.ua.es\/historiaoral97\/?page_id=50"},"modified":"2015-01-11T14:46:32","modified_gmt":"2015-01-11T14:46:32","slug":"valoracion","status":"publish","type":"page","link":"https:\/\/blogs.ua.es\/historiaoral97\/valoracion\/","title":{"rendered":"Valoraci\u00f3n"},"content":{"rendered":"<p>La oportunidad de hacer historia en el sentido literal de la palabra est\u00e1 al alcance de nuestras manos. Esta es la esencia que se esconde detr\u00e1s de la Historia Oral, que es una historia hecha pero al mismo tiempo est\u00e1 por hacerse. Muchos campos del conocimiento no han dado un duro por ella, tach\u00e1ndola de distorsionadora de la realidad, poco segura y menos a\u00fan fiable de los hechos que narra, pero en mi opini\u00f3n ninguna de las ciencias pueden aspirar a la pura objetividad. A trav\u00e9s de lo que nos cuentan las personas podemos adentrarnos hasta las profundidades de los recuerdos m\u00e1s rec\u00f3nditos de la gente y mirar desde todas las perspectivas la historia con el fin de construir la nuestra propia. Adem\u00e1s, \u00bfqui\u00e9n no ha disfrutado escuchando las historias que nos contaban nuestros abuelos? Con la realizaci\u00f3n de este trabajo de historia oral sobre la posguerra espa\u00f1ola hemos aprendido que la reliquia m\u00e1s importante de esta vida es escuchar, porque escuchar no es lo mismo que o\u00edr ni hacer o\u00eddos sordos, escuchar es sabidur\u00eda y la sabidur\u00eda no ocupa lugar. La funci\u00f3n m\u00e1s antigua del ser humano desde su aparici\u00f3n y lo que nos caracteriza como tales es la transmisi\u00f3n de conocimiento de generaci\u00f3n en generaci\u00f3n, lo que hace que brote la cultura, las costumbres y la historia de nuestro prof\u00e9tico devenir. Escuchar a las personas nos ha ense\u00f1ado a valorar lo dura que en realidad puede ser la vida cuando no tienes nada, pues cuando lo tienes todo, te ciegas y no ves lo que est\u00e1 pasando a tu alrededor. Es por eso que si abres los ojos y te quitas la venda de los prejuicios podr\u00e1s llegar a ser conformista con lo que tienes y aspirar a la felicidad, dejando que la historia siga su curso como un r\u00edo que desemboca en un gran oc\u00e9ano\u00a0 que guarda todas las cosas que nos quedan por descubrir.<\/p>\n","protected":false},"excerpt":{"rendered":"<p>La oportunidad de hacer historia en el sentido literal de la palabra est\u00e1 al alcance de nuestras manos. Esta es la esencia que se esconde detr\u00e1s de la Historia Oral, que es una historia hecha pero al mismo tiempo est\u00e1 por hacerse. Muchos campos del conocimiento no han dado un duro por ella, tach\u00e1ndola de &hellip; <a href=\"https:\/\/blogs.ua.es\/historiaoral97\/valoracion\/\" class=\"more-link\">Continue reading <span class=\"screen-reader-text\">Valoraci\u00f3n<\/span> <span class=\"meta-nav\">&rarr;<\/span><\/a><\/p>\n","protected":false},"author":3680,"featured_media":0,"parent":0,"menu_order":0,"comment_status":"open","ping_status":"open","template":"","meta":{"footnotes":""},"class_list":["post-50","page","type-page","status-publish","hentry"],"_links":{"self":[{"href":"https:\/\/blogs.ua.es\/historiaoral97\/wp-json\/wp\/v2\/pages\/50","targetHints":{"allow":["GET"]}}],"collection":[{"href":"https:\/\/blogs.ua.es\/historiaoral97\/wp-json\/wp\/v2\/pages"}],"about":[{"href":"https:\/\/blogs.ua.es\/historiaoral97\/wp-json\/wp\/v2\/types\/page"}],"author":[{"embeddable":true,"href":"https:\/\/blogs.ua.es\/historiaoral97\/wp-json\/wp\/v2\/users\/3680"}],"replies":[{"embeddable":true,"href":"https:\/\/blogs.ua.es\/historiaoral97\/wp-json\/wp\/v2\/comments?post=50"}],"version-history":[{"count":2,"href":"https:\/\/blogs.ua.es\/historiaoral97\/wp-json\/wp\/v2\/pages\/50\/revisions"}],"predecessor-version":[{"id":97,"href":"https:\/\/blogs.ua.es\/historiaoral97\/wp-json\/wp\/v2\/pages\/50\/revisions\/97"}],"wp:attachment":[{"href":"https:\/\/blogs.ua.es\/historiaoral97\/wp-json\/wp\/v2\/media?parent=50"}],"curies":[{"name":"wp","href":"https:\/\/api.w.org\/{rel}","templated":true}]}}