{"id":52,"date":"2014-12-26T12:41:58","date_gmt":"2014-12-26T12:41:58","guid":{"rendered":"https:\/\/blogs.ua.es\/historiaoral97\/?page_id=52"},"modified":"2015-01-12T14:51:18","modified_gmt":"2015-01-12T14:51:18","slug":"metodologia-2","status":"publish","type":"page","link":"https:\/\/blogs.ua.es\/historiaoral97\/metodologia-2\/","title":{"rendered":"Metodolog\u00eda"},"content":{"rendered":"<p>La elaboraci\u00f3n de este trabajo consta de una estructuraci\u00f3n y unos pasos a seguir \u2018\u2019<em>a priori\u2019\u2019<\/em>. El objetivo del trabajo es elaborar historia de la posguerra espa\u00f1ola a partir de tradici\u00f3n oral. Consiste en la creaci\u00f3n de un blog en el que se cuelgan entrevistas de las personas que nos han aportado informaci\u00f3n\u00a0 al trabajo. Cada entrevista debe tratar de un tema concreto o de varios, estas entrevistas tienen que ser validadas antes con una autorizaci\u00f3n que anuncia que los entrevistados est\u00e1n a favor de poner su imagen al servicio de internet. El trabajo debe de constar tambi\u00e9n de una bibliograf\u00eda, una valoraci\u00f3n personal (sobre las facultades que nos ha aportado y las dificultades que ello nos ha llevado) y una metodolog\u00eda. Los pasos a seguir son:<\/p>\n<p>1-.Hacer tradici\u00f3n oral sobre la posguerra espa\u00f1ola a partir de entrevistas de audio (si la persona quiere mantener su anonimato) o audiovisuales (si la persona quiere mostrar su imagen). Para las entrevistas podemos seleccionar cualquier tema como la situaci\u00f3n de la mujer o la situaci\u00f3n familiar, entre muchos otros.<\/p>\n<p>2-.El fin de estas entrevistas es exponerlas en un blog, por tanto, el primer paso ser\u00e1 la elaboraci\u00f3n del mismo en parejas. Se nos asigna un nombre para el blog, en nuestro caso \u2018\u2019HistoriaOral 97\u2019\u2019. A partir de aqu\u00ed, elegimos el tema est\u00e9tico del blog y comenzamos a estructurarlo para que vaya cogiendo forma, creando las p\u00e1ginas correspondientes a la presentaci\u00f3n (donde exponemos brevemente qu\u00e9 es lo que vamos a hacer), la metodolog\u00eda (donde exponemos cu\u00e1les han sido los pasos para la elaboraci\u00f3n correcta del trabajo) la bibliograf\u00eda (enumeraci\u00f3n de las referencias bibliogr\u00e1ficas con un breve comentario de cada una de ellas) y la valoraci\u00f3n (exposici\u00f3n de nuestra valoraci\u00f3n personal). Est\u00e9ticamente, cambiamos el color del blog y a\u00f1adimos im\u00e1genes de fondo. Y por \u00faltimo, hacemos administradores del blog a la pareja participante del trabajo y al profesor para que lo corrija.<\/p>\n<p>3-.Con un ordenador port\u00e1til nos encargamos de grabar en video las cuatro entrevistas. Una vez grabadas son editadas con el programa Moovie Maker poni\u00e9ndoles m\u00fasica de fondo, t\u00edtulos y presentaci\u00f3n y de fundamentalmente recortar las partes que sobran o en las que el entrevistado nos informa de cosas que no nos interesan. Esta parte, es l que presenta m\u00e1s dificultad, pues estamos entrevistando a gente mayor de 60 a\u00f1os e incluso mayores de 80 a\u00f1os, entonces pueden mezclar recuerdos del pasado con el presente o simplemente hay que hacerlos recordar y guiarlos con las preguntas que les hacemos para que nos cuenten lo que queremos obtener.<\/p>\n<p>4-.Una vez elaboradas por completo las entrevistas las colgamos en el blog con su respectiva entrada acompa\u00f1ada de un resumen del tema en general del que trata la entrevista y un resumen del contenido de la entrevista que ser\u00eda de forma m\u00e1s concreta ya que se trata de un tema \u00fanico y personal.<\/p>\n<p>5-.Una vez finalizado todo esto elaboramos la metodolog\u00eda del trabajo y por \u00faltimo una valoraci\u00f3n personal a cerca de la experiencia constructiva que ha aportado el trabajo.<\/p>\n","protected":false},"excerpt":{"rendered":"<p>La elaboraci\u00f3n de este trabajo consta de una estructuraci\u00f3n y unos pasos a seguir \u2018\u2019a priori\u2019\u2019. El objetivo del trabajo es elaborar historia de la posguerra espa\u00f1ola a partir de tradici\u00f3n oral. Consiste en la creaci\u00f3n de un blog en el que se cuelgan entrevistas de las personas que nos han aportado informaci\u00f3n\u00a0 al trabajo. &hellip; <a href=\"https:\/\/blogs.ua.es\/historiaoral97\/metodologia-2\/\" class=\"more-link\">Continue reading <span class=\"screen-reader-text\">Metodolog\u00eda<\/span> <span class=\"meta-nav\">&rarr;<\/span><\/a><\/p>\n","protected":false},"author":3680,"featured_media":0,"parent":0,"menu_order":0,"comment_status":"open","ping_status":"open","template":"","meta":{"footnotes":""},"class_list":["post-52","page","type-page","status-publish","hentry"],"_links":{"self":[{"href":"https:\/\/blogs.ua.es\/historiaoral97\/wp-json\/wp\/v2\/pages\/52","targetHints":{"allow":["GET"]}}],"collection":[{"href":"https:\/\/blogs.ua.es\/historiaoral97\/wp-json\/wp\/v2\/pages"}],"about":[{"href":"https:\/\/blogs.ua.es\/historiaoral97\/wp-json\/wp\/v2\/types\/page"}],"author":[{"embeddable":true,"href":"https:\/\/blogs.ua.es\/historiaoral97\/wp-json\/wp\/v2\/users\/3680"}],"replies":[{"embeddable":true,"href":"https:\/\/blogs.ua.es\/historiaoral97\/wp-json\/wp\/v2\/comments?post=52"}],"version-history":[{"count":4,"href":"https:\/\/blogs.ua.es\/historiaoral97\/wp-json\/wp\/v2\/pages\/52\/revisions"}],"predecessor-version":[{"id":101,"href":"https:\/\/blogs.ua.es\/historiaoral97\/wp-json\/wp\/v2\/pages\/52\/revisions\/101"}],"wp:attachment":[{"href":"https:\/\/blogs.ua.es\/historiaoral97\/wp-json\/wp\/v2\/media?parent=52"}],"curies":[{"name":"wp","href":"https:\/\/api.w.org\/{rel}","templated":true}]}}