{"id":55,"date":"2014-12-26T12:42:51","date_gmt":"2014-12-26T12:42:51","guid":{"rendered":"https:\/\/blogs.ua.es\/historiaoral97\/?page_id=55"},"modified":"2014-12-26T12:42:51","modified_gmt":"2014-12-26T12:42:51","slug":"presentacion-2","status":"publish","type":"page","link":"https:\/\/blogs.ua.es\/historiaoral97\/presentacion-2\/","title":{"rendered":"Presentaci\u00f3n"},"content":{"rendered":"<p>Hola, somos Andrea Sarmiento Jim\u00e9nez y Jos\u00e9 Francisco Mu\u00f1oz Abell\u00e1n. Somos alumnos de 1\u00ba grado de Humanidades en la Universidad de Alicante y hacemos este blog para la asignatura Fuentes y Documentos para la Historia.<\/p>\n","protected":false},"excerpt":{"rendered":"<p>Hola, somos Andrea Sarmiento Jim\u00e9nez y Jos\u00e9 Francisco Mu\u00f1oz Abell\u00e1n. Somos alumnos de 1\u00ba grado de Humanidades en la Universidad de Alicante y hacemos este blog para la asignatura Fuentes y Documentos para la Historia.<\/p>\n","protected":false},"author":3680,"featured_media":0,"parent":0,"menu_order":0,"comment_status":"open","ping_status":"open","template":"","meta":{"footnotes":""},"class_list":["post-55","page","type-page","status-publish","hentry"],"_links":{"self":[{"href":"https:\/\/blogs.ua.es\/historiaoral97\/wp-json\/wp\/v2\/pages\/55","targetHints":{"allow":["GET"]}}],"collection":[{"href":"https:\/\/blogs.ua.es\/historiaoral97\/wp-json\/wp\/v2\/pages"}],"about":[{"href":"https:\/\/blogs.ua.es\/historiaoral97\/wp-json\/wp\/v2\/types\/page"}],"author":[{"embeddable":true,"href":"https:\/\/blogs.ua.es\/historiaoral97\/wp-json\/wp\/v2\/users\/3680"}],"replies":[{"embeddable":true,"href":"https:\/\/blogs.ua.es\/historiaoral97\/wp-json\/wp\/v2\/comments?post=55"}],"version-history":[{"count":1,"href":"https:\/\/blogs.ua.es\/historiaoral97\/wp-json\/wp\/v2\/pages\/55\/revisions"}],"predecessor-version":[{"id":56,"href":"https:\/\/blogs.ua.es\/historiaoral97\/wp-json\/wp\/v2\/pages\/55\/revisions\/56"}],"wp:attachment":[{"href":"https:\/\/blogs.ua.es\/historiaoral97\/wp-json\/wp\/v2\/media?parent=55"}],"curies":[{"name":"wp","href":"https:\/\/api.w.org\/{rel}","templated":true}]}}