{"id":127,"date":"2013-01-27T09:25:42","date_gmt":"2013-01-27T09:25:42","guid":{"rendered":"https:\/\/blogs.ua.es\/historiaoralcomunidadvalenciana\/?page_id=127"},"modified":"2013-01-27T09:27:00","modified_gmt":"2013-01-27T09:27:00","slug":"metodologia","status":"publish","type":"page","link":"https:\/\/blogs.ua.es\/historiaoralcomunidadvalenciana\/metodologia\/","title":{"rendered":"Metodolog\u00eda"},"content":{"rendered":"<p style=\"text-align: justify\">La metodolog\u00eda empleada para la realizaci\u00f3n de este blog es muy pautada, lo que la convierte en algo simple, sencillo. Podemos esquematizarla en dos puntos: en\u00a0referencia a contenidos y en referencia a el m\u00e9todo de publicaci\u00f3n.<\/p>\n<p style=\"text-align: justify\">En relaci\u00f3n a los contenidos, primero comenzamos con la creaci\u00f3n de una base acerca del tema, origenes de la lengua, qu\u00e9 es la historia oral, y diferentes archivos en los cuales quedan recogidos las transcripciones orales. Para finalmente exponer los diferentes mitos, leyendas y tradiciones orales escogidos.<\/p>\n<p style=\"text-align: justify\">En cuanto al m\u00e9todo, los pasos que hemos seguido para publicar son, en primer lugar b\u00fasqueda de la informaci\u00f3n, y\u00a0una vez encontrado el tema id\u00f3neo procedemos a analizarlo y extraer aquello que resulta interesante y capaz de llamar la atenci\u00f3n al lector. En segundo lugar se publicar\u00e1 la entrada con un t\u00edtulo llamativo y conciso, seguido de las fuentes consultadas, con su enlace pertinente por si el lector decide leer m\u00e1s acerca del tema. En \u00faltimo lugar y para concluir se\u00a0redactar\u00e1 el cuerpo del texto, donde en algunos casos se a\u00f1adir\u00e1n fotos\u00a0que pretender\u00e1n\u00a0crear\u00a0el contexto m\u00e1s apto para su lectura.<\/p>\n<p style=\"text-align: justify\">Las fuentes de las cuales nos hemos valido las encontramos en su mayor\u00eda en internet, ya que en este soporte se albergan cuantitosas opiniones y escritos referentes a nuestro tema.<\/p>\n","protected":false},"excerpt":{"rendered":"<p>La metodolog\u00eda empleada para la realizaci\u00f3n de este blog es muy pautada, lo que la convierte en algo simple, sencillo. Podemos esquematizarla en dos puntos: en\u00a0referencia a contenidos y en referencia a el m\u00e9todo de publicaci\u00f3n. En relaci\u00f3n a los &hellip; <a href=\"https:\/\/blogs.ua.es\/historiaoralcomunidadvalenciana\/metodologia\/\">Continue reading <span class=\"meta-nav\">&rarr;<\/span><\/a><\/p>\n","protected":false},"author":3014,"featured_media":0,"parent":0,"menu_order":0,"comment_status":"open","ping_status":"open","template":"","meta":{"footnotes":""},"class_list":["post-127","page","type-page","status-publish","hentry"],"_links":{"self":[{"href":"https:\/\/blogs.ua.es\/historiaoralcomunidadvalenciana\/wp-json\/wp\/v2\/pages\/127","targetHints":{"allow":["GET"]}}],"collection":[{"href":"https:\/\/blogs.ua.es\/historiaoralcomunidadvalenciana\/wp-json\/wp\/v2\/pages"}],"about":[{"href":"https:\/\/blogs.ua.es\/historiaoralcomunidadvalenciana\/wp-json\/wp\/v2\/types\/page"}],"author":[{"embeddable":true,"href":"https:\/\/blogs.ua.es\/historiaoralcomunidadvalenciana\/wp-json\/wp\/v2\/users\/3014"}],"replies":[{"embeddable":true,"href":"https:\/\/blogs.ua.es\/historiaoralcomunidadvalenciana\/wp-json\/wp\/v2\/comments?post=127"}],"version-history":[{"count":3,"href":"https:\/\/blogs.ua.es\/historiaoralcomunidadvalenciana\/wp-json\/wp\/v2\/pages\/127\/revisions"}],"predecessor-version":[{"id":129,"href":"https:\/\/blogs.ua.es\/historiaoralcomunidadvalenciana\/wp-json\/wp\/v2\/pages\/127\/revisions\/129"}],"wp:attachment":[{"href":"https:\/\/blogs.ua.es\/historiaoralcomunidadvalenciana\/wp-json\/wp\/v2\/media?parent=127"}],"curies":[{"name":"wp","href":"https:\/\/api.w.org\/{rel}","templated":true}]}}