{"id":131,"date":"2013-01-27T09:29:45","date_gmt":"2013-01-27T09:29:45","guid":{"rendered":"https:\/\/blogs.ua.es\/historiaoralcomunidadvalenciana\/?page_id=131"},"modified":"2013-01-28T09:16:56","modified_gmt":"2013-01-28T09:16:56","slug":"fuentes-consultadas","status":"publish","type":"page","link":"https:\/\/blogs.ua.es\/historiaoralcomunidadvalenciana\/fuentes-consultadas\/","title":{"rendered":"Fuentes consultadas"},"content":{"rendered":"<p>Las fuentes que han ayudado a construir este Blog han sido halladas en Internet, pudiendo hacer\u00a0esta sencilla divisi\u00f3n de estos recursos electr\u00f3nicos:<\/p>\n<ul>\n<li><strong>\u00c1rticulos de opini\u00f3n<\/strong><\/li>\n<li><a href=\"http:\/\/bachiller.sabuco.com\/historia\/historiaoral.htm\">http:\/\/bachiller.sabuco.com\/historia\/historiaoral.htm<\/a><\/li>\n<li><a href=\"http:\/\/www.idiomavalencia.com\/docs.htm\">http:\/\/www.idiomavalencia.com\/docs.htm<\/a><\/li>\n<li><a href=\"http:\/\/www.museudelaparaula.com\/web\/home\/index.php\">http:\/\/www.museudelaparaula.com\/web\/home\/index.php<\/a><\/li>\n<\/ul>\n<p>&nbsp;<\/p>\n<ul>\n<li><strong>Libros electr\u00f3nicos<\/strong><\/li>\n<li><a href=\"http:\/\/books.google.es\/books?id=veEsqr_2BpIC&amp;hl=es&amp;source=gbs_navlinks_s\">http:\/\/books.google.es\/books?id=veEsqr_2BpIC&amp;hl=es&amp;source=gbs_navlinks_s<\/a><\/li>\n<li><a href=\"http:\/\/desarrollobiocultural.wikispaces.com\/file\/view\/El+papel+del+transcriptor.pdf\">http:\/\/desarrollobiocultural.wikispaces.com\/file\/view\/El+papel+del+transcriptor.pdf<\/a><\/li>\n<li><a href=\"http:\/\/books.google.es\/books?id=2TbrL9viKlQC&amp;hl=es&amp;source=gbs_book_other_versions\">http:\/\/books.google.es\/books?id=2TbrL9viKlQC&amp;hl=es&amp;source=gbs_book_other_versions<\/a><\/li>\n<li><a href=\"http:\/\/books.google.es\/books?id=i4idg_sO4fwC&amp;dq=leyendas+y+mitos+valencianos&amp;hl=es&amp;source=gbs_navlinks_s\">http:\/\/books.google.es\/books?id=i4idg_sO4fwC&amp;dq=leyendas+y+mitos+valencianos&amp;hl=es&amp;source=gbs_navlinks_s<\/a><\/li>\n<\/ul>\n<p>&nbsp;<\/p>\n<ul>\n<li><strong>Documentos audiovisuales<\/strong><\/li>\n<li><a href=\"http:\/\/www.idiomavalencia.com\/aud\/vidalvalencia.wma\">http:\/\/www.idiomavalencia.com\/aud\/vidalvalencia.wma<\/a><\/li>\n<li><a href=\"http:\/\/www.museudelaparaula.com\/web\/home\/index.php\">http:\/\/www.museudelaparaula.com\/web\/home\/index.php<\/a><\/li>\n<\/ul>\n<p>&nbsp;<\/p>\n<ul>\n<li><strong>Sitios Web:<\/strong><\/li>\n<li><span style=\"color: #00ccff\"><a href=\"http:\/\/www.regnedevalencia.com\/\">http:\/\/www.regnedevalencia.com\/<\/a><\/span><\/li>\n<li><a href=\"http:\/\/www.idiomavalenciano.com\/\">http:\/\/www.idiomavalenciano.com\/<\/a><\/li>\n<li><a href=\"http:\/\/www.wikipedia.com\">http:\/\/www.wikipedia.com<\/a><\/li>\n<li><a href=\"http:\/\/www.fotolog.com\">http:\/\/www.fotolog.com<\/a><\/li>\n<li><a href=\"http:\/\/http:\/\/apl.alcoi.org\/warxiu\/serveis.asp\">http:\/\/apl.alcoi.org\/warxiu\/serveis.asp<\/a><\/li>\n<li><a href=\"http:\/\/www.uv.es\/charco\/otros_textos\/leyendas.htm\">http:\/\/www.uv.es\/charco\/otros_textos\/leyendas.htm<\/a><\/li>\n<li><a href=\"http:\/\/www.uv.es\/charco\/otros_textos\/leyendas.htm\">http:\/\/www.uv.es\/charco\/otros_textos\/leyendas.htm<\/a><\/li>\n<li><a href=\"http:\/\/www.elche.es\/ilive\/srv.ayuntamiento.archivo_municipal\">http:\/\/www.elche.es\/ilive\/srv.ayuntamiento.archivo_municipal<\/a><\/li>\n<li><a href=\"http:\/\/catalogo.bne.es\/uhtbin\/cgisirsi\/x\/x\/0\/123\">http:\/\/catalogo.bne.es\/uhtbin\/cgisirsi\/x\/x\/0\/123<\/a><\/li>\n<li><a href=\"http:\/\/www.tebeosfera.com\/1\/Libris\/RevistasValencianas\/delXIX.htm\">http:\/\/www.tebeosfera.com\/1\/Libris\/RevistasValencianas\/delXIX.htm<\/a><\/li>\n<li><a href=\"http:\/\/catalogo.bne.es\/uhtbin\/cgisirsi\/x\/x\/0\/123\">http:\/\/roble.pntic.mec.es\/msanto1\/lengua\/1juglar.htm<\/a><\/li>\n<li><a href=\"http:\/\/http:\/\/gaudi.ua.es\/uhtbin\/cgisirsi\/WgLtmnjsQk\/0\/33190024\/9\">http:\/\/gaudi.ua.es\/uhtbin\/cgisirsi\/WgLtmnjsQk\/0\/33190024\/9<\/a><\/li>\n<\/ul>\n","protected":false},"excerpt":{"rendered":"<p>Las fuentes que han ayudado a construir este Blog han sido halladas en Internet, pudiendo hacer\u00a0esta sencilla divisi\u00f3n de estos recursos electr\u00f3nicos: \u00c1rticulos de opini\u00f3n http:\/\/bachiller.sabuco.com\/historia\/historiaoral.htm http:\/\/www.idiomavalencia.com\/docs.htm http:\/\/www.museudelaparaula.com\/web\/home\/index.php &nbsp; Libros electr\u00f3nicos http:\/\/books.google.es\/books?id=veEsqr_2BpIC&amp;hl=es&amp;source=gbs_navlinks_s http:\/\/desarrollobiocultural.wikispaces.com\/file\/view\/El+papel+del+transcriptor.pdf http:\/\/books.google.es\/books?id=2TbrL9viKlQC&amp;hl=es&amp;source=gbs_book_other_versions http:\/\/books.google.es\/books?id=i4idg_sO4fwC&amp;dq=leyendas+y+mitos+valencianos&amp;hl=es&amp;source=gbs_navlinks_s &nbsp; Documentos audiovisuales http:\/\/www.idiomavalencia.com\/aud\/vidalvalencia.wma http:\/\/www.museudelaparaula.com\/web\/home\/index.php &hellip; <a href=\"https:\/\/blogs.ua.es\/historiaoralcomunidadvalenciana\/fuentes-consultadas\/\">Continue reading <span class=\"meta-nav\">&rarr;<\/span><\/a><\/p>\n","protected":false},"author":3014,"featured_media":0,"parent":0,"menu_order":0,"comment_status":"open","ping_status":"open","template":"","meta":{"footnotes":""},"class_list":["post-131","page","type-page","status-publish","hentry"],"_links":{"self":[{"href":"https:\/\/blogs.ua.es\/historiaoralcomunidadvalenciana\/wp-json\/wp\/v2\/pages\/131","targetHints":{"allow":["GET"]}}],"collection":[{"href":"https:\/\/blogs.ua.es\/historiaoralcomunidadvalenciana\/wp-json\/wp\/v2\/pages"}],"about":[{"href":"https:\/\/blogs.ua.es\/historiaoralcomunidadvalenciana\/wp-json\/wp\/v2\/types\/page"}],"author":[{"embeddable":true,"href":"https:\/\/blogs.ua.es\/historiaoralcomunidadvalenciana\/wp-json\/wp\/v2\/users\/3014"}],"replies":[{"embeddable":true,"href":"https:\/\/blogs.ua.es\/historiaoralcomunidadvalenciana\/wp-json\/wp\/v2\/comments?post=131"}],"version-history":[{"count":20,"href":"https:\/\/blogs.ua.es\/historiaoralcomunidadvalenciana\/wp-json\/wp\/v2\/pages\/131\/revisions"}],"predecessor-version":[{"id":133,"href":"https:\/\/blogs.ua.es\/historiaoralcomunidadvalenciana\/wp-json\/wp\/v2\/pages\/131\/revisions\/133"}],"wp:attachment":[{"href":"https:\/\/blogs.ua.es\/historiaoralcomunidadvalenciana\/wp-json\/wp\/v2\/media?parent=131"}],"curies":[{"name":"wp","href":"https:\/\/api.w.org\/{rel}","templated":true}]}}