{"id":187,"date":"2013-01-28T08:47:21","date_gmt":"2013-01-28T08:47:21","guid":{"rendered":"https:\/\/blogs.ua.es\/historiaoralcomunidadvalenciana\/?page_id=187"},"modified":"2013-01-28T08:47:21","modified_gmt":"2013-01-28T08:47:21","slug":"valoracion-critica-de-las-fuentes","status":"publish","type":"page","link":"https:\/\/blogs.ua.es\/historiaoralcomunidadvalenciana\/valoracion-critica-de-las-fuentes\/","title":{"rendered":"Valoraci\u00f3n cr\u00edtica de las fuentes"},"content":{"rendered":"<div>Para poder\u00a0realizar estre trabajo, del cual nos sentimos orgullosos, hemos tenido que\u00a0consultar fuentes de informaci\u00f3n sobre la Historia Oral Valenciana.<\/div>\n<div>\n<div>\u00a0<\/div>\n<div>Gracias a las fuentes de informaci\u00f3n obtenidas a partir de sitios web como <em>You tube<\/em> o\u00a0<em>Wikipedia <\/em>hemos encontrado una importante informaci\u00f3n para poder hacer este trabajo y del cual hemos extraido y aprendido una historia muy importante para nosotros, los valencianos.<\/div>\n<\/div>\n<div>\u00a0<\/div>\n<div>Hemos conseguido estructurar un tema de importancia para los valencianos en diferentes apartados, desde libros sobre la vida de los\u00a0judios en epoca de la reconquista, o leyendas y mitos\u00a0de distintas poblaciones de la Comunidad Valenciana, pasando por la\u00a0detallada informaci\u00f3n\u00a0de distintos archivos municipales y la situaci\u00f3n del valenciano hablado, hasta revistas de actualidad y entrevistas.<\/div>\n<div>\u00a0<\/div>\n<div>Todos estos apartados hablan sobre una cultura oral valenciana muy rica y de como se ha ido pasando de generaci\u00f3n en generaci\u00f3n, de padres a hijos. Desde los trovadores en las plazas de los pueblos hasta la llegada de internet.<\/div>\n<div>\u00a0<\/div>\n<div>Por ultimo cabe a\u00f1adir que sobre este campo de informaci\u00f3n, aun se podr\u00eda investigar mas, y llegar hastas relatos valiosisimos de familiias durante la guerra civil, la dictadura o la transici\u00f3n.<\/div>\n","protected":false},"excerpt":{"rendered":"<p>Para poder\u00a0realizar estre trabajo, del cual nos sentimos orgullosos, hemos tenido que\u00a0consultar fuentes de informaci\u00f3n sobre la Historia Oral Valenciana. \u00a0 Gracias a las fuentes de informaci\u00f3n obtenidas a partir de sitios web como You tube o\u00a0Wikipedia hemos encontrado una &hellip; <a href=\"https:\/\/blogs.ua.es\/historiaoralcomunidadvalenciana\/valoracion-critica-de-las-fuentes\/\">Continue reading <span class=\"meta-nav\">&rarr;<\/span><\/a><\/p>\n","protected":false},"author":2998,"featured_media":0,"parent":0,"menu_order":0,"comment_status":"open","ping_status":"open","template":"","meta":{"footnotes":""},"class_list":["post-187","page","type-page","status-publish","hentry"],"_links":{"self":[{"href":"https:\/\/blogs.ua.es\/historiaoralcomunidadvalenciana\/wp-json\/wp\/v2\/pages\/187","targetHints":{"allow":["GET"]}}],"collection":[{"href":"https:\/\/blogs.ua.es\/historiaoralcomunidadvalenciana\/wp-json\/wp\/v2\/pages"}],"about":[{"href":"https:\/\/blogs.ua.es\/historiaoralcomunidadvalenciana\/wp-json\/wp\/v2\/types\/page"}],"author":[{"embeddable":true,"href":"https:\/\/blogs.ua.es\/historiaoralcomunidadvalenciana\/wp-json\/wp\/v2\/users\/2998"}],"replies":[{"embeddable":true,"href":"https:\/\/blogs.ua.es\/historiaoralcomunidadvalenciana\/wp-json\/wp\/v2\/comments?post=187"}],"version-history":[{"count":5,"href":"https:\/\/blogs.ua.es\/historiaoralcomunidadvalenciana\/wp-json\/wp\/v2\/pages\/187\/revisions"}],"predecessor-version":[{"id":215,"href":"https:\/\/blogs.ua.es\/historiaoralcomunidadvalenciana\/wp-json\/wp\/v2\/pages\/187\/revisions\/215"}],"wp:attachment":[{"href":"https:\/\/blogs.ua.es\/historiaoralcomunidadvalenciana\/wp-json\/wp\/v2\/media?parent=187"}],"curies":[{"name":"wp","href":"https:\/\/api.w.org\/{rel}","templated":true}]}}