{"id":215,"date":"2014-01-15T20:41:41","date_gmt":"2014-01-15T20:41:41","guid":{"rendered":"https:\/\/blogs.ua.es\/historiaorihuela\/?page_id=215"},"modified":"2014-01-15T20:54:25","modified_gmt":"2014-01-15T20:54:25","slug":"introduccion","status":"publish","type":"page","link":"https:\/\/blogs.ua.es\/historiaorihuela\/introduccion\/","title":{"rendered":"Introducci\u00f3n"},"content":{"rendered":"<p>&nbsp;<\/p>\n<p>Nos encontramos con una ciudad con mucha historia, con vestigios paleol\u00edticos, neol\u00edticos, p\u00fanicos, romanos, musulmanes\u2026 Que vivi\u00f3 su apogeo en la Baja Edad Media y en \u00e9poca Moderna, periodo abordado en este blog.<\/p>\n<p>La ciudad geogr\u00e1ficamente esta localizada en el sureste peninsular, surcada por el r\u00edo Segura, elemento geogr\u00e1fico que articula el territorio oriolano y que la convierte en una regi\u00f3n excelente para la agricultura, hecho que la convertir\u00e1 en una ciudad muy prospera. Presenta una serie de sierras al norte de la ciudad, como la sierra de San Miguel, lugar donde estaba ubicado el castillo de la ciudad del que ahora tan solo quedan vestigios.<\/p>\n<figure id=\"attachment_217\" aria-describedby=\"caption-attachment-217\" style=\"width: 800px\" class=\"wp-caption alignleft\"><a href=\"https:\/\/blogs.ua.es\/historiaorihuela\/files\/2014\/01\/vista-orihuela.jpg\"><img loading=\"lazy\" decoding=\"async\" class=\" wp-image-217\" alt=\"\" src=\"https:\/\/blogs.ua.es\/historiaorihuela\/files\/2014\/01\/vista-orihuela.jpg\" width=\"800\" height=\"362\" srcset=\"https:\/\/blogs.ua.es\/historiaorihuela\/files\/2014\/01\/vista-orihuela.jpg 800w, https:\/\/blogs.ua.es\/historiaorihuela\/files\/2014\/01\/vista-orihuela-300x135.jpg 300w, https:\/\/blogs.ua.es\/historiaorihuela\/files\/2014\/01\/vista-orihuela-500x226.jpg 500w\" sizes=\"auto, (max-width: 800px) 100vw, 800px\" \/><\/a><figcaption id=\"caption-attachment-217\" class=\"wp-caption-text\">Vista actual de Orihuela<\/figcaption><\/figure>\n<figure id=\"attachment_216\" aria-describedby=\"caption-attachment-216\" style=\"width: 530px\" class=\"wp-caption alignleft\"><a href=\"https:\/\/blogs.ua.es\/historiaorihuela\/files\/2014\/01\/castillo_orihuela_100810_1_ok.jpg\"><img loading=\"lazy\" decoding=\"async\" class=\"size-full wp-image-216\" alt=\"castillo_orihuela_100810_1_ok\" src=\"https:\/\/blogs.ua.es\/historiaorihuela\/files\/2014\/01\/castillo_orihuela_100810_1_ok.jpg\" width=\"530\" height=\"372\" srcset=\"https:\/\/blogs.ua.es\/historiaorihuela\/files\/2014\/01\/castillo_orihuela_100810_1_ok.jpg 530w, https:\/\/blogs.ua.es\/historiaorihuela\/files\/2014\/01\/castillo_orihuela_100810_1_ok-300x210.jpg 300w, https:\/\/blogs.ua.es\/historiaorihuela\/files\/2014\/01\/castillo_orihuela_100810_1_ok-427x300.jpg 427w\" sizes=\"auto, (max-width: 530px) 100vw, 530px\" \/><\/a><figcaption id=\"caption-attachment-216\" class=\"wp-caption-text\">Vestigios de la muralla<\/figcaption><\/figure>\n<p>&nbsp;<\/p>\n<p>&nbsp;<\/p>\n<p>&nbsp;<\/p>\n<p>&nbsp;<\/p>\n<p>&nbsp;<\/p>\n<p>&nbsp;<\/p>\n<p>&nbsp;<\/p>\n<p>&nbsp;<\/p>\n<p>&nbsp;<\/p>\n<p>&nbsp;<\/p>\n<p>&nbsp;<\/p>\n<p>&nbsp;<\/p>\n<p>&nbsp;<\/p>\n<p>&nbsp;<\/p>\n<p>&nbsp;<\/p>\n<p>&nbsp;<\/p>\n<p>&nbsp;<\/p>\n<p>&nbsp;<\/p>\n<p>La ciudad en la Edad Moderna se convirti\u00f3 en una de las referentes del reino. En cuanto a poblaci\u00f3n, se localizaba entre las m\u00e1s pobladas, como demuestran los datos que hablan de 12.000 habitantes a finales del siglo XVI, aunque sufri\u00f3 una importante crisis demogr\u00e1fica a mediados del siguiente siglo, que la releg\u00f3 en la escala regional, siendo superada por la ciudad de Alicante.<\/p>\n<p>La ciudad de Orihuela vivi\u00f3 marcada por la lucha por la consecuci\u00f3n del obispado propio, disgreg\u00e1ndose de Cartagena. Hecho que marc\u00f3 el siglo XVI y que se consigui\u00f3 en el 1564, tras muchos intentos por parte de las entidades municipales.<\/p>\n<p>Las german\u00edas tambi\u00e9n son importantes en esta ciudad. Donde los agermanados se hicieron con el control de la ciudad, pero los nobles de la zona con el apoyo real les derrotaron en la batalla del Rinc\u00f3n de Bonanza, dando a paso al famoso saco de Orihuela, uno de los hechos m\u00e1s importantes en la historia de la ciudad.<\/p>\n<p>Culturalmente hablando destaca por su gran espiritualidad, que se puede observar incluso en la actualidad, donde proliferaron muchas construcciones religiosas. Tambi\u00e9n a mediados del siglo XVI fue fundada la Universidad, donde se vio marcado este car\u00e1cter religioso de la ciudad.<\/p>\n<figure id=\"attachment_218\" aria-describedby=\"caption-attachment-218\" style=\"width: 355px\" class=\"wp-caption alignleft\"><a href=\"https:\/\/blogs.ua.es\/historiaorihuela\/files\/2014\/01\/puerta-de-la-sacrstia.jpg\"><img loading=\"lazy\" decoding=\"async\" class=\"size-full wp-image-218\" alt=\"puerta de la sacrstia\" src=\"https:\/\/blogs.ua.es\/historiaorihuela\/files\/2014\/01\/puerta-de-la-sacrstia.jpg\" width=\"355\" height=\"336\" srcset=\"https:\/\/blogs.ua.es\/historiaorihuela\/files\/2014\/01\/puerta-de-la-sacrstia.jpg 355w, https:\/\/blogs.ua.es\/historiaorihuela\/files\/2014\/01\/puerta-de-la-sacrstia-300x283.jpg 300w, https:\/\/blogs.ua.es\/historiaorihuela\/files\/2014\/01\/puerta-de-la-sacrstia-316x300.jpg 316w\" sizes=\"auto, (max-width: 355px) 100vw, 355px\" \/><\/a><figcaption id=\"caption-attachment-218\" class=\"wp-caption-text\">Puerta de la sacrist\u00eda, convento de Santo Domingo<\/figcaption><\/figure>\n<p>&nbsp;<\/p>\n<p>&nbsp;<\/p>\n<p>&nbsp;<\/p>\n<p>&nbsp;<\/p>\n<p>&nbsp;<\/p>\n<p>&nbsp;<\/p>\n<p>&nbsp;<\/p>\n<p>&nbsp;<\/p>\n<p>&nbsp;<\/p>\n<p>Econ\u00f3micamente destacaba por ser el granero del reino, apelativo que le colocan las fuentes. Esta era su principal caracter\u00edstica, aunque no solo se centro en ese producto, sino que destacan otros cultivos como la seda (introducida en el siglo XVI) o la vid.<\/p>\n<p>En definitiva una ciudad con mucha solera, que se convirti\u00f3 en referente de la zona meridional del reino, durante la Edad Moderna.<\/p>\n<figure id=\"attachment_219\" aria-describedby=\"caption-attachment-219\" style=\"width: 795px\" class=\"wp-caption alignleft\"><a href=\"https:\/\/blogs.ua.es\/historiaorihuela\/files\/2014\/01\/gobierno-orihuela.png\"><img loading=\"lazy\" decoding=\"async\" class=\"size-full wp-image-219\" alt=\"Mapa pol\u00edtico principios siglo XVI\" src=\"https:\/\/blogs.ua.es\/historiaorihuela\/files\/2014\/01\/gobierno-orihuela.png\" width=\"795\" height=\"1510\" srcset=\"https:\/\/blogs.ua.es\/historiaorihuela\/files\/2014\/01\/gobierno-orihuela.png 795w, https:\/\/blogs.ua.es\/historiaorihuela\/files\/2014\/01\/gobierno-orihuela-539x1024.png 539w\" sizes=\"auto, (max-width: 795px) 100vw, 795px\" \/><\/a><figcaption id=\"caption-attachment-219\" class=\"wp-caption-text\">Mapa pol\u00edtico principios siglo XVI<\/figcaption><\/figure>\n","protected":false},"excerpt":{"rendered":"<p>&nbsp; Nos encontramos con una ciudad con mucha historia, con vestigios paleol\u00edticos, neol\u00edticos, p\u00fanicos, romanos, musulmanes\u2026 Que vivi\u00f3 su apogeo en la Baja Edad Media y en \u00e9poca Moderna, periodo abordado en este blog. La ciudad geogr\u00e1ficamente esta localizada en el sureste peninsular, surcada por el r\u00edo Segura, elemento geogr\u00e1fico que articula el territorio oriolano [&hellip;]<\/p>\n","protected":false},"author":1863,"featured_media":0,"parent":0,"menu_order":0,"comment_status":"open","ping_status":"open","template":"","meta":{"footnotes":""},"class_list":["post-215","page","type-page","status-publish","hentry"],"_links":{"self":[{"href":"https:\/\/blogs.ua.es\/historiaorihuela\/wp-json\/wp\/v2\/pages\/215","targetHints":{"allow":["GET"]}}],"collection":[{"href":"https:\/\/blogs.ua.es\/historiaorihuela\/wp-json\/wp\/v2\/pages"}],"about":[{"href":"https:\/\/blogs.ua.es\/historiaorihuela\/wp-json\/wp\/v2\/types\/page"}],"author":[{"embeddable":true,"href":"https:\/\/blogs.ua.es\/historiaorihuela\/wp-json\/wp\/v2\/users\/1863"}],"replies":[{"embeddable":true,"href":"https:\/\/blogs.ua.es\/historiaorihuela\/wp-json\/wp\/v2\/comments?post=215"}],"version-history":[{"count":2,"href":"https:\/\/blogs.ua.es\/historiaorihuela\/wp-json\/wp\/v2\/pages\/215\/revisions"}],"predecessor-version":[{"id":221,"href":"https:\/\/blogs.ua.es\/historiaorihuela\/wp-json\/wp\/v2\/pages\/215\/revisions\/221"}],"wp:attachment":[{"href":"https:\/\/blogs.ua.es\/historiaorihuela\/wp-json\/wp\/v2\/media?parent=215"}],"curies":[{"name":"wp","href":"https:\/\/api.w.org\/{rel}","templated":true}]}}