{"id":222,"date":"2014-01-15T21:55:25","date_gmt":"2014-01-15T21:55:25","guid":{"rendered":"https:\/\/blogs.ua.es\/historiaorihuela\/?page_id=222"},"modified":"2014-01-15T22:04:31","modified_gmt":"2014-01-15T22:04:31","slug":"valoracion","status":"publish","type":"page","link":"https:\/\/blogs.ua.es\/historiaorihuela\/valoracion\/","title":{"rendered":"Valoraci\u00f3n"},"content":{"rendered":"<p>En este trabajo, a lo largo del proceso de la elaboraci\u00f3n de las entradas, hemos podido enriquecernos con la aportaci\u00f3n de nuevos e importantes conocimientos muy reveladores sobre la ciudad de Orihuela, y con ello, apreciar que el legado que nos ha dejado esta ciudad es de gran relevancia en cuando a contenido hist\u00f3rico, que en definitiva, es lo que actualmente conforma nuestra Historia. Presentamos de una forma concisa y concreta toda la informaci\u00f3n recabada, tratando los distintos temas con una gran precisi\u00f3n en cuanto a los datos obtenidos de la bibliograf\u00eda<\/p>\n<p>Tras haber realizado el blog, los integrantes del grupo, consideramos que es de suma importancia para el p\u00fablico general, y de inter\u00e9s en especial para los historiadores, que visiten el blog de Historia Moderna de Orihuela. La raz\u00f3n de esta afirmaci\u00f3n radica en que no se puede llegar a comprender, en igual medida, la Historia Moderna del Pa\u00eds Valenciano, sin llegar a conocer, al menos en parte, los diferentes procesos hist\u00f3ricos acaecidos en la ciudad de Orihuela en la etapa correspondiente a la \u00e9poca Moderna, es decir, es fundamental tener conocimientos de la pol\u00edtica, administraci\u00f3n, cultura, econom\u00eda, sociedad y poblaci\u00f3n de esta ciudad, ya que, obteniendo informaci\u00f3n sobre estas \u00e1reas, se puede llegar a comprender una evoluci\u00f3n que responde a los par\u00e1metros y realidades que se dieron desde el siglo XVI hasta el siglo XVIII. Nuestro estudio se ha centrado en mayor medida en los siglos XVI y XVII, por cuestiones de mayor disponibilidad de fuentes.<\/p>\n<p>Para concluir, a\u00f1adir que la realizaci\u00f3n de este blog ha sido muy enriquecedora para nosotros, y os invitamos a que disfrut\u00e9is de una parte muy rica e ilustradora de la Historia Moderna de nuestra actual Comunidad Aut\u00f3noma.<\/p>\n<p>&nbsp;<\/p>\n","protected":false},"excerpt":{"rendered":"<p>En este trabajo, a lo largo del proceso de la elaboraci\u00f3n de las entradas, hemos podido enriquecernos con la aportaci\u00f3n de nuevos e importantes conocimientos muy reveladores sobre la ciudad de Orihuela, y con ello, apreciar que el legado que nos ha dejado esta ciudad es de gran relevancia en cuando a contenido hist\u00f3rico, que [&hellip;]<\/p>\n","protected":false},"author":3143,"featured_media":0,"parent":0,"menu_order":0,"comment_status":"open","ping_status":"open","template":"","meta":{"footnotes":""},"class_list":["post-222","page","type-page","status-publish","hentry"],"_links":{"self":[{"href":"https:\/\/blogs.ua.es\/historiaorihuela\/wp-json\/wp\/v2\/pages\/222","targetHints":{"allow":["GET"]}}],"collection":[{"href":"https:\/\/blogs.ua.es\/historiaorihuela\/wp-json\/wp\/v2\/pages"}],"about":[{"href":"https:\/\/blogs.ua.es\/historiaorihuela\/wp-json\/wp\/v2\/types\/page"}],"author":[{"embeddable":true,"href":"https:\/\/blogs.ua.es\/historiaorihuela\/wp-json\/wp\/v2\/users\/3143"}],"replies":[{"embeddable":true,"href":"https:\/\/blogs.ua.es\/historiaorihuela\/wp-json\/wp\/v2\/comments?post=222"}],"version-history":[{"count":1,"href":"https:\/\/blogs.ua.es\/historiaorihuela\/wp-json\/wp\/v2\/pages\/222\/revisions"}],"predecessor-version":[{"id":223,"href":"https:\/\/blogs.ua.es\/historiaorihuela\/wp-json\/wp\/v2\/pages\/222\/revisions\/223"}],"wp:attachment":[{"href":"https:\/\/blogs.ua.es\/historiaorihuela\/wp-json\/wp\/v2\/media?parent=222"}],"curies":[{"name":"wp","href":"https:\/\/api.w.org\/{rel}","templated":true}]}}