{"id":35,"date":"2013-12-09T17:25:31","date_gmt":"2013-12-09T17:25:31","guid":{"rendered":"https:\/\/blogs.ua.es\/historiaorihuela\/?page_id=35"},"modified":"2014-01-15T20:09:42","modified_gmt":"2014-01-15T20:09:42","slug":"bibliografia","status":"publish","type":"page","link":"https:\/\/blogs.ua.es\/historiaorihuela\/bibliografia\/","title":{"rendered":"Bibliograf\u00eda"},"content":{"rendered":"<p><strong>Poblaci\u00f3n<\/strong><\/p>\n<p>OJEDA NIETO, Jos\u00e9.\u00a0<i>La<\/i>\u00a0<i>ciudad de Orihuela en la \u00e9poca de auge foral (siglos XVI-XVII)<\/i>, Concejal\u00eda de Cultura del Excmo. Ayuntamiento de Orihuela. Cuadernos de temas Oriolanos, n\u00ba 3. Orihuela, 2007.<\/p>\n<p>GARC\u00cdA BALLESTER, Lu\u00eds, \u00a0MAYER BEN\u00cdTEZ, Jos\u00e9 M. <em>Primer Congreso de Historia del Pa\u00eds Valenciano (celebrado en Valencia del 14 al 18 de abril de 1971)<\/em>, volumen 3, Universidad de Valencia, 1976, p\u00e1gs. 401-410.<\/p>\n<p><strong>Sociedad<\/strong><\/p>\n<p>OJEDA NIETO, Jos\u00e9.\u00a0<i>La<\/i> <i>ciudad de Orihuela en la \u00e9poca de auge foral (siglos XVI-XVII)<\/i>, Concejal\u00eda de Cultura del Excmo. Ayuntamiento de Orihuela. Cuadernos de temas Oriolanos, n\u00ba 3. Orihuela, 2007.<\/p>\n<p>GALIANO P\u00c9REZ, Antonio. <em>Cofrad\u00edas y otras asociaciones religiosas, en la Edad Moderna<\/em>. Universidad de Alicante, Tesis Doctoral, 2004.<\/p>\n<p>GARC\u00cdA BALLESTER, Lu\u00eds, \u00a0MAYER BEN\u00cdTEZ, Jos\u00e9 M.\u00a0<em>Primer Congreso de Historia del Pa\u00eds Valenciano (celebrado en Valencia del 14 al 18 de abril de 1971)<\/em>, volumen 3, Universidad de Valencia, 1976, p\u00e1gs. 401-410.<\/p>\n<p><strong>Pol\u00edtica<\/strong><\/p>\n<p>CARRASCO, Antonio. <em>Una Aportaci\u00f3n al estudio de las German\u00edas Valencianas: El Saco de Orihuela.<\/em>\u00a0Universidad de Alicante, revista de Historia Moderna, 1998-1999, pp. 219-234.<\/p>\n<p>CARRASCO, Antonio.\u00a0<em>La ciudad de Orihuela y el Pleito del\u00a0Obispado en la Edad Moderna.\u00a0<\/em>Universidad de Alicante, Tesis Doctoral, 2001.<\/p>\n<p>NIETO FERNANDEZ, Agust\u00edn. O<em>rihuela en sus documentos III: Los Franciscanos en Orihuela y su Comarca Siglos XIV-XX,\u00a0<\/em>Instituto Te\u00f3logico Franciscano, 1992, pp. 373-376.<\/p>\n<p>GARC\u00cdA ORO, Jos\u00e9.\u00a0<em>Diccionario de Historia Eclesi\u00e1stica de Espa\u00f1a<\/em>. Madrid, 1972, pp. 1238-1239<\/p>\n<p><strong>Administraci\u00f3n<\/strong><\/p>\n<p>BERNABE, David.<em> Hacienda y Mercado Urbano en la Orihuela Foral Moderna<\/em>,\u00a0Instituto de Cultura Juan Gil-Albert,\u00a01989.<\/p>\n<p>BERNABE, David. <em>Monarqu\u00eda y patriciado urbano en Orihuela<\/em>,\u00a0Universidad de Alicante, 1989.<\/p>\n<p>IRLES VICENTE Maria del Carmen. <em>El control del Municipio Borb\u00f3nico<\/em>, La Reforma Municipal de 1747 en Orihuela, Universidad de Alicante, 1990.<\/p>\n<p><strong>Cultura<\/strong><\/p>\n<p>MART\u00cdNEZ GOMIS, Mario, <i>Tesis doctoral \u201cLa Universidad de Orihuela 1610-1807. Un centro de estudios superiores entre el Barroco y la Ilustraci\u00f3n\u201d<\/i>, Universidad de Alicante, 1986, p\u00e1g., 486-502.<\/p>\n<p>BIBLIOTECA P\u00daBLICA DEL ESTADO FERNANDO DE LOAZES DE ORIHUELA, <i>\u201cOrihuela, referente cultural de la Historia y la cultura valenciana. Exposici\u00f3n bibliogr\u00e1fica y documental\u201d<\/i>, Orihuela, 2007.<\/p>\n<p>MART\u00cdNEZ GOMIS, Mario y GARC\u00cdA TROBAT, Pilar., <i>Historia de las universidades valencianas<\/i>, Gr\u00e1ficas DIAZ, S.L. Instituto de Cultura \u201cJuan Gil-Albert\u201d. \u00a0San Vicente\/ Alicante, 1993.<\/p>\n<p>MART\u00cdN SANZ, M\u00aa Rosario, <i>Biblioteca P\u00fablica \u201cFernando de Loazes\u201d y Archivo Hist\u00f3rico de Orihuela,<\/i> Generalitat Valenciana. Conseller\u00eda de cultura, Educaci\u00f3 y Ciencia.<\/p>\n<p>CONSELLER\u00cdA DE CULTURA, EDUCACI\u00d3N Y CIENCIA DE LA GENERALIDAD VALENCIANA, <i>Cat\u00e1logo de Monumentos y Conjuntos de la Comunidad Valenciana<\/i>, Federico Domenech, S.A., Valencia, 1983, Tomo I.<\/p>\n<p>Enlaces<\/p>\n<p><a style=\"line-height: 1.4em\" href=\"http:\/\/www.enorihuela.com\/monumentos.html\">http:\/\/www.enorihuela.com\/monumentos.html<\/a><\/p>\n<p><strong>Econom\u00eda<\/strong><\/p>\n<p>BERNABE, David.<em>\u00a0Hacienda y Mercado Urbano en la Orihuela Foral Moderna<\/em>,\u00a0Instituto de Cultura Juan Gil-Albert,\u00a01989.<\/p>\n","protected":false},"excerpt":{"rendered":"<p>Poblaci\u00f3n OJEDA NIETO, Jos\u00e9.\u00a0La\u00a0ciudad de Orihuela en la \u00e9poca de auge foral (siglos XVI-XVII), Concejal\u00eda de Cultura del Excmo. Ayuntamiento de Orihuela. Cuadernos de temas Oriolanos, n\u00ba 3. Orihuela, 2007. GARC\u00cdA BALLESTER, Lu\u00eds, \u00a0MAYER BEN\u00cdTEZ, Jos\u00e9 M. Primer Congreso de Historia del Pa\u00eds Valenciano (celebrado en Valencia del 14 al 18 de abril de 1971), [&hellip;]<\/p>\n","protected":false},"author":1863,"featured_media":0,"parent":0,"menu_order":0,"comment_status":"open","ping_status":"open","template":"","meta":{"footnotes":""},"class_list":["post-35","page","type-page","status-publish","hentry"],"_links":{"self":[{"href":"https:\/\/blogs.ua.es\/historiaorihuela\/wp-json\/wp\/v2\/pages\/35","targetHints":{"allow":["GET"]}}],"collection":[{"href":"https:\/\/blogs.ua.es\/historiaorihuela\/wp-json\/wp\/v2\/pages"}],"about":[{"href":"https:\/\/blogs.ua.es\/historiaorihuela\/wp-json\/wp\/v2\/types\/page"}],"author":[{"embeddable":true,"href":"https:\/\/blogs.ua.es\/historiaorihuela\/wp-json\/wp\/v2\/users\/1863"}],"replies":[{"embeddable":true,"href":"https:\/\/blogs.ua.es\/historiaorihuela\/wp-json\/wp\/v2\/comments?post=35"}],"version-history":[{"count":12,"href":"https:\/\/blogs.ua.es\/historiaorihuela\/wp-json\/wp\/v2\/pages\/35\/revisions"}],"predecessor-version":[{"id":213,"href":"https:\/\/blogs.ua.es\/historiaorihuela\/wp-json\/wp\/v2\/pages\/35\/revisions\/213"}],"wp:attachment":[{"href":"https:\/\/blogs.ua.es\/historiaorihuela\/wp-json\/wp\/v2\/media?parent=35"}],"curies":[{"name":"wp","href":"https:\/\/api.w.org\/{rel}","templated":true}]}}