{"id":8,"date":"2013-09-16T17:33:17","date_gmt":"2013-09-16T17:33:17","guid":{"rendered":"https:\/\/blogs.ua.es\/historiaorihuela\/?page_id=8"},"modified":"2014-01-14T21:40:23","modified_gmt":"2014-01-14T21:40:23","slug":"presentacion","status":"publish","type":"page","link":"https:\/\/blogs.ua.es\/historiaorihuela\/presentacion\/","title":{"rendered":"Presentaci\u00f3n"},"content":{"rendered":"<p>Hola a todos y bienvenidos. Somos tres alumnos de la licenciatura de Historia de quinto curso de la UA y vamos a elaborar un blog con diversas entradas sobre la Historia de Orihuela, en la asignatura de Historia Moderna del Pa\u00eds Valenciano. Las categor\u00edas que encontraremos en este trabajo versar\u00e1n sobre los aspectos de pol\u00edtica, sociedad, econom\u00eda, cultura, poblaci\u00f3n y administraci\u00f3n.<\/p>\n<p>Los integrantes de este grupo, Itziar Llorca Chorro,\u00a0Javier P\u00e9rez Torregrosa, y Miriam T. Mu\u00f1oz Rico, esperamos, a todos aquellos que est\u00e9n interesados, que disfrut\u00e9is de la lectura de este blog.<\/p>\n<p style=\"text-align: center\"><a href=\"https:\/\/blogs.ua.es\/historiaorihuela\/files\/2013\/09\/Orihuela.jpg\"><img loading=\"lazy\" decoding=\"async\" class=\"wp-image-168 aligncenter\" alt=\"Orihuela\" src=\"https:\/\/blogs.ua.es\/historiaorihuela\/files\/2013\/09\/Orihuela-276x300.jpg\" width=\"216\" height=\"234\" srcset=\"https:\/\/blogs.ua.es\/historiaorihuela\/files\/2013\/09\/Orihuela-276x300.jpg 276w, https:\/\/blogs.ua.es\/historiaorihuela\/files\/2013\/09\/Orihuela.jpg 442w\" sizes=\"auto, (max-width: 216px) 100vw, 216px\" \/><\/a><\/p>\n<p style=\"text-align: center\"><img loading=\"lazy\" decoding=\"async\" class=\"aligncenter\" alt=\"\" src=\"http:\/\/www.orihuela-costa.eu\/images\/Orihuela_Noche_xl.jpg\" width=\"330\" height=\"237\" \/><\/p>\n","protected":false},"excerpt":{"rendered":"<p>Hola a todos y bienvenidos. Somos tres alumnos de la licenciatura de Historia de quinto curso de la UA y vamos a elaborar un blog con diversas entradas sobre la Historia de Orihuela, en la asignatura de Historia Moderna del Pa\u00eds Valenciano. Las categor\u00edas que encontraremos en este trabajo versar\u00e1n sobre los aspectos de pol\u00edtica, [&hellip;]<\/p>\n","protected":false},"author":3143,"featured_media":168,"parent":0,"menu_order":0,"comment_status":"open","ping_status":"open","template":"","meta":{"footnotes":""},"class_list":["post-8","page","type-page","status-publish","has-post-thumbnail","hentry"],"_links":{"self":[{"href":"https:\/\/blogs.ua.es\/historiaorihuela\/wp-json\/wp\/v2\/pages\/8","targetHints":{"allow":["GET"]}}],"collection":[{"href":"https:\/\/blogs.ua.es\/historiaorihuela\/wp-json\/wp\/v2\/pages"}],"about":[{"href":"https:\/\/blogs.ua.es\/historiaorihuela\/wp-json\/wp\/v2\/types\/page"}],"author":[{"embeddable":true,"href":"https:\/\/blogs.ua.es\/historiaorihuela\/wp-json\/wp\/v2\/users\/3143"}],"replies":[{"embeddable":true,"href":"https:\/\/blogs.ua.es\/historiaorihuela\/wp-json\/wp\/v2\/comments?post=8"}],"version-history":[{"count":7,"href":"https:\/\/blogs.ua.es\/historiaorihuela\/wp-json\/wp\/v2\/pages\/8\/revisions"}],"predecessor-version":[{"id":178,"href":"https:\/\/blogs.ua.es\/historiaorihuela\/wp-json\/wp\/v2\/pages\/8\/revisions\/178"}],"wp:featuredmedia":[{"embeddable":true,"href":"https:\/\/blogs.ua.es\/historiaorihuela\/wp-json\/wp\/v2\/media\/168"}],"wp:attachment":[{"href":"https:\/\/blogs.ua.es\/historiaorihuela\/wp-json\/wp\/v2\/media?parent=8"}],"curies":[{"name":"wp","href":"https:\/\/api.w.org\/{rel}","templated":true}]}}