{"id":23,"date":"2013-09-24T10:32:01","date_gmt":"2013-09-24T09:32:01","guid":{"rendered":"https:\/\/blogs.ua.es\/historiaorihuelaforal\/?page_id=23"},"modified":"2013-12-28T22:51:44","modified_gmt":"2013-12-28T21:51:44","slug":"bibliografia","status":"publish","type":"page","link":"https:\/\/blogs.ua.es\/historiaorihuelaforal\/?page_id=23","title":{"rendered":"Bibliograf\u00eda"},"content":{"rendered":"<p>BERNAB\u00c9 GIL, David. <i>Monarqu\u00eda y patriciado urbano en Orihuela, 1445-1707<\/i>. Alicante: Caja de Ahorros Provincial, Secretariado de Publicaciones de la Universidad de Alicante, 1989. 256 p. ISBN: 84-86809-75-4.<\/p>\n<p>BERNAB\u00c9 GIL, David. <i>El municipio en la corte de los Austrias: s\u00edndicos y embajadas de la ciudad de Orihuela en el siglo XVII<\/i>. Valencia: Instituci\u00f3 Alfons el Magn\u00e0nim, 2007. 377 p. ISBN: 978-84-7822-499-9. (Estudis Universitaris; 107).<\/p>\n<p>GARC\u00cdA BALLESTER, Lu\u00eds y MAYER BEN\u00cdTEZ, Jos\u00e9 M. Aproximaci\u00f3n a la historia social de la peste de Orihuela de 1648. En: <i>Medicina Espa\u00f1ola<\/i>. Valencia: Facta, 1971, n\u00ba 65, pp. 317-331.<\/p>\n<p>GARC\u00cdA SORIANO, Justo. <i>El Colegio de Predicadores y la Universidad de Orihuela<\/i> [Murcia: Domingo L. Riquelme, 1918]. Orihuela: V Centenario del Nacimiento de D. Fernando de Loaces, D.L. 1998. 231 p.<\/p>\n<p>MART\u00cdNEZ GOMIS, Mario. El problema morisco en tierras alicantinas (1520-1614); La Universidad de Orihuela, 1610-1807: un centro de estudios superiores al sur del antiguo Reino de Valencia. En: <i>Historia de la provincia de Alicante<\/i>. Murcia: Mediterr\u00e1neo, 1980-, pp. 329-366. ISBN: 84-8586-40-6.<\/p>\n<p>OJEDA NIETO, Jos\u00e9. <i>La ciudad de Orihuela en la \u00e9poca de auge foral (siglos XVI-XVII)<\/i>. Orihuela: Concejal\u00eda de Cultura, Ayuntamiento de Orihuela, 2007. 72 p. (Cuadernos de temas oriolanos; 3).<\/p>\n<p>VILAR, Juan Bautista. <i>Los moriscos del Reino de Murcia y Obispado de Orihuela<\/i>. Murcia: Real Academia Alfonso X el Sabio, 1992. 246 p. ISBN: 84-87408-45-1.<\/p>\n","protected":false},"excerpt":{"rendered":"<p>BERNAB\u00c9 GIL, David. Monarqu\u00eda y patriciado urbano en Orihuela, 1445-1707. Alicante: Caja de Ahorros Provincial, Secretariado de Publicaciones de la Universidad de Alicante, 1989. 256 p. ISBN: 84-86809-75-4. BERNAB\u00c9 GIL, David. El municipio en la corte de los Austrias: s\u00edndicos y embajadas de la ciudad de Orihuela en el siglo XVII. Valencia: Instituci\u00f3 Alfons el [&hellip;]<\/p>\n","protected":false},"author":1965,"featured_media":0,"parent":0,"menu_order":0,"comment_status":"open","ping_status":"open","template":"","meta":{"footnotes":""},"class_list":["post-23","page","type-page","status-publish","hentry"],"_links":{"self":[{"href":"https:\/\/blogs.ua.es\/historiaorihuelaforal\/index.php?rest_route=\/wp\/v2\/pages\/23","targetHints":{"allow":["GET"]}}],"collection":[{"href":"https:\/\/blogs.ua.es\/historiaorihuelaforal\/index.php?rest_route=\/wp\/v2\/pages"}],"about":[{"href":"https:\/\/blogs.ua.es\/historiaorihuelaforal\/index.php?rest_route=\/wp\/v2\/types\/page"}],"author":[{"embeddable":true,"href":"https:\/\/blogs.ua.es\/historiaorihuelaforal\/index.php?rest_route=\/wp\/v2\/users\/1965"}],"replies":[{"embeddable":true,"href":"https:\/\/blogs.ua.es\/historiaorihuelaforal\/index.php?rest_route=%2Fwp%2Fv2%2Fcomments&post=23"}],"version-history":[{"count":3,"href":"https:\/\/blogs.ua.es\/historiaorihuelaforal\/index.php?rest_route=\/wp\/v2\/pages\/23\/revisions"}],"predecessor-version":[{"id":68,"href":"https:\/\/blogs.ua.es\/historiaorihuelaforal\/index.php?rest_route=\/wp\/v2\/pages\/23\/revisions\/68"}],"wp:attachment":[{"href":"https:\/\/blogs.ua.es\/historiaorihuelaforal\/index.php?rest_route=%2Fwp%2Fv2%2Fmedia&parent=23"}],"curies":[{"name":"wp","href":"https:\/\/api.w.org\/{rel}","templated":true}]}}