{"id":26,"date":"2013-10-26T23:32:48","date_gmt":"2013-10-26T22:32:48","guid":{"rendered":"https:\/\/blogs.ua.es\/historiaorihuelaforal\/?page_id=26"},"modified":"2014-01-15T18:42:57","modified_gmt":"2014-01-15T17:42:57","slug":"introduccion-a-la-historia-de-orihuela","status":"publish","type":"page","link":"https:\/\/blogs.ua.es\/historiaorihuelaforal\/?page_id=26","title":{"rendered":"Introducci\u00f3n a la historia de Orihuela"},"content":{"rendered":"<p>Los primeros restos humanos en territorio de Orihuela datan del Calcol\u00edtico (III milenio a.C.), aunque debi\u00f3 haber presencia humana desde el Solutrense (hace 20.000 a\u00f1os), habiendo pasado tambi\u00e9n por la zona la cultura Arg\u00e1rica, que trajo desde Los Millares (Almer\u00eda) las mejoras que condujo a sus habitantes hacia la cultura ib\u00e9rica (Los Saladares, San Ant\u00f3n).<\/p>\n<figure id=\"attachment_94\" aria-describedby=\"caption-attachment-94\" style=\"width: 180px\" class=\"wp-caption alignleft\"><a style=\"color: #ff4b33;font-size: 14px\" href=\"https:\/\/blogs.ua.es\/historiaorihuelaforal\/files\/2013\/10\/R\u00edo_Segura_a_su_paso_por_Desamparados.jpg\"><img loading=\"lazy\" decoding=\"async\" class=\"wp-image-94  \" alt=\"R\u00edo_Segura,_a_su_paso_por_Desamparados\" src=\"https:\/\/blogs.ua.es\/historiaorihuelaforal\/files\/2013\/10\/R\u00edo_Segura_a_su_paso_por_Desamparados-300x225.jpg\" width=\"180\" height=\"135\" srcset=\"https:\/\/blogs.ua.es\/historiaorihuelaforal\/files\/2013\/10\/R\u00edo_Segura_a_su_paso_por_Desamparados-300x225.jpg 300w, https:\/\/blogs.ua.es\/historiaorihuelaforal\/files\/2013\/10\/R\u00edo_Segura_a_su_paso_por_Desamparados.jpg 640w\" sizes=\"auto, (max-width: 180px) 100vw, 180px\" \/><\/a><figcaption id=\"caption-attachment-94\" class=\"wp-caption-text\">R\u00edo Segura a su paso por Desamparados<\/figcaption><\/figure>\n<p>M\u00e1s tarde, griegos y fenicios introdujeron la Vega Baja en sus rutas comerciales a trav\u00e9s del r\u00edo Segura, hasta que la zona qued\u00f3 dominada por los Cartagineses. \u00c9stos construyeron una fortaleza en uno de los meandros del por entonces llamado r\u00edo Thader, y que los romanos denominaron Orcelis. Despu\u00e9s de un lento proceso de cristianizaci\u00f3n que no cuaja hasta el siglo III, las tribus germ\u00e1nicas, en su proceso de colonizaci\u00f3n peninsular, incorporan la regi\u00f3n al reino visigodo con el nombre de Aurariola, capital del condado de Or\u00f3speda. En el 579 Oriola queda convertida en capital de Auraiola, una de las ocho demarcaciones del reino de Leovigildo. Pero en este periodo destaca Teodomiro, que tras la derrota de Don Rodrigo en la batalla de Gualadlete (711) logr\u00f3 un beneficioso pacto con el val\u00ed andalus\u00ed Abd al-Aziz tras una inteligente artima\u00f1a. Esto termin\u00f3 con la llegada de Abderram\u00e1n I, que unific\u00f3 los territorios actuales de Alicante y Murcia en una provincia con Orihuela como capital y que se mantuvo as\u00ed hasta el 1031.<\/p>\n<figure id=\"attachment_93\" aria-describedby=\"caption-attachment-93\" style=\"width: 270px\" class=\"wp-caption alignright\"><img loading=\"lazy\" decoding=\"async\" class=\" wp-image-93 \" alt=\"Grabado_antiguo_de_Orihuela\" src=\"https:\/\/blogs.ua.es\/historiaorihuelaforal\/files\/2013\/10\/Grabado_antiguo_de_Orihuela-300x227.jpg\" width=\"270\" height=\"204\" srcset=\"https:\/\/blogs.ua.es\/historiaorihuelaforal\/files\/2013\/10\/Grabado_antiguo_de_Orihuela-300x227.jpg 300w, https:\/\/blogs.ua.es\/historiaorihuelaforal\/files\/2013\/10\/Grabado_antiguo_de_Orihuela.jpg 360w\" sizes=\"auto, (max-width: 270px) 100vw, 270px\" \/><figcaption id=\"caption-attachment-93\" class=\"wp-caption-text\">Antiguo grabado de la ciudad de Orihuela<\/figcaption><\/figure>\n<p>La posterior \u00e9poca de los Reinos de Taifas fue de gran esplendor cultural, a pesar de los continuos cambios y\u00a0modificaciones territoriales. Consecuencia de la Reconquista, la ciudad pasar\u00e1 a manos del m\u00e1s tarde Alfonso X el Sabio, para recaer brevemente en manos moras hasta la recuperaci\u00f3n definitiva con la ayuda de Jaime I de Arag\u00f3n; en 1304 Jaime II la anexiona de nuevo a Arag\u00f3n, incorporada al Reino de Valencia como cabeza de Gobernaci\u00f3n.<\/p>\n<p>A finales del siglo XV, Orihuela contaba con una poblaci\u00f3n de unos 7.500 habitantes cristianos y 2.500 entre moriscos y jud\u00edos. A pesar de la presencia de la Santa Inquisici\u00f3n desde 1433, exist\u00eda una gran tolerancia hacia las minor\u00edas, hasta que se decret\u00f3 la expulsi\u00f3n de los jud\u00edos en 1492. En 1488 los Reyes Cat\u00f3licos convocaron Cortes en la iglesia de Santiago para confirmar los fueros y pedir ayudas econ\u00f3micas para la campa\u00f1a de Granada.<\/p>\n<figure id=\"attachment_91\" aria-describedby=\"caption-attachment-91\" style=\"width: 210px\" class=\"wp-caption alignleft\"><img loading=\"lazy\" decoding=\"async\" class=\" wp-image-91 \" alt=\"800px-Catedral_d'Oriola,_porta_de_les_Cadenes\" src=\"https:\/\/blogs.ua.es\/historiaorihuelaforal\/files\/2013\/10\/800px-Catedral_dOriola_porta_de_les_Cadenes-300x225.jpg\" width=\"210\" height=\"158\" srcset=\"https:\/\/blogs.ua.es\/historiaorihuelaforal\/files\/2013\/10\/800px-Catedral_dOriola_porta_de_les_Cadenes-300x225.jpg 300w, https:\/\/blogs.ua.es\/historiaorihuelaforal\/files\/2013\/10\/800px-Catedral_dOriola_porta_de_les_Cadenes.jpg 800w\" sizes=\"auto, (max-width: 210px) 100vw, 210px\" \/><figcaption id=\"caption-attachment-91\" class=\"wp-caption-text\">Catedral de Orihuela<\/figcaption><\/figure>\n<p>Pero la fabulosa situaci\u00f3n de la ciudad no era compartida por todos sus habitantes, que en 1520 se levantan contra el gobierno en la German\u00eda para pedir sus derechos a estar en el <i>Consell<\/i> y rebajar el poder de la nobleza en el mismo, pero el rechazo de las autoridades a sus peticiones precipit\u00f3 el mot\u00edn. Sin embargo, los agermanados, dirigidos por Pedro Palomares ser\u00edan proscritos por el rey Carlos I y seguidamente derrotados por el Marqu\u00e9s de los V\u00e9lez y sus tropas.<\/p>\n<p style=\"text-align: left\">En 1564, tras largas disputas y problemas, se crea el obispado de Orihuela, que queda as\u00ed separado de la di\u00f3cesis de Cartagena. Asimismo, en 1610 se abre la universidad de Orihuela, regentada por los dominicos y que permanecer\u00eda abierta hasta 1807.<\/p>\n<figure id=\"attachment_96\" aria-describedby=\"caption-attachment-96\" style=\"width: 179px\" class=\"wp-caption alignright\"><a href=\"https:\/\/blogs.ua.es\/historiaorihuelaforal\/files\/2013\/10\/PPuerta-de-la-Universidad.jpg\"><img loading=\"lazy\" decoding=\"async\" class=\" wp-image-96 \" alt=\"PPuerta-de-la-Universidad\" src=\"https:\/\/blogs.ua.es\/historiaorihuelaforal\/files\/2013\/10\/PPuerta-de-la-Universidad-224x300.jpg\" width=\"179\" height=\"240\" srcset=\"https:\/\/blogs.ua.es\/historiaorihuelaforal\/files\/2013\/10\/PPuerta-de-la-Universidad-224x300.jpg 224w, https:\/\/blogs.ua.es\/historiaorihuelaforal\/files\/2013\/10\/PPuerta-de-la-Universidad.jpg 599w\" sizes=\"auto, (max-width: 179px) 100vw, 179px\" \/><\/a><figcaption id=\"caption-attachment-96\" class=\"wp-caption-text\">Puerta de la Universidad, actual Colegio Santo Domingo<\/figcaption><\/figure>\n<p>La tendencia de prosperidad se rompe a mediados del siglo XVII, cuando la peste y los problemas econ\u00f3micos hacen ceder la hegemon\u00eda a la ciudad de Alicante, a donde se traspasa la bail\u00eda general.<\/p>\n<p>Durante la Guerra de Sucesi\u00f3n, el Marqu\u00e9s de Rafal alz\u00f3 la ciudad en favor del Archiduque, pero fue derrotado por el ej\u00e9rcito borb\u00f3nico enviado por el cardenal Belluga. De este modo, la ciudad fue conquistada y saqueada y sus fueros y privilegios abolidos por Felipe V, y la lengua valenciana desaparecer\u00eda de los documentos p\u00fablicos. La Universidad comenz\u00f3 as\u00ed a decaer por falta de rentas, y al poco tiempo perdi\u00f3 su facultad de Medicina. Pero un potente impulso colonizador devolvi\u00f3 el esplendor econ\u00f3mico y demogr\u00e1fico a la ciudad, con el desarrollo del comercio de la seda y la fiebre constructiva que transform\u00f3 a Orihuela en una ciudad Barroca, acabando as\u00ed con su periodo foral.<\/p>\n","protected":false},"excerpt":{"rendered":"<p>Los primeros restos humanos en territorio de Orihuela datan del Calcol\u00edtico (III milenio a.C.), aunque debi\u00f3 haber presencia humana desde el Solutrense (hace 20.000 a\u00f1os), habiendo pasado tambi\u00e9n por la zona la cultura Arg\u00e1rica, que trajo desde Los Millares (Almer\u00eda) las mejoras que condujo a sus habitantes hacia la cultura ib\u00e9rica (Los Saladares, San Ant\u00f3n). [&hellip;]<\/p>\n","protected":false},"author":1965,"featured_media":0,"parent":0,"menu_order":0,"comment_status":"open","ping_status":"open","template":"","meta":{"footnotes":""},"class_list":["post-26","page","type-page","status-publish","hentry"],"_links":{"self":[{"href":"https:\/\/blogs.ua.es\/historiaorihuelaforal\/index.php?rest_route=\/wp\/v2\/pages\/26","targetHints":{"allow":["GET"]}}],"collection":[{"href":"https:\/\/blogs.ua.es\/historiaorihuelaforal\/index.php?rest_route=\/wp\/v2\/pages"}],"about":[{"href":"https:\/\/blogs.ua.es\/historiaorihuelaforal\/index.php?rest_route=\/wp\/v2\/types\/page"}],"author":[{"embeddable":true,"href":"https:\/\/blogs.ua.es\/historiaorihuelaforal\/index.php?rest_route=\/wp\/v2\/users\/1965"}],"replies":[{"embeddable":true,"href":"https:\/\/blogs.ua.es\/historiaorihuelaforal\/index.php?rest_route=%2Fwp%2Fv2%2Fcomments&post=26"}],"version-history":[{"count":6,"href":"https:\/\/blogs.ua.es\/historiaorihuelaforal\/index.php?rest_route=\/wp\/v2\/pages\/26\/revisions"}],"predecessor-version":[{"id":89,"href":"https:\/\/blogs.ua.es\/historiaorihuelaforal\/index.php?rest_route=\/wp\/v2\/pages\/26\/revisions\/89"}],"wp:attachment":[{"href":"https:\/\/blogs.ua.es\/historiaorihuelaforal\/index.php?rest_route=%2Fwp%2Fv2%2Fmedia&parent=26"}],"curies":[{"name":"wp","href":"https:\/\/api.w.org\/{rel}","templated":true}]}}