{"id":30,"date":"2013-10-22T19:22:00","date_gmt":"2013-10-22T19:22:00","guid":{"rendered":"https:\/\/blogs.ua.es\/historiaorihuelamedieval\/?page_id=30"},"modified":"2013-12-31T02:43:33","modified_gmt":"2013-12-31T02:43:33","slug":"valoracion-personal-del-trabajo","status":"publish","type":"page","link":"https:\/\/blogs.ua.es\/historiaorihuelamedieval\/valoracion-personal-del-trabajo\/","title":{"rendered":"Valoraci\u00f3n personal del trabajo"},"content":{"rendered":"<p style=\"text-align: justify\">El enfrentarse a las tecnolog\u00edas requiere un esfuerzo constante de adaptaci\u00f3n, de comprensi\u00f3n de un nuevo lenguaje, un &#8220;vuelta a empezar&#8221;, que cuando apenas has conseguido manejar y comprender una herramienta, como pueda ser el power point o simplemente un nuevo m\u00f3vil, lo desechas por obsoleto y comienzas el aprendizaje del pen\u00faltimo aparato o programa del mercado (lo \u00faltimo se lo dejamos a los \u201cfrikis\u201d).<br \/>\nEn este caso, el manejo de un blog ha supuesto una tarea novedosa, que ha necesitado de paciencia y ayuda de los compa\u00f1eros. Pero tambi\u00e9n reconozco que comprender un poco su manejo es muy \u00fatil y abre la puerta a posibles usos en otras actividades.<br \/>\nEn cuanto al contenido del trabajo en s\u00ed, ha supuesto una oportunidad de conocer un poco m\u00e1s de la historia de Orihuela y comprender mejor la idiosincrasia de sus gentes, tanto con los art\u00edculos que yo he propuesto como por los de mis compa\u00f1eras.<br \/>\nEn especial, me ha encantado ahondar en ciertos aspectos sobre su identidad, sobre esos sentimientos encontrados entre lo valenciano, lo catal\u00e1n y lo murciano y, sobre ese sentimiento, que me parece a m\u00ed, que tienen los oriolanos de ser diferentes e independientes.<\/p>\n<p><strong>Firmado: Ana Mel\u00e9ndez<\/strong><\/p>\n<p>&nbsp;<\/p>\n<p style=\"text-align: justify\">Por mi parte no ha sido dif\u00edcil el trabajar con un blog, para bien o para mal ya ten\u00eda cierta experiencia, aunque wordpress es tan diferente a blogger que la verdad es que he tenido que buscar algunas cosas en google.<\/p>\n<p>&nbsp;<\/p>\n<p style=\"text-align: justify\">En lo del trabajo tengo sentimientos encontrados. Contrariamente a lo que cre\u00eda me ha gustado conocer m\u00e1s de la historia de Orihuela, no me ha parecido aburrido y adem\u00e1s me he dado cuenta de que me encanta el tema de la lengua en esa ciudad; pero por contra, me fastidia haber le\u00eddo tanto, bastante m\u00e1s de lo que sale en la bibliograf\u00eda, para poner poco y sin extenderme mucho porque hab\u00eda l\u00edmite para ello.<\/p>\n<p>&nbsp;<\/p>\n<p style=\"text-align: justify\">De cualquier manera ha sido un descubrimiento grato y tengo por ah\u00ed todav\u00eda material para leer aunque esto haya acabado.<\/p>\n<p><strong>Firmado: Mar\u00eda Jos\u00e9 Almaz\u00e1n<\/strong><\/p>\n<p>&nbsp;<\/p>\n<p style=\"text-align: justify\">Yo personalmente opino que ha sido estimulante esta forma de trabajar y novedosa, al menos para m\u00ed. Participando en este blog he aprendido a ser un poco bloggera y espero que esta experiencia me d\u00e9 \u00e1nimos \u00a0para hacer mi propio blog, lo que no demorar\u00e9 demasiado, porque tal como ha comentado Ana en su opini\u00f3n, las tecnolog\u00edas avanzan tan r\u00e1pido que si tardo un \u00a0poco m\u00e1s esto ya se queda tambi\u00e9n obsoleto. Adem\u00e1s me ha aportado conocimientos que desconoc\u00eda sobre distintos aspectos de \u00a0Orihuela en \u00e9poca bajomedieval, aunque para mi gusto han sido unos siglos un poco alejados en el tiempo de la edad moderna, pero no por ello menos interesantes.<\/p>\n<p style=\"text-align: justify\">El aspecto que me ha parecido m\u00e1s curioso ha sido que los eclesi\u00e1sticos no estuvieran exentos de pagar impuestos como fueron las sisas. Es este un tema que ha generado pol\u00e9mica en nuestro mundo actual, si debe la Iglesia Cat\u00f3lica pagar impuestos como el IBI por algunos de sus monumentos o no debe hacerlo.<\/p>\n<p style=\"text-align: justify\"><strong>Firmado: Maribel Rubiales<\/strong><\/p>\n","protected":false},"excerpt":{"rendered":"<p>El enfrentarse a las tecnolog\u00edas requiere un esfuerzo constante de adaptaci\u00f3n, de comprensi\u00f3n de un nuevo lenguaje, un &#8220;vuelta a empezar&#8221;, que cuando apenas has conseguido manejar y comprender una herramienta, como pueda ser el power point o simplemente un nuevo m\u00f3vil, lo desechas por obsoleto y comienzas el aprendizaje del pen\u00faltimo aparato o programa [&hellip;]<\/p>\n","protected":false},"author":3170,"featured_media":0,"parent":0,"menu_order":0,"comment_status":"open","ping_status":"open","template":"","meta":{"footnotes":""},"class_list":["post-30","page","type-page","status-publish","hentry"],"_links":{"self":[{"href":"https:\/\/blogs.ua.es\/historiaorihuelamedieval\/wp-json\/wp\/v2\/pages\/30","targetHints":{"allow":["GET"]}}],"collection":[{"href":"https:\/\/blogs.ua.es\/historiaorihuelamedieval\/wp-json\/wp\/v2\/pages"}],"about":[{"href":"https:\/\/blogs.ua.es\/historiaorihuelamedieval\/wp-json\/wp\/v2\/types\/page"}],"author":[{"embeddable":true,"href":"https:\/\/blogs.ua.es\/historiaorihuelamedieval\/wp-json\/wp\/v2\/users\/3170"}],"replies":[{"embeddable":true,"href":"https:\/\/blogs.ua.es\/historiaorihuelamedieval\/wp-json\/wp\/v2\/comments?post=30"}],"version-history":[{"count":9,"href":"https:\/\/blogs.ua.es\/historiaorihuelamedieval\/wp-json\/wp\/v2\/pages\/30\/revisions"}],"predecessor-version":[{"id":189,"href":"https:\/\/blogs.ua.es\/historiaorihuelamedieval\/wp-json\/wp\/v2\/pages\/30\/revisions\/189"}],"wp:attachment":[{"href":"https:\/\/blogs.ua.es\/historiaorihuelamedieval\/wp-json\/wp\/v2\/media?parent=30"}],"curies":[{"name":"wp","href":"https:\/\/api.w.org\/{rel}","templated":true}]}}