{"id":32,"date":"2013-10-22T19:22:14","date_gmt":"2013-10-22T19:22:14","guid":{"rendered":"https:\/\/blogs.ua.es\/historiaorihuelamedieval\/?page_id=32"},"modified":"2013-12-01T18:16:39","modified_gmt":"2013-12-01T18:16:39","slug":"introduccion","status":"publish","type":"page","link":"https:\/\/blogs.ua.es\/historiaorihuelamedieval\/introduccion\/","title":{"rendered":"Introducci\u00f3n"},"content":{"rendered":"<header>\n<h1><a title=\"Enlace a... Introducci\u00f3n\" href=\"https:\/\/blogs.ua.es\/historiaorihuelamedieval\/2013\/10\/24\/introduccion\/\" rel=\"bookmark\">\u00a0<\/a><\/h1>\n<\/header>\n<div>\n<div>\n<figure id=\"attachment_35\" aria-describedby=\"caption-attachment-35\" style=\"width: 300px\" class=\"wp-caption alignright\"><a href=\"https:\/\/blogs.ua.es\/historiaorihuelamedieval\/files\/2013\/10\/Orihuela.png\"><img loading=\"lazy\" decoding=\"async\" class=\"size-medium wp-image-35 \" alt=\"Grabado antiguo de la ciudad de Orihuela con su comarca y ciudades vecinas.\" src=\"https:\/\/blogs.ua.es\/historiaorihuelamedieval\/files\/2013\/10\/Orihuela-300x227.png\" width=\"300\" height=\"227\" srcset=\"https:\/\/blogs.ua.es\/historiaorihuelamedieval\/files\/2013\/10\/Orihuela-300x227.png 300w, https:\/\/blogs.ua.es\/historiaorihuelamedieval\/files\/2013\/10\/Orihuela.png 360w\" sizes=\"auto, (max-width: 300px) 100vw, 300px\" \/><\/a><figcaption id=\"caption-attachment-35\" class=\"wp-caption-text\">Grabado antiguo de la ciudad de Orihuela con su comarca y ciudades vecinas.<\/figcaption><\/figure>\n<p style=\"text-align: justify\">\u00a0 \u00a0Orihuela es la capital hist\u00f3rica de la llamada Vega Baja del Segura. El t\u00e9rmino municipal de Orihuela es el m\u00e1s extenso de la provincia de Alicante y el segundo m\u00e1s extenso de la Comunidad Valenciana (despu\u00e9s de Requena).<\/p>\n<\/div>\n<p style=\"text-align: justify\">\u00a0 \u00a0Fue en \u00e9poca medieval durante el dominio cristiano cuando Orihuela lleg\u00f3 a su m\u00e1ximo esplendor. De esta \u00e9poca provienen la mayor\u00eda de los monumentos, destacando la Catedral del siglo XIV, la iglesia de las Santas Justa y Rufina b\u00e1sicamente g\u00f3tica de los ss. XIV y XV, los\u00a0<i>mojones del Reino<\/i>, tambi\u00e9n conocidos como\u00a0<i>Los Pinochos<\/i>, son unos monolitos de piedra caliza tallada en bloque, piramidales de 7.50 m de altura y 1.80 m de lado, su base es cuadrada. El primer amojonamiento entre Murcia y Orihuela se hizo en 1320. En 1380 para evitar las peleas por los territorios que se repet\u00edan entre Murcia y Orihuela, se orden\u00f3 un nuevo amojonamiento de ambos t\u00e9rminos con la presencia de los diputados nombrados por el rey de Castilla Juan I. En 1438 volvi\u00f3 a aparecer este problema, pero no fue hasta 1441 tras muchos debates y grandes dilaciones, cuando al fin se colocaron los mojones entre Murcia y Orihuela, mandados construir por Fernando el Cat\u00f3lico para marcar la frontera entre los reinos de Murcia (Castilla) y Valencia (Arag\u00f3n). Los actuales son una r\u00e9plica mandada poner por Carlos III debido a su mal estado de conservaci\u00f3n. Actualmente siguen manteniendo las respectivas fronteras de las Comunidades Aut\u00f3nomas de Valencia y Murcia.<\/p>\n<p style=\"text-align: justify\">\u00a0 \u00a0Y otros monumentos ya de \u00e9poca moderna como el convento de Santo Domingo del s. XVI, el Palacio Episcopal del s. XVIII y otros palacios y monasterios.<\/p>\n<p style=\"text-align: justify\">\u00a0 Orihuela tiene tambi\u00e9n una biblioteca llamada \u201cFernando de Loazes\u201d que aunque fue creada e inaugurada oficialmente el 24 de julio de 1844, su origen debe remontarse por historia hasta 1547 fecha en que el oriolano D. Fernando de Loazes, entonces Obispo de Lleida, condiciona con una de las cl\u00e1usulas que otorg\u00f3 para la fundaci\u00f3n y dotaci\u00f3n del Colegio de Santo Domingo que se instalara una sala para biblioteca. En la biblioteca tambi\u00e9n se encuentra el Archivo Municipal de Orihuela, sin duda uno de los m\u00e1s antiguos de la Comunidad Valenciana, instrumento imprescindible de consulta para cualquier investigaci\u00f3n hist\u00f3rica relacionada con la Comarca del Bajo Segura, provincia de Alicante y con especiales relaciones al Reino de Valencia. Sus fondos recogen toda la documentaci\u00f3n emanada por la instituci\u00f3n municipal oriolana desde 1353 hasta 1945. Tambi\u00e9n es interesante la secci\u00f3n de fondos antiguos de la biblioteca que son libros que abarcan desde el s. XV al XVIII, se encuentra un diccionario de Antonio de Nebrija de 1585. Antonio de Nebrija (1444-1532) fue un humanista y gram\u00e1tico espa\u00f1ol conocido por su \u201cGram\u00e1tica Catalana\u201d que public\u00f3 en 1492.<\/p>\n<p style=\"text-align: justify\">Este es s\u00f3lo el principio de muchas otras cosas interesantes que nos quedan por descubrir de la Orihuela bajomedieval.<\/p>\n<div style=\"text-align: justify\"><\/div>\n<\/div>\n<footer>\n<div style=\"text-align: justify\"><a title=\"Enlace a... Introducci\u00f3n\" href=\"https:\/\/blogs.ua.es\/historiaorihuelamedieval\/2013\/10\/24\/introduccion\/\" rel=\"nofollow\">\u00a0<\/a><\/div>\n<div style=\"text-align: justify\"><span style=\"font-size: 16px\">\u00a0<\/span><\/div>\n<\/footer>\n","protected":false},"excerpt":{"rendered":"<p>\u00a0 \u00a0 \u00a0Orihuela es la capital hist\u00f3rica de la llamada Vega Baja del Segura. El t\u00e9rmino municipal de Orihuela es el m\u00e1s extenso de la provincia de Alicante y el segundo m\u00e1s extenso de la Comunidad Valenciana (despu\u00e9s de Requena). \u00a0 \u00a0Fue en \u00e9poca medieval durante el dominio cristiano cuando Orihuela lleg\u00f3 a su m\u00e1ximo [&hellip;]<\/p>\n","protected":false},"author":3170,"featured_media":0,"parent":0,"menu_order":0,"comment_status":"open","ping_status":"open","template":"","meta":{"footnotes":""},"class_list":["post-32","page","type-page","status-publish","hentry"],"_links":{"self":[{"href":"https:\/\/blogs.ua.es\/historiaorihuelamedieval\/wp-json\/wp\/v2\/pages\/32","targetHints":{"allow":["GET"]}}],"collection":[{"href":"https:\/\/blogs.ua.es\/historiaorihuelamedieval\/wp-json\/wp\/v2\/pages"}],"about":[{"href":"https:\/\/blogs.ua.es\/historiaorihuelamedieval\/wp-json\/wp\/v2\/types\/page"}],"author":[{"embeddable":true,"href":"https:\/\/blogs.ua.es\/historiaorihuelamedieval\/wp-json\/wp\/v2\/users\/3170"}],"replies":[{"embeddable":true,"href":"https:\/\/blogs.ua.es\/historiaorihuelamedieval\/wp-json\/wp\/v2\/comments?post=32"}],"version-history":[{"count":5,"href":"https:\/\/blogs.ua.es\/historiaorihuelamedieval\/wp-json\/wp\/v2\/pages\/32\/revisions"}],"predecessor-version":[{"id":78,"href":"https:\/\/blogs.ua.es\/historiaorihuelamedieval\/wp-json\/wp\/v2\/pages\/32\/revisions\/78"}],"wp:attachment":[{"href":"https:\/\/blogs.ua.es\/historiaorihuelamedieval\/wp-json\/wp\/v2\/media?parent=32"}],"curies":[{"name":"wp","href":"https:\/\/api.w.org\/{rel}","templated":true}]}}