{"id":11,"date":"2015-11-30T16:54:38","date_gmt":"2015-11-30T16:54:38","guid":{"rendered":"https:\/\/blogs.ua.es\/historiaredescubrimientohumanista\/?page_id=11"},"modified":"2015-12-15T11:25:26","modified_gmt":"2015-12-15T11:25:26","slug":"valoracion","status":"publish","type":"page","link":"https:\/\/blogs.ua.es\/historiaredescubrimientohumanista\/valoracion\/","title":{"rendered":"Valoraci\u00f3n"},"content":{"rendered":"<p>Los tres autores del blog estamos de acuerdo en que la realizaci\u00f3n de este trabajo para la asignatura de Los Estados Modernos hasta la Paz de Westfalia nos ha sido muy \u00fatil para adquirir m\u00e1s conocimientos sobre el Renacimiento italiano y el renacimiento de la historia de manos de los humanistas en este momento y lo que signific\u00f3 para ese per\u00edodo, habiendo muchos aspectos que desconoc\u00edamos sobre las aportaciones de los humanistas tras el estudio y puesta de nuevo en valor de las civilizaciones cl\u00e1sicas, pese a que en Italia estaba claro que era el lugar donde iban a resurgir los saberes cl\u00e1sicos, al haber permanecido en esta civilizaci\u00f3n estos saberes y haber evolucionado a lo largo de los siglos.<\/p>\n<p>Nos sorprendimos de cuantas entradas y campos pudimos escribir, adquiriendo experiencia a la hora de buscar informaci\u00f3n.<\/p>\n<p>Su realizaci\u00f3n ha requerido esfuerzo y compromiso por parte de los tres, destinando parte de nuestro tiempo y dedicaci\u00f3n a ello.<\/p>\n","protected":false},"excerpt":{"rendered":"<p>Los tres autores del blog estamos de acuerdo en que la realizaci\u00f3n de este trabajo para la asignatura de Los Estados Modernos hasta la Paz de Westfalia nos ha sido muy \u00fatil para adquirir m\u00e1s conocimientos sobre el Renacimiento italiano &hellip; <a href=\"https:\/\/blogs.ua.es\/historiaredescubrimientohumanista\/valoracion\/\">Continue reading <span class=\"meta-nav\">&rarr;<\/span><\/a><\/p>\n","protected":false},"author":1858,"featured_media":0,"parent":0,"menu_order":4,"comment_status":"closed","ping_status":"closed","template":"","meta":{"footnotes":""},"class_list":["post-11","page","type-page","status-publish","hentry"],"_links":{"self":[{"href":"https:\/\/blogs.ua.es\/historiaredescubrimientohumanista\/wp-json\/wp\/v2\/pages\/11","targetHints":{"allow":["GET"]}}],"collection":[{"href":"https:\/\/blogs.ua.es\/historiaredescubrimientohumanista\/wp-json\/wp\/v2\/pages"}],"about":[{"href":"https:\/\/blogs.ua.es\/historiaredescubrimientohumanista\/wp-json\/wp\/v2\/types\/page"}],"author":[{"embeddable":true,"href":"https:\/\/blogs.ua.es\/historiaredescubrimientohumanista\/wp-json\/wp\/v2\/users\/1858"}],"replies":[{"embeddable":true,"href":"https:\/\/blogs.ua.es\/historiaredescubrimientohumanista\/wp-json\/wp\/v2\/comments?post=11"}],"version-history":[{"count":5,"href":"https:\/\/blogs.ua.es\/historiaredescubrimientohumanista\/wp-json\/wp\/v2\/pages\/11\/revisions"}],"predecessor-version":[{"id":64,"href":"https:\/\/blogs.ua.es\/historiaredescubrimientohumanista\/wp-json\/wp\/v2\/pages\/11\/revisions\/64"}],"wp:attachment":[{"href":"https:\/\/blogs.ua.es\/historiaredescubrimientohumanista\/wp-json\/wp\/v2\/media?parent=11"}],"curies":[{"name":"wp","href":"https:\/\/api.w.org\/{rel}","templated":true}]}}