{"id":7,"date":"2015-11-30T16:53:59","date_gmt":"2015-11-30T16:53:59","guid":{"rendered":"https:\/\/blogs.ua.es\/historiaredescubrimientohumanista\/?page_id=7"},"modified":"2015-12-15T11:08:31","modified_gmt":"2015-12-15T11:08:31","slug":"introduccion","status":"publish","type":"page","link":"https:\/\/blogs.ua.es\/historiaredescubrimientohumanista\/introduccion\/","title":{"rendered":"Introducci\u00f3n"},"content":{"rendered":"<p>Somos Miguel \u00c1ngel Garc\u00eda Arocas, Jos\u00e9 Ignacio P\u00e9rez Rico y Eva Guithon. Hemos realizado este trabajo del blog para la asignatura de Los Estados Modernos hasta la Paz de Westfalia, impartida por el profesor Jos\u00e9 Antonio Moreno Nieves , del tercer curso del grado en Historia de la Universidad de Alicante. En este blog vamos a hablar sobre el descubrimiento de la historia por los humanistas, centr\u00e1ndonos en la etapa renacentista, momento en el que surge el humanismo, corriente intelectual que surgi\u00f3 en estos momentos en Italia. Nuestro principal objetivo es conocer los hechos que llevaron al surgimiento de esta corriente en un pa\u00eds determinado como lo fue Italia, y lo que signific\u00f3 para la sociedad del momento la revalorizaci\u00f3n de las sociedades antiguas y sus saberes.<\/p>\n","protected":false},"excerpt":{"rendered":"<p>Somos Miguel \u00c1ngel Garc\u00eda Arocas, Jos\u00e9 Ignacio P\u00e9rez Rico y Eva Guithon. Hemos realizado este trabajo del blog para la asignatura de Los Estados Modernos hasta la Paz de Westfalia, impartida por el profesor Jos\u00e9 Antonio Moreno Nieves , del &hellip; <a href=\"https:\/\/blogs.ua.es\/historiaredescubrimientohumanista\/introduccion\/\">Continue reading <span class=\"meta-nav\">&rarr;<\/span><\/a><\/p>\n","protected":false},"author":1858,"featured_media":0,"parent":0,"menu_order":1,"comment_status":"closed","ping_status":"closed","template":"","meta":{"footnotes":""},"class_list":["post-7","page","type-page","status-publish","hentry"],"_links":{"self":[{"href":"https:\/\/blogs.ua.es\/historiaredescubrimientohumanista\/wp-json\/wp\/v2\/pages\/7","targetHints":{"allow":["GET"]}}],"collection":[{"href":"https:\/\/blogs.ua.es\/historiaredescubrimientohumanista\/wp-json\/wp\/v2\/pages"}],"about":[{"href":"https:\/\/blogs.ua.es\/historiaredescubrimientohumanista\/wp-json\/wp\/v2\/types\/page"}],"author":[{"embeddable":true,"href":"https:\/\/blogs.ua.es\/historiaredescubrimientohumanista\/wp-json\/wp\/v2\/users\/1858"}],"replies":[{"embeddable":true,"href":"https:\/\/blogs.ua.es\/historiaredescubrimientohumanista\/wp-json\/wp\/v2\/comments?post=7"}],"version-history":[{"count":4,"href":"https:\/\/blogs.ua.es\/historiaredescubrimientohumanista\/wp-json\/wp\/v2\/pages\/7\/revisions"}],"predecessor-version":[{"id":63,"href":"https:\/\/blogs.ua.es\/historiaredescubrimientohumanista\/wp-json\/wp\/v2\/pages\/7\/revisions\/63"}],"wp:attachment":[{"href":"https:\/\/blogs.ua.es\/historiaredescubrimientohumanista\/wp-json\/wp\/v2\/media?parent=7"}],"curies":[{"name":"wp","href":"https:\/\/api.w.org\/{rel}","templated":true}]}}