{"id":224,"date":"2013-12-10T09:42:58","date_gmt":"2013-12-10T09:42:58","guid":{"rendered":"https:\/\/blogs.ua.es\/historiavalencia16\/?page_id=224"},"modified":"2014-01-20T15:49:07","modified_gmt":"2014-01-20T15:49:07","slug":"bibliografia","status":"publish","type":"page","link":"https:\/\/blogs.ua.es\/historiavalencia16\/bibliografia\/","title":{"rendered":"Bibliograf\u00eda"},"content":{"rendered":"<ul>\n<li style=\"text-align: justify\">ALIAGA GIRBES, Jos\u00e9.\u00a0<em>Los tributos e impuestos valencianos en el siglo XVI.\u00a0Roma : Instituto Espa\u00f1ol de Historia Eclesi\u00e1stica, 1972. CDU:\u00a0336.2(460.31)&#8221;15&#8243;.<\/em><\/li>\n<li style=\"text-align: justify\">CHECA, Fernando. <em>Pintura y Escultura del Reancimiento en Espa\u00f1a: 1450-1600<\/em>. Madrid: Editorial C\u00e1tedra, 1983. 496p. ISBN: 9788437622767.<\/li>\n<li style=\"text-align: justify\">CISCAR PALLAR\u00c9S, Enrique, GARCIA C\u00c0RCEL, Ricard. <em>Moriscos i agermanats<\/em>. Valencia: Editorial L&#8217;Estel, 1974. 191 p. (La unitat; 14). ISBN: 84-85104-14-5.<\/li>\n<li style=\"text-align: justify\">D\u00cdEZ, Fernando. <em>Viles y Mec\u00e1nicos. Trabajo y sociedad en la Valencia preindustrial<\/em>. Burjassot: Edicions Alfons el Magn\u00e0nim, 1990. 197 p. ISBN: 84-7822-997-3.<\/li>\n<li style=\"text-align: justify\">FELIPO ORTS, Amparo. <em>La oligarqu\u00eda municipal de la ciudad de Valencia: de las german\u00edas a la insaculaci\u00f3n<\/em>. Valencia: Instituci\u00f3 Alfons el Magnanim, 2002. 379 p. ISBN: 9788478223763.<\/li>\n<li style=\"text-align: justify\">FELIPO ORTS, Amparo. Las visitas de inspecci\u00f3n a la ciudad de Valencia durante el siglo XVI. <em>Studia historica, Historia Moderna<\/em>. Salamanca: Ediciones Universidad de Salamanca, 2003, n\u00ba 25, p. 241-267. ISSN: 0213-2079.<\/li>\n<li style=\"text-align: justify\">FERRER VALLS, Teresa. \u00a0Corte virreinal, humanismo y cultura nobiliaria en la Valencia del siglo XVI. <em>Reino y ciudad: Valencia en su historia<\/em>. Madrid: Fundaci\u00f3n Caja Madrid, 2007, p. 185-200. ISBN:\u00a0978-84-89471-32-0.<\/li>\n<li style=\"text-align: justify\">GARC\u00cdA C\u00c1RCEL, Ricardo. <em>Les germanies de Valencia<\/em>. Barcelona: Ediciones 61, 1981. ISBN:\u00a0\u00a02-85816-484-2.<\/li>\n<li style=\"text-align: justify\">GARC\u00cdA C\u00c1RCEL, Ricardo. <em>Herej\u00eda y sociedad en el siglo XVI: La Inquisici\u00f3n en Valencia, 1530-1609<\/em>. Editorial Pen\u00ednsula, 1980.\u00a0ISBN:\u00a084-76362-397-3.<\/li>\n<li style=\"text-align: justify\">GARC\u00cdA C\u00c1RCEL, Ricardo. Historia de Espa\u00f1a siglos XVI-XVII: La Espa\u00f1a de los Austrias. Editorial C\u00e1tedra, Madrid, 2003.\u00a0ISBN: 858-84-82361-22-0.<\/li>\n<li style=\"text-align: justify\">GIM\u00c9NEZ L\u00d3PEZ, Enrique.\u00a0Dos d\u00e9cadas de estudios sobre el comercio valenciano en la Edad Moderna. <i>Revista de Historia Moderna.<\/i> Alicante:\u00a0Universidad de Alicante. Departamento de Historia Medieval, Historia Moderna y Ciencias y T\u00e9cnicas Historiogr\u00e1ficas, 1988, n\u00ba 6-7. ISSN:\u00a00212-5862.<\/li>\n<li style=\"text-align: justify\">GRAULLERA SANZ, Vicente.\u00a0<em>La esclavitud en Valencia en los siglos XVI y XVII<\/em>.\u00a0Valencia : Instituto Valenciano de Estudios Hist\u00f3ricos, Instituci\u00f3n Alfonso del Magn\u00e1nimo, Diputaci\u00f3n Provincial, Consejo Superior de Investigaciones Cient\u00edficas, 1978. ISBN:84-5002-587-7.<\/li>\n<li style=\"text-align: justify\">HALPERIN DONGHI, Tulio. <em>Un conflicto nacional. Moriscos y cristianos viejos en Valencia<\/em>. Valencia: Artes Gr\u00e1ficas Soler, 1980. 323 p. ISBN: 84-00-04735-4.<\/li>\n<li style=\"text-align: justify\">LLOP CATAL\u00c1, Miguel.\u00a0<em>Un aspecto econ\u00f3mico de la Valencia del siglo XVI: los salarios.\u00a0<\/em>Valencia: Ayuntamiento de Valencia, 1972. CDU:\u00a0331.2(460.31)&#8221;15&#8243;.<\/li>\n<li style=\"text-align: justify\">PONS FUSTER, Francisco. <em>Erasmitas, mecenas y humanistas en la cultura valenciana de la primera mitad del siglo XVI.\u00a0<\/em>Valencia: Instituci\u00f3 Alfons le Magnanim, 2003. ISBN:\u00a084-7822-397-5.<\/li>\n<li style=\"text-align: justify\">SANCH\u00cdS Y GUARNER, Manuel: <em>La ciutat de Valencia.<\/em> Universidad de Valencia, 1971.\u00a0ISBN:\u00a074-2542-247-2.<\/li>\n<li style=\"text-align: justify\">VELASCO Y SANTOS, Miguel: <em>Rese\u00f1a hist\u00f3rica de la Universidad de Valencia. Su origen y fundaci\u00f3n. Sus progresos y vicisitudes. Influjo que ha ejercido en el movimiento general cient\u00edfico y literario de Espa\u00f1a hasta el a\u00f1o 1845. <\/em>Valencia, Imp. Dom\u00e9nech, 1868.<\/li>\n<\/ul>\n","protected":false},"excerpt":{"rendered":"<p>ALIAGA GIRBES, Jos\u00e9.\u00a0Los tributos e impuestos valencianos en el siglo XVI.\u00a0Roma : Instituto Espa\u00f1ol de Historia Eclesi\u00e1stica, 1972. CDU:\u00a0336.2(460.31)&#8221;15&#8243;. CHECA, Fernando. Pintura y Escultura del Reancimiento en Espa\u00f1a: 1450-1600. Madrid: Editorial C\u00e1tedra, 1983. 496p. ISBN: 9788437622767. CISCAR PALLAR\u00c9S, Enrique, GARCIA C\u00c0RCEL, Ricard. Moriscos i agermanats. Valencia: Editorial L&#8217;Estel, 1974. 191 p. (La unitat; 14). ISBN: [&hellip;]<\/p>\n","protected":false},"author":1877,"featured_media":0,"parent":0,"menu_order":0,"comment_status":"open","ping_status":"open","template":"","meta":{"footnotes":""},"class_list":["post-224","page","type-page","status-publish","hentry"],"_links":{"self":[{"href":"https:\/\/blogs.ua.es\/historiavalencia16\/wp-json\/wp\/v2\/pages\/224","targetHints":{"allow":["GET"]}}],"collection":[{"href":"https:\/\/blogs.ua.es\/historiavalencia16\/wp-json\/wp\/v2\/pages"}],"about":[{"href":"https:\/\/blogs.ua.es\/historiavalencia16\/wp-json\/wp\/v2\/types\/page"}],"author":[{"embeddable":true,"href":"https:\/\/blogs.ua.es\/historiavalencia16\/wp-json\/wp\/v2\/users\/1877"}],"replies":[{"embeddable":true,"href":"https:\/\/blogs.ua.es\/historiavalencia16\/wp-json\/wp\/v2\/comments?post=224"}],"version-history":[{"count":14,"href":"https:\/\/blogs.ua.es\/historiavalencia16\/wp-json\/wp\/v2\/pages\/224\/revisions"}],"predecessor-version":[{"id":508,"href":"https:\/\/blogs.ua.es\/historiavalencia16\/wp-json\/wp\/v2\/pages\/224\/revisions\/508"}],"wp:attachment":[{"href":"https:\/\/blogs.ua.es\/historiavalencia16\/wp-json\/wp\/v2\/media?parent=224"}],"curies":[{"name":"wp","href":"https:\/\/api.w.org\/{rel}","templated":true}]}}