{"id":229,"date":"2013-12-10T09:47:17","date_gmt":"2013-12-10T09:47:17","guid":{"rendered":"https:\/\/blogs.ua.es\/historiavalencia16\/?page_id=229"},"modified":"2013-12-10T09:52:11","modified_gmt":"2013-12-10T09:52:11","slug":"introduccion","status":"publish","type":"page","link":"https:\/\/blogs.ua.es\/historiavalencia16\/introduccion\/","title":{"rendered":"Introducci\u00f3n"},"content":{"rendered":"<figure id=\"attachment_48\" aria-describedby=\"caption-attachment-48\" style=\"width: 282px\" class=\"wp-caption alignright\"><a href=\"https:\/\/blogs.ua.es\/historiavalencia16\/files\/2013\/10\/valencia-siglo-XVI.jpg\"><img loading=\"lazy\" decoding=\"async\" class=\"size-medium wp-image-48\" alt=\"Valencia en el siglo XVI\" src=\"https:\/\/blogs.ua.es\/historiavalencia16\/files\/2013\/10\/valencia-siglo-XVI-282x300.jpg\" width=\"282\" height=\"300\" srcset=\"https:\/\/blogs.ua.es\/historiavalencia16\/files\/2013\/10\/valencia-siglo-XVI-282x300.jpg 282w, https:\/\/blogs.ua.es\/historiavalencia16\/files\/2013\/10\/valencia-siglo-XVI-141x150.jpg 141w, https:\/\/blogs.ua.es\/historiavalencia16\/files\/2013\/10\/valencia-siglo-XVI.jpg 336w\" sizes=\"auto, (max-width: 282px) 100vw, 282px\" \/><\/a><figcaption id=\"caption-attachment-48\" class=\"wp-caption-text\">Valencia en el siglo XVI<\/figcaption><\/figure>\n<p style=\"text-align: justify\">Durante el siglo XV la ciudad de Valencia vive el que ha sido considerado su \u201cSiglo de Oro\u201d.\u00a0Es este un periodo en el que la ciudad capital del reino destaca en todos los \u00e1mbitos. Citar por ejemplo el gran desarrollo de la industria textil local, las grandes operaciones comerciales que convirtieron a Valencia en uno de los grandes emporios comerciales del Mediterr\u00e1neo y, como no, el florecimiento de las letras y la cultura valenciana con figuras y obras universalmente conocidas como Ausias March, Isabel de Villena, Roi\u00e7 de Corella o Joanot Martorell con su elocuente obra\u00a0<i>Tirant lo Blanc<\/i>.<\/p>\n<p style=\"text-align: justify\">Valencia era \u201cel carro que tiraba\u201d de la Corona de Arag\u00f3n, el epicentro, no obstante la situaci\u00f3n cambi\u00f3 con la uni\u00f3n con Castilla llevada a cabo por los Reyes Cat\u00f3licos a comienzos del quinientos. La ciudad que tanto hab\u00eda brillado pas\u00f3 de centro a periferia, a un papel secundario, al igual que toda la Corona de Arag\u00f3n que qued\u00f3 claramente supeditada a Castilla. A partir de ese momento Valencia fue vista para la monarqu\u00eda como poco menos que una reserva financiera de la que obtener tributos y pr\u00e9stamos para las campa\u00f1as militares.<\/p>\n<p style=\"text-align: justify\">Como las desgracias nunca parecen venir solas, en 1519 la ciudad sufri\u00f3 en sus carnes los efectos devastadores de la peste que trataremos posteriormente de forma m\u00e1s detenida, ya que fue una de las consecuencias del surgimiento de la Guerra de las German\u00edas que, como toda guerra, destruyo campos y asol\u00f3 ciudades, siendo Valencia una de las m\u00e1s afectadas.<\/p>\n<p style=\"text-align: justify\">Tras la derrota de los agermanados las consecuencias para la ciudad de Valencia, cuya poblaci\u00f3n hab\u00eda sido una de las que m\u00e1s hab\u00eda participado activamente en el conflicto, hubo de sufrir las imposiciones de la monarqu\u00eda que fue reforzando cada vez m\u00e1s su poder por ejemplo enviando cada vez m\u00e1s a castellanos para ocupar los puestos importantes de la administraci\u00f3n en Valencia, algo muy similar a lo que hizo en las otras ciudades de la Corona de Arag\u00f3n. El absolutismo mon\u00e1rquico sigui\u00f3 reforz\u00e1ndose a lo largo del siglo XVI y tambi\u00e9n durante el siglo XVII, consolid\u00e1ndose con la llegada de los Borbones, por lo que los miembros que ocupaban el gobierno de la ciudad y pr\u00e1cticamente todo lo que pod\u00eda influir en la vida pol\u00edtica hab\u00eda de contar con el benepl\u00e1cito real hasta el punto de que, en la mayor\u00eda de los casos, los cargos eran elegido por la Corona.<\/p>\n","protected":false},"excerpt":{"rendered":"<p>Durante el siglo XV la ciudad de Valencia vive el que ha sido considerado su \u201cSiglo de Oro\u201d.\u00a0Es este un periodo en el que la ciudad capital del reino destaca en todos los \u00e1mbitos. Citar por ejemplo el gran desarrollo de la industria textil local, las grandes operaciones comerciales que convirtieron a Valencia en uno [&hellip;]<\/p>\n","protected":false},"author":1877,"featured_media":0,"parent":0,"menu_order":0,"comment_status":"open","ping_status":"open","template":"","meta":{"footnotes":""},"class_list":["post-229","page","type-page","status-publish","hentry"],"_links":{"self":[{"href":"https:\/\/blogs.ua.es\/historiavalencia16\/wp-json\/wp\/v2\/pages\/229","targetHints":{"allow":["GET"]}}],"collection":[{"href":"https:\/\/blogs.ua.es\/historiavalencia16\/wp-json\/wp\/v2\/pages"}],"about":[{"href":"https:\/\/blogs.ua.es\/historiavalencia16\/wp-json\/wp\/v2\/types\/page"}],"author":[{"embeddable":true,"href":"https:\/\/blogs.ua.es\/historiavalencia16\/wp-json\/wp\/v2\/users\/1877"}],"replies":[{"embeddable":true,"href":"https:\/\/blogs.ua.es\/historiavalencia16\/wp-json\/wp\/v2\/comments?post=229"}],"version-history":[{"count":3,"href":"https:\/\/blogs.ua.es\/historiavalencia16\/wp-json\/wp\/v2\/pages\/229\/revisions"}],"predecessor-version":[{"id":296,"href":"https:\/\/blogs.ua.es\/historiavalencia16\/wp-json\/wp\/v2\/pages\/229\/revisions\/296"}],"wp:attachment":[{"href":"https:\/\/blogs.ua.es\/historiavalencia16\/wp-json\/wp\/v2\/media?parent=229"}],"curies":[{"name":"wp","href":"https:\/\/api.w.org\/{rel}","templated":true}]}}