{"id":4,"date":"2013-09-17T09:12:27","date_gmt":"2013-09-17T09:12:27","guid":{"rendered":"https:\/\/blogs.ua.es\/historiavalencia16\/?page_id=4"},"modified":"2013-12-10T09:43:48","modified_gmt":"2013-12-10T09:43:48","slug":"presentacion","status":"publish","type":"page","link":"https:\/\/blogs.ua.es\/historiavalencia16\/presentacion\/","title":{"rendered":"Presentaci\u00f3n"},"content":{"rendered":"<p>Hola,<\/p>\n<p>Somos tres alumnos de la Universidad de Alicante, David Quiles, Carmelo Santo y Laura Sirvent, que nos disponemos a dar a conocer en el siguiente blog como era la ciudad de Valencia durante el siglo XVI, precisamente en el momento en el que la ciudad comienza a perder el protagonismo pol\u00edtico, econ\u00f3mico y cultural que hab\u00eda tenido a lo largo del cuatrocientos .<\/p>\n<p>Nuestra misi\u00f3n es abordar diferentes aspectos acerca de la ciudad como puede ser la pol\u00edtica, administraci\u00f3n, cultura, sociedad, econom\u00eda, pol\u00edtica y religi\u00f3n con el fin de ofrecer una fuente de informaci\u00f3n lo m\u00e1s completa posible y que, ante todo, pueda ser \u00fatil a todo aquel desee consultar esta peque\u00f1a contribuci\u00f3n a la historia.<\/p>\n<p>Ser \u00fatil es el fin de todo blog y, m\u00e1s ampliamente, de toda fuente de informaci\u00f3n que se precie, por lo que vamos a pedir que ante cualquier sugerencia, error (puesto que como humanos podemos cometerlos), dudas o sugerencias no dud\u00e9is en dejar tantos comentarios quer\u00e1is.<\/p>\n<p>Simplemente a\u00f1adir que espero que disfrut\u00e9is de este peque\u00f1o rinc\u00f3n de la red que a partir de hoy iremos creando y esperemos que al final todos podamos aprender sobre las costumbres, pol\u00edtica o sociedad de la Valencia del siglo XVI.<\/p>\n<p>Gracias por leernos, estamos a vuestra disposici\u00f3n.<\/p>\n","protected":false},"excerpt":{"rendered":"<p>Hola, Somos tres alumnos de la Universidad de Alicante, David Quiles, Carmelo Santo y Laura Sirvent, que nos disponemos a dar a conocer en el siguiente blog como era la ciudad de Valencia durante el siglo XVI, precisamente en el momento en el que la ciudad comienza a perder el protagonismo pol\u00edtico, econ\u00f3mico y cultural [&hellip;]<\/p>\n","protected":false},"author":1877,"featured_media":0,"parent":0,"menu_order":0,"comment_status":"open","ping_status":"open","template":"","meta":{"footnotes":""},"class_list":["post-4","page","type-page","status-publish","hentry"],"_links":{"self":[{"href":"https:\/\/blogs.ua.es\/historiavalencia16\/wp-json\/wp\/v2\/pages\/4","targetHints":{"allow":["GET"]}}],"collection":[{"href":"https:\/\/blogs.ua.es\/historiavalencia16\/wp-json\/wp\/v2\/pages"}],"about":[{"href":"https:\/\/blogs.ua.es\/historiavalencia16\/wp-json\/wp\/v2\/types\/page"}],"author":[{"embeddable":true,"href":"https:\/\/blogs.ua.es\/historiavalencia16\/wp-json\/wp\/v2\/users\/1877"}],"replies":[{"embeddable":true,"href":"https:\/\/blogs.ua.es\/historiavalencia16\/wp-json\/wp\/v2\/comments?post=4"}],"version-history":[{"count":7,"href":"https:\/\/blogs.ua.es\/historiavalencia16\/wp-json\/wp\/v2\/pages\/4\/revisions"}],"predecessor-version":[{"id":226,"href":"https:\/\/blogs.ua.es\/historiavalencia16\/wp-json\/wp\/v2\/pages\/4\/revisions\/226"}],"wp:attachment":[{"href":"https:\/\/blogs.ua.es\/historiavalencia16\/wp-json\/wp\/v2\/media?parent=4"}],"curies":[{"name":"wp","href":"https:\/\/api.w.org\/{rel}","templated":true}]}}