{"id":132,"date":"2013-12-10T10:16:15","date_gmt":"2013-12-10T10:16:15","guid":{"rendered":"https:\/\/blogs.ua.es\/historiavalenciamedieval\/?page_id=132"},"modified":"2014-07-11T11:48:38","modified_gmt":"2014-07-11T11:48:38","slug":"introduccion","status":"publish","type":"page","link":"https:\/\/blogs.ua.es\/historiavalenciamedieval\/introduccion\/","title":{"rendered":"INTRODUCCI\u00d3N HIST\u00d3RICA"},"content":{"rendered":"<figure id=\"attachment_220\" aria-describedby=\"caption-attachment-220\" style=\"width: 300px\" class=\"wp-caption alignright\"><a href=\"https:\/\/blogs.ua.es\/historiavalenciamedieval\/files\/2013\/12\/jaume-ipg-e1320834763986-1.jpg\"><img loading=\"lazy\" decoding=\"async\" class=\"size-medium wp-image-220 \" title=\"Jaime I\" alt=\"jaume-ipg-e1320834763986 (1)\" src=\"https:\/\/blogs.ua.es\/historiavalenciamedieval\/files\/2013\/12\/jaume-ipg-e1320834763986-1-300x195.jpg\" width=\"300\" height=\"195\" srcset=\"https:\/\/blogs.ua.es\/historiavalenciamedieval\/files\/2013\/12\/jaume-ipg-e1320834763986-1-300x195.jpg 300w, https:\/\/blogs.ua.es\/historiavalenciamedieval\/files\/2013\/12\/jaume-ipg-e1320834763986-1.jpg 460w\" sizes=\"auto, (max-width: 300px) 100vw, 300px\" \/><\/a><figcaption id=\"caption-attachment-220\" class=\"wp-caption-text\">Jaime I<\/figcaption><\/figure>\n<p>A lo largo de su historia la ciudad de Valencia ha sido espectadora del nacimiento y decadencia de numerosas culturas. Desde los primeros asentamientos griegos, pasando por el \u00a0esplendor romano y la cultura isl\u00e1mica. Pero en el a\u00f1o 1233 el rey Jaime I inicia un proceso conquistador para devolver la ciudad a \u00f3rbita cristiana y que supondr\u00e1 la constituci\u00f3n de Valencia como reino.<\/p>\n<p>El reino de Valencia nace oficialmente el 28 de Septiembre de 1238 \u00a0y se mantiene en vigor hasta el 29 de Junio de 1707 con la promulgaci\u00f3n de los Decretos de Nueva Planta que abol\u00edan las instituciones de los reinos del este peninsular.<\/p>\n<p>Durante la etapa medieval la ciudad \u00a0sufri\u00f3 una fuerte colonizaci\u00f3n cristiana proveniente de otros reinos y la mayor\u00eda de los musulmanes fueron expulsados. El reino adquiri\u00f3 una identidad pol\u00edtica propia a pesar de estar ubicado en la influencia de la Corona de Arag\u00f3n. A partir de este momento la ciudad experimento un notable cambio en la sociedad y en la cultura que son la base del pueblo valenciano tal y como lo conocemos hoy.<\/p>\n<figure id=\"attachment_221\" aria-describedby=\"caption-attachment-221\" style=\"width: 300px\" class=\"wp-caption alignright\"><a href=\"https:\/\/blogs.ua.es\/historiavalenciamedieval\/files\/2013\/12\/Mapa-del-Reino-de-Valencia-del-ano-1607.jpg\"><img loading=\"lazy\" decoding=\"async\" class=\"size-medium wp-image-221 \" title=\"Reino de Valencia\" alt=\"Mapa-del-Reino-de-Valencia-del-ano-1607\" src=\"https:\/\/blogs.ua.es\/historiavalenciamedieval\/files\/2013\/12\/Mapa-del-Reino-de-Valencia-del-ano-1607-300x248.jpg\" width=\"300\" height=\"248\" srcset=\"https:\/\/blogs.ua.es\/historiavalenciamedieval\/files\/2013\/12\/Mapa-del-Reino-de-Valencia-del-ano-1607-300x248.jpg 300w, https:\/\/blogs.ua.es\/historiavalenciamedieval\/files\/2013\/12\/Mapa-del-Reino-de-Valencia-del-ano-1607-1024x847.jpg 1024w, https:\/\/blogs.ua.es\/historiavalenciamedieval\/files\/2013\/12\/Mapa-del-Reino-de-Valencia-del-ano-1607.jpg 2000w\" sizes=\"auto, (max-width: 300px) 100vw, 300px\" \/><\/a><figcaption id=\"caption-attachment-221\" class=\"wp-caption-text\">Reino de Valencia<\/figcaption><\/figure>\n<p>La ciudad creci\u00f3 econ\u00f3micamente y poblacionalmente, convirti\u00e9ndose en un destino recurrente de nobles y artistas. En 1348 fue sacudida por la peste negra y en los a\u00f1os posteriores fue testigo de varias guerras contra el reino de Castilla.<\/p>\n<p>Ya en el siglo XV la ciudad sufre un auge econ\u00f3mico, cultural y pol\u00edtico que es conocido como el Siglo de Oro Valenciano y que se caracteriza por ser una \u00e9poca esplendorosa.<\/p>\n<p>Sera esta \u00e9poca en la que se centre nuestro blog y en la que se trataran aspectos de su pol\u00edtica, administraci\u00f3n, \u00a0poblaci\u00f3n, econom\u00eda, sociedad y cultura.<\/p>\n","protected":false},"excerpt":{"rendered":"<p>A lo largo de su historia la ciudad de Valencia ha sido espectadora del nacimiento y decadencia de numerosas culturas. Desde los primeros asentamientos griegos, pasando por el \u00a0esplendor romano y la cultura isl\u00e1mica. Pero en el a\u00f1o 1233 el rey Jaime I inicia un proceso conquistador para devolver la ciudad a \u00f3rbita cristiana y [&hellip;]<\/p>\n","protected":false},"author":3184,"featured_media":0,"parent":0,"menu_order":2,"comment_status":"open","ping_status":"closed","template":"","meta":{"footnotes":""},"class_list":["post-132","page","type-page","status-publish","hentry"],"_links":{"self":[{"href":"https:\/\/blogs.ua.es\/historiavalenciamedieval\/wp-json\/wp\/v2\/pages\/132","targetHints":{"allow":["GET"]}}],"collection":[{"href":"https:\/\/blogs.ua.es\/historiavalenciamedieval\/wp-json\/wp\/v2\/pages"}],"about":[{"href":"https:\/\/blogs.ua.es\/historiavalenciamedieval\/wp-json\/wp\/v2\/types\/page"}],"author":[{"embeddable":true,"href":"https:\/\/blogs.ua.es\/historiavalenciamedieval\/wp-json\/wp\/v2\/users\/3184"}],"replies":[{"embeddable":true,"href":"https:\/\/blogs.ua.es\/historiavalenciamedieval\/wp-json\/wp\/v2\/comments?post=132"}],"version-history":[{"count":7,"href":"https:\/\/blogs.ua.es\/historiavalenciamedieval\/wp-json\/wp\/v2\/pages\/132\/revisions"}],"predecessor-version":[{"id":335,"href":"https:\/\/blogs.ua.es\/historiavalenciamedieval\/wp-json\/wp\/v2\/pages\/132\/revisions\/335"}],"wp:attachment":[{"href":"https:\/\/blogs.ua.es\/historiavalenciamedieval\/wp-json\/wp\/v2\/media?parent=132"}],"curies":[{"name":"wp","href":"https:\/\/api.w.org\/{rel}","templated":true}]}}