{"id":286,"date":"2014-07-10T19:51:03","date_gmt":"2014-07-10T19:51:03","guid":{"rendered":"https:\/\/blogs.ua.es\/historiavalenciamedieval\/?page_id=286"},"modified":"2014-07-12T14:11:08","modified_gmt":"2014-07-12T14:11:08","slug":"videos","status":"publish","type":"page","link":"https:\/\/blogs.ua.es\/historiavalenciamedieval\/videos\/","title":{"rendered":"V\u00cdDEOS"},"content":{"rendered":"<p>A continuaci\u00f3n una serie de v\u00eddeos para reforzar algunos conceptos o temas que se han tratado en este blog :<\/p>\n<p><a href=\"https:\/\/blogs.ua.es\/historiavalenciamedieval\/files\/2014\/07\/contenidos_multimedia_low_cost_large.jpg\"><img loading=\"lazy\" decoding=\"async\" class=\"aligncenter size-full wp-image-342\" alt=\"Video stream\" src=\"https:\/\/blogs.ua.es\/historiavalenciamedieval\/files\/2014\/07\/contenidos_multimedia_low_cost_large.jpg\" width=\"346\" height=\"346\" srcset=\"https:\/\/blogs.ua.es\/historiavalenciamedieval\/files\/2014\/07\/contenidos_multimedia_low_cost_large.jpg 346w, https:\/\/blogs.ua.es\/historiavalenciamedieval\/files\/2014\/07\/contenidos_multimedia_low_cost_large-150x150.jpg 150w, https:\/\/blogs.ua.es\/historiavalenciamedieval\/files\/2014\/07\/contenidos_multimedia_low_cost_large-300x300.jpg 300w\" sizes=\"auto, (max-width: 346px) 100vw, 346px\" \/><\/a><\/p>\n<ol>\n<li>\u00a0<a href=\"https:\/\/www.youtube.com\/watch?v=JmMWSMz6mQU\">Croniques del rei Jaume<\/a><\/li>\n<li><a href=\"https:\/\/www.youtube.com\/watch?v=Hf22P4on5YA\">La taula de canvis<\/a><\/li>\n<li><a href=\"https:\/\/www.youtube.com\/watch?v=P8MrLUNGJpM\">La Pen\u00ednsula de los 7 Reinos<\/a><\/li>\n<li><a href=\"https:\/\/www.youtube.com\/watch?v=0D_evElP5XQ\">El Cid Campeador<\/a><\/li>\n<li><a href=\"https:\/\/www.youtube.com\/watch?v=NhnB8RbYmkw\">La Reconquista Espa\u00f1ola<\/a><\/li>\n<li><a href=\"\/\/www.youtube.com\/watch?v=80e1d6gfIXU\">Garcia Edo i els Furs de Val\u00e8ncia<\/a><\/li>\n<li><a href=\"https:\/\/www.youtube.com\/watch?v=xSsXB2Km9vw&amp;list=PL9448D75EA41C5385\">Pel\u00edcula \u00a8EL CID\u00a8 1968.<\/a><\/li>\n<\/ol>\n<p>&nbsp;<\/p>\n","protected":false},"excerpt":{"rendered":"<p>A continuaci\u00f3n una serie de v\u00eddeos para reforzar algunos conceptos o temas que se han tratado en este blog : \u00a0Croniques del rei Jaume La taula de canvis La Pen\u00ednsula de los 7 Reinos El Cid Campeador La Reconquista Espa\u00f1ola Garcia Edo i els Furs de Val\u00e8ncia Pel\u00edcula \u00a8EL CID\u00a8 1968. &nbsp;<\/p>\n","protected":false},"author":3176,"featured_media":0,"parent":0,"menu_order":6,"comment_status":"open","ping_status":"closed","template":"","meta":{"footnotes":""},"class_list":["post-286","page","type-page","status-publish","hentry"],"_links":{"self":[{"href":"https:\/\/blogs.ua.es\/historiavalenciamedieval\/wp-json\/wp\/v2\/pages\/286","targetHints":{"allow":["GET"]}}],"collection":[{"href":"https:\/\/blogs.ua.es\/historiavalenciamedieval\/wp-json\/wp\/v2\/pages"}],"about":[{"href":"https:\/\/blogs.ua.es\/historiavalenciamedieval\/wp-json\/wp\/v2\/types\/page"}],"author":[{"embeddable":true,"href":"https:\/\/blogs.ua.es\/historiavalenciamedieval\/wp-json\/wp\/v2\/users\/3176"}],"replies":[{"embeddable":true,"href":"https:\/\/blogs.ua.es\/historiavalenciamedieval\/wp-json\/wp\/v2\/comments?post=286"}],"version-history":[{"count":19,"href":"https:\/\/blogs.ua.es\/historiavalenciamedieval\/wp-json\/wp\/v2\/pages\/286\/revisions"}],"predecessor-version":[{"id":415,"href":"https:\/\/blogs.ua.es\/historiavalenciamedieval\/wp-json\/wp\/v2\/pages\/286\/revisions\/415"}],"wp:attachment":[{"href":"https:\/\/blogs.ua.es\/historiavalenciamedieval\/wp-json\/wp\/v2\/media?parent=286"}],"curies":[{"name":"wp","href":"https:\/\/api.w.org\/{rel}","templated":true}]}}