{"id":329,"date":"2014-07-11T11:14:49","date_gmt":"2014-07-11T11:14:49","guid":{"rendered":"https:\/\/blogs.ua.es\/historiavalenciamedieval\/?page_id=329"},"modified":"2014-07-11T12:00:30","modified_gmt":"2014-07-11T12:00:30","slug":"valoracion-2","status":"publish","type":"page","link":"https:\/\/blogs.ua.es\/historiavalenciamedieval\/valoracion-2\/","title":{"rendered":"VALORACI\u00d3N"},"content":{"rendered":"<p>Historia de la Valencia medieval, es un blog en el intentamos ofrecer una visi\u00f3n global de la ciudad en \u00e9poca bajo imperial, una s\u00edntesis mediante la publicaci\u00f3n de datos, acontecimientos y sucesos ocurridos en la ciudad durante los siglos XIII a XVI, esencialmente desde la conquista de la ciudad a manos de Jaime I hasta la uni\u00f3n matrimonial de los reyes cat\u00f3licos aproximadamente.<\/p>\n<p>El usuario de este blog podr\u00e1 conocer la Valencia medieval desde varios puntos de vista; econ\u00f3mico, social, cultural, poblacional, \u00a0administrativo y pol\u00edtico. A trav\u00e9s de entradas de una extensi\u00f3n relativamente peque\u00f1a intentamos ofrecer pinceladas de lo ocurrido en la ciudad, con la finalidad de hacer que la informaci\u00f3n que ofrecemos sea lo m\u00e1s rigurosa posible, a la vez que la lectura de los art\u00edculos sea\u00a0 amena y llevadera.<\/p>\n<p>A la hora de la realizaci\u00f3n del\u00a0 blog, nos hemos encontrado con varias dificultades, la problem\u00e1tica principal surge a la hora de sintetizar la informaci\u00f3n, ya que ,\u00a0 la ciudad de Valencia es sin duda, de todas las ciudades de la comunidad Valenciana la que m\u00e1s informaci\u00f3n tiene publicada, por lo que intentar seleccionar la informaci\u00f3n que creemos es m\u00e1s \u00fatil para los usuarios del blog y comprimirla en entradas con la extensi\u00f3n de un folio aproximadamente es una ardua tarea. Otro problema que hemos tenido a la hora de realizar el trabajo, es trabajar con WordPress, somos usuarios noveles de este programa y la mayor\u00eda de nosotros en cualquier programa de edici\u00f3n de blogs, pero hemos observado en este programa muy poca funcionalidad y una enorme dificultad de manejo y aprovechamiento de los recursos que ofrece.<\/p>\n<p>A pesar de las dificultades que hemos encontrado a la hora de realizar y publicar el blog, todos los integrantes del grupo estamos de acuerdo a la hora de afirmar que este trabajo es muy gratificante ya que no solo mejoramos a la hora buscar y sintetizar informaci\u00f3n sino que adem\u00e1s nos hace estar en contacto con las nuevas tecnolog\u00edas, tan importantes en los tiempos que corren.<\/p>\n<p>En definitiva Historia de Valencia medieval es una \u00fatil herramienta para todo aquel que quiera conocer la historia de la ciudad en los siglos XIII, XIV y XV. En estos momentos el blog tan solo consta de 24 entradas distribuidas entre las diferentes categor\u00edas (econom\u00eda, sociedad, cultura, administraci\u00f3n, poblaci\u00f3n y pol\u00edtica), pero deseamos crezca para poder ofrecer mucha mas informaci\u00f3n sobre esta magn\u00edfica ciudad.<\/p>\n<p><a href=\"https:\/\/blogs.ua.es\/historiavalenciamedieval\/files\/2014\/07\/valoracion-relativa-concepto-ventajas-inconvenientes.png\"><img loading=\"lazy\" decoding=\"async\" class=\"aligncenter size-thumbnail wp-image-344\" alt=\"valoracion-relativa-concepto-ventajas-inconvenientes\" src=\"https:\/\/blogs.ua.es\/historiavalenciamedieval\/files\/2014\/07\/valoracion-relativa-concepto-ventajas-inconvenientes-150x150.png\" width=\"150\" height=\"150\" \/><\/a><\/p>\n<p>Un saludo; Javi, Xavi y Marcos<\/p>\n","protected":false},"excerpt":{"rendered":"<p>Historia de la Valencia medieval, es un blog en el intentamos ofrecer una visi\u00f3n global de la ciudad en \u00e9poca bajo imperial, una s\u00edntesis mediante la publicaci\u00f3n de datos, acontecimientos y sucesos ocurridos en la ciudad durante los siglos XIII a XVI, esencialmente desde la conquista de la ciudad a manos de Jaime I hasta [&hellip;]<\/p>\n","protected":false},"author":3176,"featured_media":0,"parent":0,"menu_order":7,"comment_status":"open","ping_status":"closed","template":"","meta":{"footnotes":""},"class_list":["post-329","page","type-page","status-publish","hentry"],"_links":{"self":[{"href":"https:\/\/blogs.ua.es\/historiavalenciamedieval\/wp-json\/wp\/v2\/pages\/329","targetHints":{"allow":["GET"]}}],"collection":[{"href":"https:\/\/blogs.ua.es\/historiavalenciamedieval\/wp-json\/wp\/v2\/pages"}],"about":[{"href":"https:\/\/blogs.ua.es\/historiavalenciamedieval\/wp-json\/wp\/v2\/types\/page"}],"author":[{"embeddable":true,"href":"https:\/\/blogs.ua.es\/historiavalenciamedieval\/wp-json\/wp\/v2\/users\/3176"}],"replies":[{"embeddable":true,"href":"https:\/\/blogs.ua.es\/historiavalenciamedieval\/wp-json\/wp\/v2\/comments?post=329"}],"version-history":[{"count":4,"href":"https:\/\/blogs.ua.es\/historiavalenciamedieval\/wp-json\/wp\/v2\/pages\/329\/revisions"}],"predecessor-version":[{"id":346,"href":"https:\/\/blogs.ua.es\/historiavalenciamedieval\/wp-json\/wp\/v2\/pages\/329\/revisions\/346"}],"wp:attachment":[{"href":"https:\/\/blogs.ua.es\/historiavalenciamedieval\/wp-json\/wp\/v2\/media?parent=329"}],"curies":[{"name":"wp","href":"https:\/\/api.w.org\/{rel}","templated":true}]}}