{"id":9,"date":"2013-09-17T09:36:44","date_gmt":"2013-09-17T09:36:44","guid":{"rendered":"https:\/\/blogs.ua.es\/historiavalenciamedieval\/?page_id=9"},"modified":"2014-07-12T13:03:03","modified_gmt":"2014-07-12T13:03:03","slug":"presentacion","status":"publish","type":"page","link":"https:\/\/blogs.ua.es\/historiavalenciamedieval\/","title":{"rendered":"INICIO"},"content":{"rendered":"<p><a href=\"https:\/\/blogs.ua.es\/historiavalenciamedieval\/files\/2013\/09\/descarga-4.jpg\"><img loading=\"lazy\" decoding=\"async\" class=\"aligncenter size-medium wp-image-398\" alt=\"descarga (4)\" src=\"https:\/\/blogs.ua.es\/historiavalenciamedieval\/files\/2013\/09\/descarga-4-300x150.jpg\" width=\"300\" height=\"150\" srcset=\"https:\/\/blogs.ua.es\/historiavalenciamedieval\/files\/2013\/09\/descarga-4-300x150.jpg 300w, https:\/\/blogs.ua.es\/historiavalenciamedieval\/files\/2013\/09\/descarga-4.jpg 318w\" sizes=\"auto, (max-width: 300px) 100vw, 300px\" \/><\/a>Hola, somos Javier, Xavier y Marcos, alumnos de la Universidad de Alicante \u00a0pertenecientes a la carrera de Licenciatura en Historia. \u00a0Este blog se engloba en un proyecto para la asignatura de Historia Moderna del Pa\u00eds Valenciano que pretende darnos una visi\u00f3n de la ciudad de Valencia en su etapa medieval, adem\u00e1s de instruirnos en el uso de nuevas tecnolog\u00edas para la documentaci\u00f3n y ense\u00f1anza hist\u00f3rica.<\/p>\n<p>A trav\u00e9s del contenido de este blog acercaremos al lector a la ciudad de Valencia desde la formaci\u00f3n del reino, para ello trataremos diferentes \u00e1mbitos que van desde su gobierno, su desarrollo econ\u00f3mico y la vida cotidiana de sus habitantes.<\/p>\n<p><a href=\"https:\/\/blogs.ua.es\/historiavalenciamedieval\/files\/2013\/09\/descarga-5.jpg\"><img loading=\"lazy\" decoding=\"async\" class=\"aligncenter size-medium wp-image-399\" alt=\"descarga (5)\" src=\"https:\/\/blogs.ua.es\/historiavalenciamedieval\/files\/2013\/09\/descarga-5-300x134.jpg\" width=\"300\" height=\"134\" srcset=\"https:\/\/blogs.ua.es\/historiavalenciamedieval\/files\/2013\/09\/descarga-5-300x134.jpg 300w, https:\/\/blogs.ua.es\/historiavalenciamedieval\/files\/2013\/09\/descarga-5.jpg 335w\" sizes=\"auto, (max-width: 300px) 100vw, 300px\" \/><\/a><\/p>\n","protected":false},"excerpt":{"rendered":"<p>Hola, somos Javier, Xavier y Marcos, alumnos de la Universidad de Alicante \u00a0pertenecientes a la carrera de Licenciatura en Historia. \u00a0Este blog se engloba en un proyecto para la asignatura de Historia Moderna del Pa\u00eds Valenciano que pretende darnos una visi\u00f3n de la ciudad de Valencia en su etapa medieval, adem\u00e1s de instruirnos en el [&hellip;]<\/p>\n","protected":false},"author":3162,"featured_media":0,"parent":0,"menu_order":1,"comment_status":"open","ping_status":"closed","template":"","meta":{"footnotes":""},"class_list":["post-9","page","type-page","status-publish","hentry"],"_links":{"self":[{"href":"https:\/\/blogs.ua.es\/historiavalenciamedieval\/wp-json\/wp\/v2\/pages\/9","targetHints":{"allow":["GET"]}}],"collection":[{"href":"https:\/\/blogs.ua.es\/historiavalenciamedieval\/wp-json\/wp\/v2\/pages"}],"about":[{"href":"https:\/\/blogs.ua.es\/historiavalenciamedieval\/wp-json\/wp\/v2\/types\/page"}],"author":[{"embeddable":true,"href":"https:\/\/blogs.ua.es\/historiavalenciamedieval\/wp-json\/wp\/v2\/users\/3162"}],"replies":[{"embeddable":true,"href":"https:\/\/blogs.ua.es\/historiavalenciamedieval\/wp-json\/wp\/v2\/comments?post=9"}],"version-history":[{"count":10,"href":"https:\/\/blogs.ua.es\/historiavalenciamedieval\/wp-json\/wp\/v2\/pages\/9\/revisions"}],"predecessor-version":[{"id":400,"href":"https:\/\/blogs.ua.es\/historiavalenciamedieval\/wp-json\/wp\/v2\/pages\/9\/revisions\/400"}],"wp:attachment":[{"href":"https:\/\/blogs.ua.es\/historiavalenciamedieval\/wp-json\/wp\/v2\/media?parent=9"}],"curies":[{"name":"wp","href":"https:\/\/api.w.org\/{rel}","templated":true}]}}