{"id":16,"date":"2013-09-17T09:41:13","date_gmt":"2013-09-17T09:41:13","guid":{"rendered":"https:\/\/blogs.ua.es\/historiavalenciasiglo17\/?page_id=16"},"modified":"2013-09-17T09:41:13","modified_gmt":"2013-09-17T09:41:13","slug":"presentacion","status":"publish","type":"page","link":"https:\/\/blogs.ua.es\/historiavalenciasiglo17\/presentacion\/","title":{"rendered":"Presentaci\u00f3n"},"content":{"rendered":"<p>Somos Aitana Fintestrat Mart\u00ednez, Vanessa Blanes Tom\u00e1s y Aroa Miralles D\u00edez. Las tres estudiamos 5\u00ba de la Licenciatura de Historia en la Universidad de Alicante y vamos realizar este blog sobre la Historia de Valencia en el siglo XVII como pr\u00e1ctica para la evaluaci\u00f3n de la asignatura de Historia Moderna del Pa\u00eds Valenciano.<\/p>\n","protected":false},"excerpt":{"rendered":"<p>Somos Aitana Fintestrat Mart\u00ednez, Vanessa Blanes Tom\u00e1s y Aroa Miralles D\u00edez. Las tres estudiamos 5\u00ba de la Licenciatura de Historia en la Universidad de Alicante y vamos realizar este blog sobre la Historia de Valencia en el siglo XVII como &hellip; <a href=\"https:\/\/blogs.ua.es\/historiavalenciasiglo17\/presentacion\/\">Continue reading <span class=\"meta-nav\">&rarr;<\/span><\/a><\/p>\n","protected":false},"author":1910,"featured_media":0,"parent":0,"menu_order":0,"comment_status":"open","ping_status":"open","template":"","meta":{"footnotes":""},"class_list":["post-16","page","type-page","status-publish","hentry"],"_links":{"self":[{"href":"https:\/\/blogs.ua.es\/historiavalenciasiglo17\/wp-json\/wp\/v2\/pages\/16","targetHints":{"allow":["GET"]}}],"collection":[{"href":"https:\/\/blogs.ua.es\/historiavalenciasiglo17\/wp-json\/wp\/v2\/pages"}],"about":[{"href":"https:\/\/blogs.ua.es\/historiavalenciasiglo17\/wp-json\/wp\/v2\/types\/page"}],"author":[{"embeddable":true,"href":"https:\/\/blogs.ua.es\/historiavalenciasiglo17\/wp-json\/wp\/v2\/users\/1910"}],"replies":[{"embeddable":true,"href":"https:\/\/blogs.ua.es\/historiavalenciasiglo17\/wp-json\/wp\/v2\/comments?post=16"}],"version-history":[{"count":0,"href":"https:\/\/blogs.ua.es\/historiavalenciasiglo17\/wp-json\/wp\/v2\/pages\/16\/revisions"}],"wp:attachment":[{"href":"https:\/\/blogs.ua.es\/historiavalenciasiglo17\/wp-json\/wp\/v2\/media?parent=16"}],"curies":[{"name":"wp","href":"https:\/\/api.w.org\/{rel}","templated":true}]}}