{"id":148,"date":"2013-11-14T20:44:58","date_gmt":"2013-11-14T20:44:58","guid":{"rendered":"https:\/\/blogs.ua.es\/historiaxativa18\/?page_id=148"},"modified":"2014-01-14T08:21:02","modified_gmt":"2014-01-14T08:21:02","slug":"bibliografia","status":"publish","type":"page","link":"https:\/\/blogs.ua.es\/historiaxativa18\/bibliografia\/","title":{"rendered":"Bibliografia Anotada"},"content":{"rendered":"<p style=\"text-align: justify\"><strong>ALBEROLA, Armando,<\/strong> <em>Cat\u00e1strofe, econom\u00eda y acci\u00f3n pol\u00edtica en la Valencia del siglo XVIII<\/em>. Ed. Diputaci\u00f3 de Val\u00e8ncia, 1999. Aquesta obra ens ha servit a l&#8217;hora d&#8217;analitzar el terratr\u00e8mol de 1748, es una obra que recomane si es volen estudiar els efectes de les cat\u00e0strofes, com la plaga de llagostes, o casos com el d&#8217;aquest terratr\u00e8mol, en tota la zona del Regne de Val\u00e8ncia. Tamb\u00e9 t\u00e9 informaci\u00f3 de com va afectar el terratr\u00e8mol a Alacant, la Vega Baixa, etc.<\/p>\n<p style=\"text-align: justify\"><strong>ARDIT LUCAS, Manuel,<\/strong> <em>Els cens d\u00b4Aranda en el Pa\u00eds Valenci\u00e0 (1768)<\/em>, Ed. Universitat Jaume I, 2001, Val\u00e8ncia. Este llibre \u00e9s el que ens ha proporcionat les taules per als estudis de poblaci\u00f3 en el cas de X\u00e0tiva. Per\u00f2 tamb\u00e9 conta amb les dates de moltes altres viles. \u00c9s una informaci\u00f3 molt \u00fatil a l&#8217;hora de fer estudis sobre la poblaci\u00f3, la natalitat, etc. Perqu\u00e8 com vos hem demostrat detalla molt la informaci\u00f3, i la divideix per sectors.<\/p>\n<p style=\"text-align: justify\"><strong>AZNAR I GARC\u00cdA,<\/strong> Ram\u00f3n, Familia, derecho y religi\u00f3n, Francisco Antonio Cebri\u00e1n y Valda (1734-1820), Ed. Universidad de Valencia, Valencia, 2008. Aquest llibre ens ha portat m\u00e9s informaci\u00f3 de la que ja ens deia Isa\u00efes Blesa, sobre aquesta fam\u00edlia de X\u00e0tiva, per a l&#8217;entrada que hem fet, a m\u00e9s a m\u00e9s el quadre de l&#8217;entrada l&#8217;hem extret de la portada d&#8217;aquest llibre.<\/p>\n<p style=\"text-align: justify\"><strong>B\u00c9RCHER, Joaqu\u00edn; G\u00d3MEZ-FERRER,<\/strong> Mercedes.\u00a0<em>La Seo de X\u00e0tiva, historia, im\u00e0genes y realidades.\u00a0<\/em>Ed.\u00a0Institut Valenci\u00e0 de Conservaci\u00f3 i Restauraci\u00f3 de B\u00e9ns Culturals, Val\u00e8ncia, 2007. Aquesta obra l&#8217;hem utilitzada per a parlar dels progectes de la reforma en la col\u00b7legiata que es fan en el segle XVIII, tamb\u00e9 hem agafat algunes imatges de la mateixa, les quals s\u00f3n totes autoria de Joaqu\u00edn B\u00e9rcher. Aquest llibre tamb\u00e9 mostra part del proc\u00e9s de la &#8220;catredalitat&#8221; que volia obtenir la Seu. \u00c9s una obra m\u00e9s de car\u00e0cter arquitect\u00f2nica, que fa una lectura m\u00e9s propera a la hist\u00f2ria de l&#8217;art. D&#8217;aquesta forma ens mostra les tend\u00e8ncies arquitect\u00f2niques com van canviant, depenent del moment, i dels diners disponibles. A m\u00e9s, el seu repertori fotogr\u00e0fic \u00e9s impressionant, amb una gran qualitat en les imatges.<\/p>\n<p style=\"text-align: justify\"><strong>BLESA DUET, Isa\u00efes,<\/strong>\u00a0<i>El municipi borb\u00f2nic en l&#8217;Antic R\u00e8gim: X\u00e0tiva (1700-1723),\u00a0<\/i>\u00a0Ed. Col\u00b7lecci\u00f3 de temes locals, \u00a0X\u00e0tiva, 1994. \u00a0Aquesta obra ens ha servit sobre tot per a l&#8217;economia de la primera etapa despr\u00e9s de la Guerra, \u00e9s un poc complementaria de la seg\u00fcent, podriem considerar-la com un estudi previ abans d&#8217;adentrar-se a tot el segle XVIII.<\/p>\n<p style=\"text-align: justify\"><strong>BLESA DUET, Isa\u00efes,<\/strong>\u00a0<em>Un nuevo municipio para una nueva monarqu\u00eda. Oligarqu\u00edas y poder local. X\u00e0tiva 1707-1808,\u00a0<\/em>Ed. PUV, Universitat de Val\u00e8ncia, 2005.\u00a0Aquest llibre ens ha ajudat sobre tot per al apartat de pol\u00edtica i administraci\u00f3, mostra molt b\u00e9 com va anar canviant el model de govern, tamb\u00e9 t\u00e9 molta informaci\u00f3 sobre les \u00e8lits de la ciutat, aix\u00ed com informaci\u00f3 sobre els bens confiscats despr\u00e9s de la Guerra de Successi\u00f3. Conta amb textos del Arxiu Nacional, local, i del Regne de Val\u00e8ncia.<\/p>\n<p style=\"text-align: justify\"><strong>BURRIERZA S\u00c1NCHEZ, Javier.<\/strong> Misiones y misioneros jesuitas en X\u00e0tiva de la Nueva Planta: la misi\u00f3n de los jesuitas del colegio de San Pablo de Valencia en la Colonia Real de San Felipe.\u00a0<em>Revista de Historia Moderna.<\/em>\u00a0Alicante: Universidad de Alicante, 1998-1999, n\u00ba17\u00a0) (pp. 321-352).\u00a0\u00a0En el llibre de la fira del 2005 hi ha un article dedicat els jesu\u00eftes que ens ha servit per a fer l&#8217;entrada sobre les missions que feren en X\u00e0tiva, combinada amb la informaci\u00f3 que hem trobat en aquest article, hem pogut elaborar un article sobre les missions que van fer a X\u00e0tiva els jesu\u00eftes.<\/p>\n<p style=\"text-align: justify\"><strong>CASTELL\u00d3 TRAVER, Josep Emili<\/strong>,\u00a0<em>El Pa\u00eds Valenciano en el censo de Floridablanca : (1787), <\/em>Ed.\u00a0Instituci\u00f3n Alfonso el Magn\u00e1nimo, Val\u00e8ncia, 1978. La informaci\u00f3 del cens de Floridablanca ens ve a completar la del cens d&#8217;Aranda, ja que aquest \u00e9s considera m\u00e9s ver\u00eddic que l&#8217;anterior. Hi hava una necessitat de fer un nou cens, novament ens ha permet fer les taules sobre la poblaci\u00f3, se pot fer tamb\u00e9 un estudi comparatiu entre ambd\u00f3s. Serveix sobre tot per a les dades comparatives.<\/p>\n<p style=\"text-align: justify\"><strong>CEBRI\u00c1N I MOLINA, Josep Llu\u00eds; NAVARRO BUENAVENTURA, Beatriu<\/strong>. <em>Pintura cer\u00e1mica a X\u00e0tiva, plafons devocionals, l\u00e0pides funer\u00e0ries, i taulells dels segles XVIII-XIX<\/em>, Ed. Premi d&#8217;Assaig Carlos Sarthou, X\u00e0tiva, 2008. Aquest llibre ens ha servit per a fer la part de cer\u00e0mica en l&#8217;apartat de cultura, ens mostra diverses peces que es troben en el carrer, aix\u00ed com les que estan en esgl\u00e9sies i ermites.<\/p>\n<p style=\"text-align: justify\"><strong>CEBRI\u00c1N I MOLINA, Josep Llu\u00eds.<\/strong> <em>Josep Sanchis Cambra, pintura cer\u00e0mica devocional<\/em>, Ed. Ulleye, X\u00e0tiva, 2009. Aquest llibre es centra en aquest pintor Josep Sanchis Cambra, que va viure a cavall del segle XVIII i XIX, i que nosaltres hem mencionat de manera breu en l&#8217;entrada de cer\u00e0mica pintada.<\/p>\n<p style=\"text-align: justify\"><strong>FURI\u00d3, Antoni<\/strong>,<em> Hist\u00f2ria del Pa\u00eds Valenci\u00e0<\/em>. Ed. Eliseu Climent, 2001. Aquest manual d&#8217;Hist\u00f2ria Moderna ens ha servit per a contextualitzar algunes entrades, en general mostra una informaci\u00f3 a tots els nivells, que en ocasions tamb\u00e9 ens ha perm\u00e9s completar el que dien altres obres m\u00e9s espec\u00edfiques.<\/p>\n<p style=\"text-align: justify\"><strong>GARC\u00cdA GONZ\u00c1LEZ, Francisco<\/strong>,\u00a0<em>La guerra de sucesi\u00f3n en Espa\u00f1a y la batalla de Almansa. Europa en la encrucijada.<\/em>\u00a0 Ed. S\u00edlex, 2009. Aquest llibre tracta en extens tot el que va succe\u00efr durant la guerra, nosaltres l&#8217;hem utilitzat per a contextualitzar les entrades que hem dedicat a aquest fen\u00f2men.<\/p>\n<p style=\"text-align: justify\"><strong>G\u00d3MEZ, Herminio<\/strong>, 25, abril 1707, Almansa &#8220;Un d\u00eda en la historia de Europa. Ed. Erein, Donostia, 2005. Aquesta obra ens ha servit sobre tot per a parlar dels antecedents de la guerra, explica molt b\u00e9 com les tropes anaren avan\u00e7ant, fins al moment de la batalla.<\/p>\n<p style=\"text-align: justify\"><strong>GUAL CAMARENA, Miguel<\/strong>;\u00a0<em>Las cartas pueblas del Reino de Valencia. <\/em>Ed. Generalitat Valenciana, Valencia, 1989. Aquesta obra ens ha servit per a la introducci\u00f3, a l&#8217;hora de con\u00e8ixer la carta pobla de la nostra X\u00e0tiva, si m\u00e9s no presenta documents importants sobre les diferents cartes pobles que es van anar concedint.<\/p>\n<p style=\"text-align: justify\"><strong>IRLES VICENTE, Mar\u00eda del Carmen;<\/strong> <em>Al servicio de los borbones, los regidores valencianos en el siglo XVIII.<\/em> Ed. Alfons el Magn\u00e0nim, Valencia, 1996. Aquesta obra junt amb les altres dues de la mateixa autora ens han servit per a con\u00e8ixer millor com funcionaven les regidories, a m\u00e9s cont\u00e9 informaci\u00f3 sobre la pr\u00f2pia col\u00f2nia de Sant Felip, junt amb altres.<\/p>\n<p style=\"text-align: justify\"><strong>IRLES VICENTE, Mar\u00eda del Carmen<\/strong>; <em>El r\u00e9gimen municipal valenciano en el siglo XVIII, estudio institucional.<\/em> Ed. Institut de cultura Juan Gil Albert, \u00a0Alicante, 1996. De la mateixa forma que l&#8217;anterior ens ha ajudat a veure els corregiments, en aquest cas malgrat al t\u00edtol, no sols parla del terme de Val\u00e8ncia, sin\u00f3 que tamb\u00e9 tenia informaci\u00f3 sobre alguns aspectes administratius de Sant Felip.<\/p>\n<p style=\"text-align: justify\"><strong>IRLES VICENTE, Mar\u00eda del Carmen;<\/strong><em> Los municipios de realengo valencianos durante el siglo XVIII, 1707-1808, las sedes corregimentales<\/em>. Ed. Universidad de Alicante, Alicante, 1994. \u00a0En aquest cas ha sigut molt important, ja que al ser X\u00e0tiva cap de corregiment li dedica un apartat, i aix\u00f2 ens ha servit per a poder parlar sobre com funcionava el corregiment, i tamb\u00e9 tenia informaci\u00f3 sobre la pesquisa de la que ja v\u00e0rem parlar.<\/p>\n<p style=\"text-align: justify\"><strong>MOLAS RIBALTA, Pere;<\/strong>\u00a0<em> La audiencia borb\u00f3nica del reino de Valencia (1707-1834).<\/em> Ed. Universidad de Alicante, 1999. Aquest llibre ens ha servit per a contextualitzar el funcionament administratiu durant el per\u00edode borb\u00f2nic, \u00e9s un analisis molt interessant sobre l&#8217;Audi\u00e8ncia, a la qual hem fet refer\u00e8ncia en algunes entrades adminsitratives.<\/p>\n<p style=\"text-align: justify\"><strong>MU\u00d1OZ NAVARRO, Daniel<\/strong>.\u00a0<em>Comprar, vender y consumir: Nuevas aportaciones a la historia del consumo en la Espa\u00f1a moderna<\/em>. Ed. Universitat de Val\u00e8ncia, 2011. Aquesta obra ha servit sobre tot per a la part de l&#8217;economia, i per entendre el seu funcionament.<\/p>\n<p style=\"text-align: justify\"><strong>RAM\u00cdREZ ALED\u00d3N, Germ\u00e1n.<\/strong> <em>Mi viaje a las Cortes, Joaqu\u00edn Lorenzo Villanueva, estudio preliminar<\/em>. Ed. Diputaci\u00f3 de Val\u00e8ncia, Val\u00e8ncia, 1998. Aquesta obra ens ha perm\u00e9s parlar-vos sobre un dels considerats personatges il\u00b7lustres de X\u00e0tiva, cont\u00e9 entre d&#8217;altres coses l&#8217;epitafi que vos v\u00e0rem ficar, aix\u00ed com el seu periple en les Corts.<\/p>\n<p style=\"text-align: justify\"><strong>SARTHOU CARRERES, Carlos<\/strong>,\u00a0<em>Datos para la historia de J\u00e1tiva,\u00a0<\/em>Ed. J\u00e1tiva turista, X\u00e0tiva, 1933. \u00c9s una obra de c\u00e0racter general sobre la hist\u00f2ria de la nostra ciutat, ens ha servit sobre tot per a parlar de les cr\u00f2niques sobre el conflicte successori dins de la ciutat, ens explica tamb\u00e9 el proc\u00e9s de la crema, i els diversos escrits que hi ha al respecte. Tamb\u00e9 cont\u00e9 informaci\u00f3 sobre la q\u00fcesti\u00f3 de la catedralitat en un dels ap\u00e8ndix.<\/p>\n<p style=\"text-align: justify\"><strong>VENTURA I CONEJERO, Agust\u00ed<\/strong>,\u00a0<em>L&#8217;esgl\u00e9sia de Sant Feliu de X\u00e0tiva,\u00a0<\/em>Ed. Impremta Palacios (pel propi autor), Sueca, 1979. Aquest llibre l&#8217;hem utilitzat per a parlar dels goigs a Sant Feliu, que es van trobar en aquesta esgl\u00e9sia. \u00c9s un llibre molt interessant, recull molta informaci\u00f3 sobre aquest edifici, i a m\u00e9s a m\u00e9s conta amb reproducci\u00f3 de gravats fets pel propi Jaume Villanueva, germ\u00e0 de Joaqu\u00edn Lorenzo Villanueva, del seu llibre <em>Viatge literari.<\/em><\/p>\n<p style=\"text-align: justify\"><strong>VENTURA I CONEJERO, Agust\u00ed<\/strong>, <em>El castell de X\u00e0tiva<\/em>, Ed. Mate\u00fa, X\u00e0tiva, 1998. Aquest llibre cont\u00e9 informaci\u00f3 sobre tota la hist\u00f2ria del Castell, tant del Castell Major com del Menor. Ens ha servit per a fer l&#8217;entrada sobre els presos durant la batalla en la ciutat. Tamb\u00e9 parla sobre monuments com Sant Josep, i que ens han servit per a altres entrades de cultura.<\/p>\n<p style=\"text-align: left\"><strong>P\u00e0gines web:<\/strong><\/p>\n<p style=\"text-align: left\"><a href=\"http:\/\/www.ine.es\/explica\/docs\/historia_censos.pdf\">http:\/\/www.ine.es\/explica\/docs\/historia_censos.pdf<\/a>\u00a0Hem extret informaci\u00f3 sobre censos, com el de Campoflorido, junt amb la comparaci\u00f3 del cens de 1692,\u00a0<a href=\"http:\/\/www.seppv.uji.es\/est_historiques\/censos\/1692.html\">http:\/\/www.seppv.uji.es\/est_historiques\/censos\/1692.html<\/a>, i el de campoflorido,\u00a0<a href=\"http:\/\/www.seppv.uji.es\/est_historiques\/censos\/campoflo.html\">http:\/\/www.seppv.uji.es\/est_historiques\/censos\/campoflo.html<\/a>.<\/p>\n<p style=\"text-align: left\"><a href=\"http:\/\/www.xativa.es\/sites\/default\/files\/noticias\/docs\/Ruta%20de%20las%20fuentes.pdf\">http:\/\/www.xativa.es\/sites\/default\/files\/noticias\/docs\/Ruta%20de%20las%20fuentes.pdf<\/a><\/p>\n<p style=\"text-align: left\"><a href=\"http:\/\/seudexativa.org\/\">http:\/\/seudexativa.org\/<\/a><\/p>\n<p style=\"text-align: left\"><a href=\"http:\/\/www.xativaturismo.com\/\">http:\/\/www.xativaturismo.com\/<\/a><\/p>\n<p style=\"text-align: left\"><a href=\"http:\/\/xativaenfotos.blogspot.com.es\/\">http:\/\/xativaenfotos.blogspot.com.es\/<\/a><\/p>\n<p style=\"text-align: left\"><a href=\"https:\/\/www.academia.edu\/2051542\/_La_crema_de_Xativa_en_1707._Conferencia_pronunciada_al_Salo_dActes_de_la_Casa_de_la_Cultura_el_21_de_juny_de_1996_Llibre_Fira_1996_Xativa_pp._51-68\">https:\/\/www.academia.edu\/2051542\/_La_crema_de_Xativa_en_1707._Conferencia_pronunciada_al_Salo_dActes_de_la_Casa_de_la_Cultura_el_21_de_juny_de_1996_Llibre_Fira_1996_Xativa_pp._51-68<\/a><\/p>\n<p style=\"text-align: left\">Aquestes p\u00e0gines web combinades entre s\u00ed, ens ha aportat informaci\u00f3 sobre la cultura i la societat xativina, entre d&#8217;altres coses, aspectes com la gastronomia, la cer\u00e0mica, les fonts, etc. Tamb\u00e9 hem anat trobant en aquestes p\u00e0gines refer\u00e8ncies al quadre de Felip V que hem juntat amb el que ja ens havien contat. Ja que per a aquests no hem trobat obres escrites. Si que hi han obres sobre la cer\u00e0mica pintada, que hem pogut mirar tal com hem ficat a la bibliografia, per\u00f2 hem completat la informaci\u00f3 tamb\u00e9 amb aquestes webs .Tamb\u00e9 hem consultat els llibres de la Fira de X\u00e0tiva, en el del 1996 hi ha una confer\u00e8ncia sobre la crema de X\u00e0tiva.<\/p>\n<p style=\"text-align: left\">Hi ha <strong>altres p\u00e0gines web<\/strong> de les quals hem extret alguns dels <strong>textos originals<\/strong> que est\u00e0n <strong>digitalitzats<\/strong>, als quals es pot accedir fent click en les imatges que hem ficat, ja que estan vinculades als links. Algunes d&#8217;elles s\u00f3n:<\/p>\n<p style=\"text-align: left\"><a href=\"https:\/\/blogs.ua.es\/eltiempodelosmodernos\/\">https:\/\/blogs.ua.es\/eltiempodelosmodernos\/<\/a>\u00a0Per a p\u00e0gines com els decrets de Nova planta:\u00a0<a href=\"http:\/\/dl.dropboxusercontent.com\/u\/1147566\/Borbones\/17070629%20Decreto%20de%20Nueva%20Planta%20de%20Arag%C3%B3n%20y%20Valencia%20100.pdf\">http:\/\/dl.dropboxusercontent.com\/u\/1147566\/Borbones\/17070629%20Decreto%20de%20Nueva%20Planta%20de%20Arag%C3%B3n%20y%20Valencia%20100.pdf<\/a><\/p>\n<p style=\"text-align: left\">el ve\u00efnat de Campoflorido:\u00a0<a href=\"https:\/\/blogs.ua.es\/eltiempodelosmodernos\/files\/2009\/01\/censo_campoflorido1.jpg\">https:\/\/blogs.ua.es\/eltiempodelosmodernos\/files\/2009\/01\/censo_campoflorido1.jpg<\/a><\/p>\n<p style=\"text-align: left\">Per a la proposta d&#8217;ordenaci\u00f3 dels corregiments:\u00a0<a href=\"http:\/\/dl.dropboxusercontent.com\/u\/1147566\/Borbones\/17081120%20Valencia%20Propuesta%20distribucion%20territorio%20150.pdf\">http:\/\/dl.dropboxusercontent.com\/u\/1147566\/Borbones\/17081120%20Valencia%20Propuesta%20distribucion%20territorio%20150.pdf<\/a><\/p>\n<p style=\"text-align: left\"><a href=\"http:\/\/books.google.es\/books\/ucm?id=ePYE9J9RDjEC&amp;printsec=frontcover&amp;hl=es&amp;source=gbs_ge_summary_r&amp;cad=0#v=onepage&amp;q&amp;f=false\">http:\/\/books.google.es\/books\/ucm?id=ePYE9J9RDjEC&amp;printsec=frontcover&amp;hl=es&amp;source=gbs_ge_summary_r&amp;cad=0#v=onepage&amp;q&amp;f=false<\/a>\u00a0Ordenances Generals 1750 a San Felipe.<\/p>\n<p style=\"text-align: left\"><a href=\"http:\/\/books.google.es\/books?id=8_WnicXU7dEC&amp;printsec=frontcover&amp;hl=es&amp;source=gbs_ge_summary_r&amp;cad=0#v=onepage&amp;q&amp;f=false\">http:\/\/books.google.es\/books?id=8_WnicXU7dEC&amp;printsec=frontcover&amp;hl=es&amp;source=gbs_ge_summary_r&amp;cad=0#v=onepage&amp;q&amp;f=false<\/a>\u00a0La c\u00f2pia del testament de Carles II.<\/p>\n<p style=\"text-align: left\"><a href=\"http:\/\/bv2.gva.es\/es\/catalogo_imagenes\/grupo.cmd?path=1005252\">http:\/\/bv2.gva.es\/es\/catalogo_imagenes\/grupo.cmd?path=1005252<\/a>\u00a0Part del memorial de 1763, on es demana la catedralitat, l&#8217;original est\u00e0 en Madrid.<\/p>\n<p style=\"text-align: left\"><a href=\"http:\/\/books.google.es\/books?id=RUSwAAAAIAAJ&amp;printsec=frontcover&amp;dq=inauthor:%22Jaime+Villanueva%22&amp;hl=es&amp;sa=X&amp;ei=QoPAUrvJC5SQ0QWQiIDQDQ&amp;ved=0CEIQ6AEwAg#v=onepage&amp;q&amp;f=false\">http:\/\/books.google.es\/books?id=RUSwAAAAIAAJ&amp;printsec=frontcover&amp;dq=inauthor:%22Jaime+Villanueva%22&amp;hl=es&amp;sa=X&amp;ei=QoPAUrvJC5SQ0QWQiIDQDQ&amp;ved=0CEIQ6AEwAg#v=onepage&amp;q&amp;f=false<\/a>\u00a0L&#8217;enlla\u00e7 a l&#8217;obra de Jaume Villanueva, <i>Viatge literari a les esg\u00e9sies d&#8217;Espanya.\u00a0<\/i><\/p>\n","protected":false},"excerpt":{"rendered":"<p>ALBEROLA, Armando, Cat\u00e1strofe, econom\u00eda y acci\u00f3n pol\u00edtica en la Valencia del siglo XVIII. Ed. Diputaci\u00f3 de Val\u00e8ncia, 1999. Aquesta obra ens ha servit a l&#8217;hora d&#8217;analitzar el terratr\u00e8mol de 1748, es una obra que recomane si es volen estudiar els efectes de les cat\u00e0strofes, com la plaga de llagostes, o casos com el d&#8217;aquest terratr\u00e8mol, [&hellip;]<\/p>\n","protected":false},"author":1932,"featured_media":0,"parent":0,"menu_order":5,"comment_status":"open","ping_status":"closed","template":"","meta":{"footnotes":""},"class_list":["post-148","page","type-page","status-publish","hentry"],"_links":{"self":[{"href":"https:\/\/blogs.ua.es\/historiaxativa18\/wp-json\/wp\/v2\/pages\/148","targetHints":{"allow":["GET"]}}],"collection":[{"href":"https:\/\/blogs.ua.es\/historiaxativa18\/wp-json\/wp\/v2\/pages"}],"about":[{"href":"https:\/\/blogs.ua.es\/historiaxativa18\/wp-json\/wp\/v2\/types\/page"}],"author":[{"embeddable":true,"href":"https:\/\/blogs.ua.es\/historiaxativa18\/wp-json\/wp\/v2\/users\/1932"}],"replies":[{"embeddable":true,"href":"https:\/\/blogs.ua.es\/historiaxativa18\/wp-json\/wp\/v2\/comments?post=148"}],"version-history":[{"count":31,"href":"https:\/\/blogs.ua.es\/historiaxativa18\/wp-json\/wp\/v2\/pages\/148\/revisions"}],"predecessor-version":[{"id":986,"href":"https:\/\/blogs.ua.es\/historiaxativa18\/wp-json\/wp\/v2\/pages\/148\/revisions\/986"}],"wp:attachment":[{"href":"https:\/\/blogs.ua.es\/historiaxativa18\/wp-json\/wp\/v2\/media?parent=148"}],"curies":[{"name":"wp","href":"https:\/\/api.w.org\/{rel}","templated":true}]}}