{"id":182,"date":"2013-11-26T17:10:35","date_gmt":"2013-11-26T17:10:35","guid":{"rendered":"https:\/\/blogs.ua.es\/historiaxativa18\/?page_id=182"},"modified":"2014-01-14T13:08:11","modified_gmt":"2014-01-14T13:08:11","slug":"introduccio","status":"publish","type":"page","link":"https:\/\/blogs.ua.es\/historiaxativa18\/introduccio\/","title":{"rendered":"Introducci\u00f3 a X\u00e0tiva"},"content":{"rendered":"<p style=\"text-align: justify\"><a href=\"https:\/\/blogs.ua.es\/historiaxativa18\/files\/2013\/11\/860820_10201442494243370_1646672934_o.jpg\"><img loading=\"lazy\" decoding=\"async\" class=\"alignright size-medium wp-image-264\" alt=\"860820_10201442494243370_1646672934_o\" src=\"https:\/\/blogs.ua.es\/historiaxativa18\/files\/2013\/11\/860820_10201442494243370_1646672934_o-300x225.jpg\" width=\"300\" height=\"225\" srcset=\"https:\/\/blogs.ua.es\/historiaxativa18\/files\/2013\/11\/860820_10201442494243370_1646672934_o-300x225.jpg 300w, https:\/\/blogs.ua.es\/historiaxativa18\/files\/2013\/11\/860820_10201442494243370_1646672934_o-1024x768.jpg 1024w, https:\/\/blogs.ua.es\/historiaxativa18\/files\/2013\/11\/860820_10201442494243370_1646672934_o.jpg 2048w\" sizes=\"auto, (max-width: 300px) 100vw, 300px\" \/><\/a><\/p>\n<p style=\"text-align: justify\">La hist\u00f2ria de la nostra localitat arranca ja en la prehist\u00f2ria, dins del seu patrimoni trobem <strong>la Cova Negra<\/strong>, la qual va ser habitada pels neandertals. Despr\u00e9s tenim la poblaci\u00f3 ib\u00e8rica,<strong> Saiti<\/strong>. Durant l&#8217;\u00e8poca protohist\u00f2rica, en el context iber trobem ja parts d&#8217;una fortificaci\u00f3 que anir\u00e0 augmentant i reformant-se dins del contexte de romanitzaci\u00f3. En els primers moments d&#8217;ocupaci\u00f3 romana tenim la ceca de Saitabi.\u00a0De fet al castell tenim la <strong>porta anomenada d&#8217;Anibal<\/strong>, que segons diu la llegenda es per on va passar Anibal en el context de les guerres p\u00faniques. Al museu, podem veure restes romanes. Tampoc podem oblidar que on es troba ara Sant Feliu, fou <strong>la seu bisbal en \u00e8poca visigoda<\/strong>, i que aquests bisbes assitiren als <span style=\"text-decoration: underline\">concilis de Toledo<\/span>. M\u00e9s endavant fou ocupada pels <strong>musulmans<\/strong>, hi ha una pica isl\u00e0mica preciosa al museu de l&#8217;Almodi, tamb\u00e9 es conserven cer\u00e0miques, etc. De fet fou en \u00e8poca isl\u00e0mica quan el castell comen\u00e7a a configurar-se tal i com el coneguem. Es interessant que en una de les exposicions al interior del castell podem veure maquetes de com va anar evolucionant. Tamb\u00e9 te altres exposicions interessants:\u00a0<a href=\"https:\/\/www.facebook.com\/xativa.moderna\/media_set?set=a.1388428764742874.1073741830.100007272904830&amp;type=3\">https:\/\/www.facebook.com\/xativa.moderna\/media_set?set=a.1388428764742874.1073741830.100007272904830&amp;type=3<\/a><\/p>\n<figure id=\"attachment_1015\" aria-describedby=\"caption-attachment-1015\" style=\"width: 300px\" class=\"wp-caption alignleft\"><a href=\"https:\/\/blogs.ua.es\/historiaxativa18\/files\/2013\/11\/filigrana.jpg\"><img loading=\"lazy\" decoding=\"async\" class=\"size-medium wp-image-1015\" alt=\"Filigrana amb l'escut de X\u00e0tiva\" src=\"https:\/\/blogs.ua.es\/historiaxativa18\/files\/2013\/11\/filigrana-300x144.jpg\" width=\"300\" height=\"144\" srcset=\"https:\/\/blogs.ua.es\/historiaxativa18\/files\/2013\/11\/filigrana-300x144.jpg 300w, https:\/\/blogs.ua.es\/historiaxativa18\/files\/2013\/11\/filigrana-1024x491.jpg 1024w, https:\/\/blogs.ua.es\/historiaxativa18\/files\/2013\/11\/filigrana.jpg 1118w\" sizes=\"auto, (max-width: 300px) 100vw, 300px\" \/><\/a><figcaption id=\"caption-attachment-1015\" class=\"wp-caption-text\">Filigrana amb l&#8217;escut de X\u00e0tiva<\/figcaption><\/figure>\n<p style=\"text-align: justify\">X\u00e0tiva havia estat la <strong>segona ciutat del regne<\/strong>, de fet \u00a0fou conquerida per Jaume I, i obtingu\u00e9 la <strong>carta pobla<\/strong> el barri cristi\u00e0 en <strong>1250<\/strong>, mentre que ja en 23 de febrer de 1252 rebia la carta pobla el arrabal musulm\u00e0. Al principi el castell menor va quedar en mans musulmanes. Part de la import\u00e0ncia de la conquesta de X\u00e0tiva, era <strong>la industria paperera<\/strong>, de fet en alguns documents podem trobar <strong>marques del escut de X\u00e0tiva<\/strong>, com indicador de proced\u00e8ncia. Fou la gran suministradora de paper per a la documentaci\u00f3 de la Cancelleria.\u00a0Va estar una gran ciutat, col\u00b7locada en un punt estrat\u00e9gic, dominant moltes terres, va tindre dos papes, que apareixen al seu escut. Aix\u00ed com els dos castells, el menor i el major, que arranquen ja des d&#8217;\u00e9poca protohist\u00f3rica. Hi va haver presoners de la mida del <strong>comte d&#8217;Urgell<\/strong>. Despr\u00e9s del seu esplendor a l&#8217;\u00e8poca foral, ens preguntem. <strong>(Vos recomane visitar el blog sobre <a href=\"https:\/\/blogs.ua.es\/historiaxativaforal\/\" target=\"_blank\">X\u00e0tiva Foral<\/a>\u00a0fet per altres companys de la carrera d&#8217;hist\u00f2ria.).<\/strong><\/p>\n<p style=\"text-align: justify\"><strong> Qu\u00e9 va passar al segle XVIII?<\/strong> El dia <strong>17 de juny de 1707<\/strong> la poblaci\u00f3 de X\u00e0tiva es incendiada, aquest moment suposa un canvi a tots els nivells en la hist\u00f2ria de X\u00e0tiva. Per a entendre aquest proc\u00e9s haurem de repassar alguns dels aspectes previs a aquest succ\u00e9s. La supremacia d&#8217;aquesta localitat es veu minada, X\u00e0tiva havia estat la lloctin\u00e8ncia d&#8217;un vast territori, a m\u00e9s a m\u00e9s amb la implantaci\u00f3 dels decrets de Nova Planta perd els seus furs, incloent la seva llengua. Amb la nova monarquia es reprimeix fortament aquesta ciutat, no sols amb l&#8217;incendi, sin\u00f3 que X\u00e0tiva passa a ser coneguda com la Col\u00f2nia reial de Sant Felip.<\/p>\n<p style=\"text-align: justify\">Malgrat aquestes q\u00fcestions, no tots els habitants de X\u00e0tiva eren partidaris del austriacista, hi havia una minoria que recolzava l&#8217;opci\u00f3 borb\u00f2nica. <strong>La Guerra de Successi\u00f3 marca la nova vida<\/strong> que va a emprendre aquesta ciutat, uns canvis a nivell administratiu amb la introducci\u00f3 d&#8217;una nova estructura administrativa, una nova oligarquia que origina una s\u00e8rie de lluites pel poder. Els canvis tamb\u00e9 es produeixen a nivell demogr\u00e0fic, la ciutat queda devastada i per tant s&#8217;ha d&#8217;anar refent, s&#8217;introdueix a la vegada nova poblaci\u00f3. Totes aquestes coses van a repercutir en l&#8217;economia, el comer\u00e7, i en les relacions i influ\u00e8ncies amb el territori, quedant relegat el seu antic paper.<\/p>\n<p style=\"text-align: justify\">Al llarg del segle XVIII aquesta ciutat anir\u00e0 <strong>renaixent<\/strong> amb els<strong> nous components<\/strong> que hem anat esmentant, el record del seu incendi quedar\u00e0 en l&#8217;imaginari col\u00b7lectiu, la poblaci\u00f3 xativina es coneguda actualment amb el malnom de &#8220;socarrats&#8221;. Actualment al museu de l&#8217;Almod\u00ed podem veure el quadre de Felip V capgirat. Aix\u00ed com un monument en honor als maulets que van morir incendiats. D&#8217;aquesta manera mostrem &#8220;l&#8217;ofrena&#8221; que li feu el seu conegut cronista Sarthou:<\/p>\n<blockquote>\n<p style=\"text-align: justify\">&#8220;X\u00e0tiva, ciudad querida: Yo lamento no ostentar m\u00e9rito alguno para poderte llamar Patria adoptiva, y mi augusta Madre. Yo admiro a aquellos compatricios ilustres que orgullosos pudieron ofrendarte e tributo valiosisimo de sus tiaras y capelos, sus plumas, pinceles y espadas. Ya que ni si quiera un modesto obsequio podr\u00e1 legarte mi pobreza, d\u00edgnate al menos a aceptar mis libros, que aunque desprovistos de toda gala art\u00edstica o literaria, si rebuscas en ellos encontrar\u00e1s al menos, entre sus hojas, el perfume de un gran cari\u00f1o final que siempre los inspir\u00f3.&#8221;<\/p>\n<\/blockquote>\n<p style=\"text-align: justify\">Aix\u00ed, nosaltres pretenem mostrar-vos la seva grandesa, potser en paraules que no siguen suficients per demostrar tot el que va ser X\u00e0tiva al segle XVIII. Per\u00f2 esperem que al menys servisca per a introduir-vos en la seua pell, i per qu\u00e8 no visitar-la. De fet existeix una l\u00ednea de tren que permet accedir a ella. I sense m\u00e9s pre\u00e0mbuls, comencen el nostre recorregut.<\/p>\n<p><iframe loading=\"lazy\" title=\"X\u00c0TIVA\" width=\"500\" height=\"375\" src=\"https:\/\/www.youtube.com\/embed\/LSUuXLoQDbc?feature=oembed\" frameborder=\"0\" allow=\"accelerometer; autoplay; clipboard-write; encrypted-media; gyroscope; picture-in-picture; web-share\" referrerpolicy=\"strict-origin-when-cross-origin\" allowfullscreen><\/iframe><\/p>\n","protected":false},"excerpt":{"rendered":"<p>La hist\u00f2ria de la nostra localitat arranca ja en la prehist\u00f2ria, dins del seu patrimoni trobem la Cova Negra, la qual va ser habitada pels neandertals. Despr\u00e9s tenim la poblaci\u00f3 ib\u00e8rica, Saiti. Durant l&#8217;\u00e8poca protohist\u00f2rica, en el context iber trobem ja parts d&#8217;una fortificaci\u00f3 que anir\u00e0 augmentant i reformant-se dins del contexte de romanitzaci\u00f3. En [&hellip;]<\/p>\n","protected":false},"author":1932,"featured_media":0,"parent":0,"menu_order":1,"comment_status":"open","ping_status":"closed","template":"","meta":{"footnotes":""},"class_list":["post-182","page","type-page","status-publish","hentry"],"_links":{"self":[{"href":"https:\/\/blogs.ua.es\/historiaxativa18\/wp-json\/wp\/v2\/pages\/182","targetHints":{"allow":["GET"]}}],"collection":[{"href":"https:\/\/blogs.ua.es\/historiaxativa18\/wp-json\/wp\/v2\/pages"}],"about":[{"href":"https:\/\/blogs.ua.es\/historiaxativa18\/wp-json\/wp\/v2\/types\/page"}],"author":[{"embeddable":true,"href":"https:\/\/blogs.ua.es\/historiaxativa18\/wp-json\/wp\/v2\/users\/1932"}],"replies":[{"embeddable":true,"href":"https:\/\/blogs.ua.es\/historiaxativa18\/wp-json\/wp\/v2\/comments?post=182"}],"version-history":[{"count":19,"href":"https:\/\/blogs.ua.es\/historiaxativa18\/wp-json\/wp\/v2\/pages\/182\/revisions"}],"predecessor-version":[{"id":1016,"href":"https:\/\/blogs.ua.es\/historiaxativa18\/wp-json\/wp\/v2\/pages\/182\/revisions\/1016"}],"wp:attachment":[{"href":"https:\/\/blogs.ua.es\/historiaxativa18\/wp-json\/wp\/v2\/media?parent=182"}],"curies":[{"name":"wp","href":"https:\/\/api.w.org\/{rel}","templated":true}]}}