{"id":184,"date":"2013-11-26T17:10:46","date_gmt":"2013-11-26T17:10:46","guid":{"rendered":"https:\/\/blogs.ua.es\/historiaxativa18\/?page_id=184"},"modified":"2014-01-03T20:33:16","modified_gmt":"2014-01-03T20:33:16","slug":"valoracio","status":"publish","type":"page","link":"https:\/\/blogs.ua.es\/historiaxativa18\/valoracio\/","title":{"rendered":"Balan\u00e7 del segle XVIII a X\u00e0tiva"},"content":{"rendered":"<figure id=\"attachment_861\" aria-describedby=\"caption-attachment-861\" style=\"width: 300px\" class=\"wp-caption alignleft\"><a href=\"https:\/\/blogs.ua.es\/historiaxativa18\/files\/2013\/12\/348_0020_Valencia.jpg\"><img loading=\"lazy\" decoding=\"async\" class=\"size-medium wp-image-861\" alt=\"Gravat del segle XVIII del castell de X\u00e0tiva. Laborde?\" src=\"https:\/\/blogs.ua.es\/historiaxativa18\/files\/2013\/12\/348_0020_Valencia-300x199.jpg\" width=\"300\" height=\"199\" srcset=\"https:\/\/blogs.ua.es\/historiaxativa18\/files\/2013\/12\/348_0020_Valencia-300x199.jpg 300w, https:\/\/blogs.ua.es\/historiaxativa18\/files\/2013\/12\/348_0020_Valencia.jpg 800w\" sizes=\"auto, (max-width: 300px) 100vw, 300px\" \/><\/a><figcaption id=\"caption-attachment-861\" class=\"wp-caption-text\">Gravat del segle XVIII del castell de X\u00e0tiva. Laborde?<\/figcaption><\/figure>\n<p style=\"text-align: justify\">Podriem dir que aquest segle, el XVIII, se&#8217;ns presenta com un segle de<strong>\u00a0canvi i transformaci\u00f3<\/strong>. Al principi<strong>\u00a0partim d&#8217;una guerra<\/strong>, de la intensitat que fou la de Successi\u00f3, tenint en compte que cremaren la pr\u00f2pia ciutat. Per\u00f2, X\u00e0tiva com un au f\u00e9nix va\u00a0<strong>tornar a n\u00e0ixer<\/strong>\u00a0de les seues flames, i a partir de les diverses<strong>\u00a0transformacions<\/strong>\u00a0que va viure a tots els nivells, econ\u00f2mics, adminsitratius, pol\u00edtics i demogr\u00e0fics, culturals i socials. La ciutat es va anar fent cada cop m\u00e9s gran, amb un augment considerable de la poblaci\u00f3, com mostren les taules que vos hem anat mostrant. Si m\u00e9s no, mai va recobrar tot l&#8217;esplendor que va tindre en l&#8217;\u00e8poca anterior,\u00a0<strong>els temps tamb\u00e9 havien canviat.<\/strong>\u00a0No podem comparar aquesta X\u00e0tiva amb la d&#8217;\u00e8poca foral, el context ja no era el mateix, mentre aquesta davatllava sota les flames, altres anaren al\u00e7ant-se. Aix\u00f2 tamb\u00e9 va suposar un retard en la seua millora, a m\u00e9s a m\u00e9s com ja sabem, sobre el segle XV el Regne de Val\u00e8ncia passa d&#8217;estar del centre a la perif\u00e8ria, amb l&#8217;obertura de nous mars i el descobriment de nous mons. Per aix\u00f2 hem de dir que els temps havien canviat. X\u00e0tiva no fou ja aquella segona ciutat del regne, per\u00f2 ara fou quasi Catedral, i mantingu\u00e9 la seua superioritat front a altres ciutats del seu corregiment, ja que ella fou\u00a0<strong>cap del corregiment.<\/strong><\/p>\n<p style=\"text-align: justify\">\u00c9s un segle interessant d&#8217;estudiar des de tots els nivells, a nivell\u00a0<strong>cultural<\/strong>\u00a0es varen construir noves fonts, es van ampliar edificis, com el de Sant Feliu, la Col\u00b7legiata, entre d&#8217;altres. La noblesa, o els adinerats que volien imitar-la van<strong>\u00a0invertir<\/strong>\u00a0els seus diners per demostrar el seu prestigi, construiren capelles en la Seu, invertien en obres p\u00fabliques, etc. A m\u00e9s, a m\u00e9s en la nostra ciutat tamb\u00e9 trobem a personatges il\u00b7lustres com\u00a0<strong>Joaqu\u00edn L. Villanueva,<\/strong>\u00a0historiador, poeta, escriptor, diputat en les Corts de C\u00e1diz. I al seu germ\u00e0\u00a0<strong>Jaume Villanueva<\/strong>, s\u00f3n els \u00faltims il\u00b7lustrats de la zona de Val\u00e8ncia, hereus del moviment cultural i religi\u00f3s il\u00b7lustrat, ja que s&#8217;estan obrint les portes al lliberalisme.<\/p>\n<p style=\"text-align: justify\">Tamb\u00e9 resulta fascinant des del punt de vista demogr\u00e0fic, ja que contem amb els\u00a0<strong>censos d&#8217;Aranda i Floridablanca, aquest \u00faltim t\u00e9 un gran prestigi com ja sabem<\/strong>. Mentre que a nivell\u00a0<strong>pol\u00edtic i adminsitratiu<\/strong>, hi ha una gran\u00a0<strong>quantitat de documents<\/strong>, la ll\u00e0stima \u00e9s que la gran majoria s\u00f3n de la meitat de la cent\u00faria, ja que amb la guerra tamb\u00e9 se va perdre documentaci\u00f3. Per\u00f2 aix\u00ed i tot es poden elaborar llistes d&#8217;alcaldes, regidors, etc. Que ens poden ajudar a fer un estudi sobre les classes dirigents, els cognoms que es repeteixen en les llistes, les lluites pel poder, etc.<\/p>\n<p style=\"text-align: justify\">Les transformacions econ\u00f2miques es van produir tamb\u00e9 en el nivell industrial, les\u00a0<strong>manufactures<\/strong>\u00a0van tindre una gran import\u00e0ncia, i es varen invertir diners en\u00a0<strong>infraestructures,<\/strong>\u00a0carrers i s\u00e8quies, tot el que f\u00f3ra necessari per als nous negocisis. La manufactura sedera va tindre la seua gran hegemonia, necessitant tamb\u00e9 de la industria paperera que continuava existint a X\u00e0tiva. Aix\u00f2 s&#8217;uneix amb les transformacions pol\u00edtiques i socials, on veiem com es van consolidant les noves oligarquies urbanes que prenen una gran import\u00e0ncia en el control local. Les reformes administratives, i el\u00a0<strong>control per part de la monarquia<\/strong>\u00a0tamb\u00e9 se mostra de forma intensa, la clau comen\u00e7a sent la tutela, i sempre tracta de mantenir el seu control dins dels municipis, com vos hem anat informant.<\/p>\n<figure id=\"attachment_453\" aria-describedby=\"caption-attachment-453\" style=\"width: 300px\" class=\"wp-caption alignright\"><a href=\"https:\/\/blogs.ua.es\/historiaxativa18\/files\/2013\/12\/grabads-alemanes.jpg\"><img loading=\"lazy\" decoding=\"async\" class=\"size-medium wp-image-453\" alt=\"Gravat alem\u00e0, s. XVIII, sobre un terratr\u00e8mol al 1755.\" src=\"https:\/\/blogs.ua.es\/historiaxativa18\/files\/2013\/12\/grabads-alemanes-300x136.jpg\" width=\"300\" height=\"136\" srcset=\"https:\/\/blogs.ua.es\/historiaxativa18\/files\/2013\/12\/grabads-alemanes-300x136.jpg 300w, https:\/\/blogs.ua.es\/historiaxativa18\/files\/2013\/12\/grabads-alemanes.jpg 800w\" sizes=\"auto, (max-width: 300px) 100vw, 300px\" \/><\/a><figcaption id=\"caption-attachment-453\" class=\"wp-caption-text\">Gravat alem\u00e0, s. XVIII, sobre un terratr\u00e8mol al 1755.<\/figcaption><\/figure>\n<p style=\"text-align: justify\">Per tant podem concloure, que si be el segle XVIII ha estat designat per moltes persones com una \u00e9poca de decad\u00e8ncia en la nostra ciutat, aix\u00f2 no \u00e9s del tot cert segons segueix avan\u00e7ant la cent\u00faria, aquesta es va\u00a0<strong>recuperant<\/strong>. No hem d&#8217;oblidar que \u00e9s en aquest moment quan la\u00a0<strong>Col\u00b7legiata major<\/strong>\u00a0est\u00e0 molt pr\u00f2xima a\u00a0<strong>fer-se Catedra<\/strong>l. \u00c9s cert que no tot \u00e9s prosperitat, i que les evolucions no s\u00f3n sempre lineals, com ho demostra el<strong>\u00a0terratr\u00e8mol del 1748<\/strong>, per\u00f2 una r\u00e0pida intervenci\u00f3 de l&#8217;administraci\u00f3 va permetre la reparaci\u00f3 d&#8217;aquesta i altres poblacions afectades.<\/p>\n<p style=\"text-align: justify\">Podriem concloure en que aquest segle es basa en l&#8217;<strong>experimentaci\u00f3, i la innovaci\u00f3<\/strong>\u00a0de les noves estructures que es van implantant en tot el territori des de la implantaci\u00f3 de la Nova Planta, X\u00e0tiva resulta un camp d&#8217;experiments. I els nous dirigents van saber aprofitar en el seu propi benefici aquestes reformes. Mentre que les ciutats dependents van veure l&#8217;oportunitat\u00a0<strong>d&#8217;intentar deslligar-se<\/strong>\u00a0de la nova San Felipe, com\u00a0la Baronia de<strong>\u00a0Canals<\/strong>. \u00a0Tampoc ens hem d&#8217;oblidar del cas de la villa d&#8217;<strong>\u00a0Ontinyent,<\/strong>\u00a0ja que la subjugaci\u00f3 imposada pel monarca d&#8217;aquesta sota la nova San Felipe no va ser ben acceptada, i aix\u00f2 crea tota una s\u00e9rie de memorials molt interessants, sobre tot per les diferents vies que van anar utilitzant.<\/p>\n<p style=\"text-align: justify\">Si voleu saber m\u00e9s sobre totes aquestes valoracions vos convidem a que visiteu les altres entrades de la nostra p\u00e0gina, i que per supost no perdeu l&#8217;oportunitat de visitar-la en persona, t\u00e9 una estaci\u00f3 de tren Renfe que la conecta directament amb llocs com Barcelona, Alacant i Val\u00e8ncia.<\/p>\n<p style=\"text-align: justify\">Us deixem amb una can\u00e7\u00f2 que dedica un cantautor sobre X\u00e0tiva, on ens conta un poc la seva vida all\u00ed, i ens fa un recorregut per la mateixa:<\/p>\n<p>&nbsp;<\/p>\n<p><iframe loading=\"lazy\" title=\"Dedicat a la ciutat de X\u00e0tiva\" width=\"500\" height=\"375\" src=\"https:\/\/www.youtube.com\/embed\/mtyXgQKJ_fA?feature=oembed\" frameborder=\"0\" allow=\"accelerometer; autoplay; clipboard-write; encrypted-media; gyroscope; picture-in-picture; web-share\" referrerpolicy=\"strict-origin-when-cross-origin\" allowfullscreen><\/iframe><\/p>\n","protected":false},"excerpt":{"rendered":"<p>Podriem dir que aquest segle, el XVIII, se&#8217;ns presenta com un segle de\u00a0canvi i transformaci\u00f3. Al principi\u00a0partim d&#8217;una guerra, de la intensitat que fou la de Successi\u00f3, tenint en compte que cremaren la pr\u00f2pia ciutat. Per\u00f2, X\u00e0tiva com un au f\u00e9nix va\u00a0tornar a n\u00e0ixer\u00a0de les seues flames, i a partir de les diverses\u00a0transformacions\u00a0que va viure [&hellip;]<\/p>\n","protected":false},"author":1932,"featured_media":0,"parent":0,"menu_order":2,"comment_status":"open","ping_status":"closed","template":"","meta":{"footnotes":""},"class_list":["post-184","page","type-page","status-publish","hentry"],"_links":{"self":[{"href":"https:\/\/blogs.ua.es\/historiaxativa18\/wp-json\/wp\/v2\/pages\/184","targetHints":{"allow":["GET"]}}],"collection":[{"href":"https:\/\/blogs.ua.es\/historiaxativa18\/wp-json\/wp\/v2\/pages"}],"about":[{"href":"https:\/\/blogs.ua.es\/historiaxativa18\/wp-json\/wp\/v2\/types\/page"}],"author":[{"embeddable":true,"href":"https:\/\/blogs.ua.es\/historiaxativa18\/wp-json\/wp\/v2\/users\/1932"}],"replies":[{"embeddable":true,"href":"https:\/\/blogs.ua.es\/historiaxativa18\/wp-json\/wp\/v2\/comments?post=184"}],"version-history":[{"count":8,"href":"https:\/\/blogs.ua.es\/historiaxativa18\/wp-json\/wp\/v2\/pages\/184\/revisions"}],"predecessor-version":[{"id":919,"href":"https:\/\/blogs.ua.es\/historiaxativa18\/wp-json\/wp\/v2\/pages\/184\/revisions\/919"}],"wp:attachment":[{"href":"https:\/\/blogs.ua.es\/historiaxativa18\/wp-json\/wp\/v2\/media?parent=184"}],"curies":[{"name":"wp","href":"https:\/\/api.w.org\/{rel}","templated":true}]}}