{"id":2,"date":"2013-09-16T16:40:00","date_gmt":"2013-09-16T16:40:00","guid":{"rendered":"https:\/\/blogs.ua.es\/historiaxativa18\/?page_id=2"},"modified":"2017-04-21T20:50:25","modified_gmt":"2017-04-21T20:50:25","slug":"pagina-ejemplo","status":"publish","type":"page","link":"https:\/\/blogs.ua.es\/historiaxativa18\/pagina-ejemplo\/","title":{"rendered":"Presentaci\u00f3"},"content":{"rendered":"<p style=\"text-align: justify\"><strong><a href=\"https:\/\/blogs.ua.es\/historiaxativa18\/files\/2013\/09\/DSC02869.jpg\"><img loading=\"lazy\" decoding=\"async\" class=\"size-medium wp-image-259 alignright\" src=\"https:\/\/blogs.ua.es\/historiaxativa18\/files\/2013\/09\/DSC02869-300x225.jpg\" alt=\"DSC02869\" width=\"300\" height=\"225\" srcset=\"https:\/\/blogs.ua.es\/historiaxativa18\/files\/2013\/09\/DSC02869-300x225.jpg 300w, https:\/\/blogs.ua.es\/historiaxativa18\/files\/2013\/09\/DSC02869-1024x768.jpg 1024w, https:\/\/blogs.ua.es\/historiaxativa18\/files\/2013\/09\/DSC02869.jpg 1632w\" sizes=\"auto, (max-width: 300px) 100vw, 300px\" \/><\/a><\/strong><\/p>\n<p style=\"text-align: justify\">Aquest blog n\u00e0ix d&#8217;un projecte petit d&#8217;investigaci\u00f3 dins de l&#8217;assignatura,\u00a0<strong>Hist\u00f2ria Moderna del Pa\u00eds Valenci\u00e0<\/strong>, impartida a l&#8217;Universitat d&#8217;Alacant. Podiem escollir una ciutat del Regne de Val\u00e8ncia, i aprofundir en la seua hist\u00f2ria partint de set temes: Administraci\u00f3, Pol\u00edtica, Economia, Poblaci\u00f3, Cultura i Societat. Nosaltres v\u00e0rem escollir aquesta ciutat, i ens assignaren com a marc cronol\u00f2gic el segle XVIII.<\/p>\n<p><strong>Qui som?<\/strong> Som dues alumnes de llicenciatura en Hist\u00f2ria, curs 5\u00e9:<\/p>\n<ul>\n<li><strong>Agn\u00e9s<\/strong><\/li>\n<li><strong>Jessica\u00a0<\/strong><\/li>\n<\/ul>\n<p style=\"text-align: justify\"><strong>Per qu\u00e8 X\u00e0tiva?<\/strong> Una de les respostes seria per la<strong> meua infancia, i joventut<\/strong> que he passat en aquesta preciosa ciutat. Recorde els dies en que caminant per la ciutat admirava seues muralles, els seus jardins, la bellesa de les seues fonts, i el seu imponent castell major, junt amb un castell menor. Guarde a la mem\u00f2ria tots aquells moments, en els que le meua ment ansiava con\u00e8ixer m\u00e9s sobre la seva hist\u00f2ria. Una hist\u00f2ria que arranca <strong>des de la Cova Negra<\/strong>, fins als episodis que viu en l&#8217;actualitat. Tamb\u00e9 durant l&#8217;\u00e8poca contempor\u00e0nia ha tingut el seu paper hi ha una placa de Ferran VII a la Font del Lle\u00f3. Plagada de lluites, d&#8217;hist\u00f2ries, de ciutadants, que em acabat rebent el nom de <strong>socarrats<\/strong>. Al parlar amb la meua companya d&#8217;estudi li vaig mostrar la rica vida d&#8217;una ciutat del Regne de Val\u00e8ncia, que malgrat haver sigut la segona del regne, sembla haver passat un poc desapercebuda a la carrera. \u00a0I d&#8217;aquesta manera, les dues, v\u00e0rem decidir acometre aquest estudi. Aqu\u00ed copie les paraules que li dedica el cronista <strong>Carlos Sarthou<\/strong> en el seu llibre, i que jo com a xativina compartisc:<\/p>\n<blockquote>\n<p style=\"text-align: justify\">&#8220;Queremos que la Historia de aquella S\u00e9tabis augusta, de aquella X\u00e0tiva grande, segunda ciudad en importancia del reno valenciano, cabeza de extensa gobernaci\u00f3n de m\u00e1s de cien pueblos, ciudad mitrada en lo antiguo y capital de su provincia, hoy hace m\u00e1s de un siglo; tan monumental y fuerte; tan respetada y gloriosa (la ciudad m\u00e1rtir, la ciudad culta &#8230;), sirva de ejemplo para estructurar una X\u00e0tiva digna de su pervenir en el futuro esplendoroso de la Historia patria.<\/p>\n<p style=\"text-align: justify\">Por eso a impulsos de patriotismos, queremos divulgar hoy efem\u00e9riales de su Historia, a medida de nuestros pobres medios literarios, art\u00edsticos y econ\u00f3micos, sin tener censuras, ni escuchar aplausos, ni reparar en trabajos ni sacrificios.&#8221;<\/p>\n<\/blockquote>\n<p style=\"text-align: justify\">Aquestes paraules conmovedores ens donen l&#8217;entrada per a presentar-vos la nostra ciutat:<\/p>\n<p><a style=\"text-align: justify\" href=\"https:\/\/blogs.ua.es\/historiaxativa18\/files\/2013\/09\/mapa-esp-grande.jpg\"><img loading=\"lazy\" decoding=\"async\" class=\"alignright size-medium wp-image-833\" src=\"https:\/\/blogs.ua.es\/historiaxativa18\/files\/2013\/09\/mapa-esp-grande-269x300.jpg\" alt=\"mapa-esp-grande\" width=\"269\" height=\"300\" srcset=\"https:\/\/blogs.ua.es\/historiaxativa18\/files\/2013\/09\/mapa-esp-grande-269x300.jpg 269w, https:\/\/blogs.ua.es\/historiaxativa18\/files\/2013\/09\/mapa-esp-grande.jpg 527w\" sizes=\"auto, (max-width: 269px) 100vw, 269px\" \/><\/a><strong><span style=\"text-align: justify\">On est\u00e0 X\u00e0tiva?<\/span><\/strong><\/p>\n<p style=\"text-align: justify\">X\u00e0tiva \u00e9s la capital de la comarca la Costera, situada a l&#8217;interior de la provincia de Val\u00e8ncia.\u00a0En aquest blog anem a fer un an\u00e0lisi de X\u00e0tiva durant el segle XVIII, tenint en compte que en aquell moment fou coneguda com la <strong>Colonia nueva de San Felipe<\/strong>. Partint d&#8217;un episodi important com va ser la pr\u00f2pia <strong>crem\u00e0 de la ciutat<\/strong>, i analitzant els posteriors decrets de <strong>Nova Planta<\/strong>, amb les conseq\u00fc\u00e8ncies que aquests tingueren. Ens haguera <strong>encantat<\/strong> poder recorrer tots els camins que des dels inicis de la seva \u00e9poca foral que la convertiren en la gran ciutat, que despr\u00e9s la condemnaren a les flames, per finalment<strong> resorgir i tornar a ser una gran ciutat<\/strong>. Per\u00f2 <strong>el nostre marc cronol\u00f2gic<\/strong> es veu obligat a partir del <strong>segle XVIII<\/strong>, per\u00f2 sense oblidar-nos de totes les transformacions que aquest implica i el per qu\u00e9 de les mateixes. Si m\u00e9s no, volem<strong> agra\u00efr l&#8217;oportunitat<\/strong> de fer aquest estudi, i esperem que vos agrade aquest petit viatge en el temps.<\/p>\n<p style=\"text-align: justify\">Vos convidem a que visiteu aquesta ciutat, on malgrat el incendi segueix contant amb el seu castell major, i el menor, una magn\u00edfica Seu (bas\u00edlica de Santa Maria de la Seu) que en \u00e9poca visigoda fou Catedral, i altres coses que anirem mostrant, com el afamat quadre de Felip V, sense oblidar altres monuments insignes que daten d&#8217;\u00e9poques anteriors, ens referim a l&#8217;antic hospital, l&#8217;ermita de Sant Feliu, patr\u00f3 de la ciutat, el convent de Sant Domenech, el convent de Santa Clara, etc . Ens podeu trobar tamb\u00e9 en twitter <strong><strong>#xativamoderna i al fb:\u00a0<a href=\"https:\/\/www.facebook.com\/profile.php?id=100007272904830\">https:\/\/www.facebook.com\/profile.php?id=100007272904830<\/a>\u00a0(X\u00e0tiva moderna)\u00a0on podem penjar m\u00e9s fotos i videos que per la capacitat d&#8217;aquest blog no podem fer per aqu\u00ed.\u00a0<\/strong><\/strong><\/p>\n","protected":false},"excerpt":{"rendered":"<p>Aquest blog n\u00e0ix d&#8217;un projecte petit d&#8217;investigaci\u00f3 dins de l&#8217;assignatura,\u00a0Hist\u00f2ria Moderna del Pa\u00eds Valenci\u00e0, impartida a l&#8217;Universitat d&#8217;Alacant. Podiem escollir una ciutat del Regne de Val\u00e8ncia, i aprofundir en la seua hist\u00f2ria partint de set temes: Administraci\u00f3, Pol\u00edtica, Economia, Poblaci\u00f3, Cultura i Societat. Nosaltres v\u00e0rem escollir aquesta ciutat, i ens assignaren com a marc cronol\u00f2gic [&hellip;]<\/p>\n","protected":false},"author":1932,"featured_media":0,"parent":0,"menu_order":0,"comment_status":"open","ping_status":"closed","template":"","meta":{"footnotes":""},"class_list":["post-2","page","type-page","status-publish","hentry"],"_links":{"self":[{"href":"https:\/\/blogs.ua.es\/historiaxativa18\/wp-json\/wp\/v2\/pages\/2","targetHints":{"allow":["GET"]}}],"collection":[{"href":"https:\/\/blogs.ua.es\/historiaxativa18\/wp-json\/wp\/v2\/pages"}],"about":[{"href":"https:\/\/blogs.ua.es\/historiaxativa18\/wp-json\/wp\/v2\/types\/page"}],"author":[{"embeddable":true,"href":"https:\/\/blogs.ua.es\/historiaxativa18\/wp-json\/wp\/v2\/users\/1932"}],"replies":[{"embeddable":true,"href":"https:\/\/blogs.ua.es\/historiaxativa18\/wp-json\/wp\/v2\/comments?post=2"}],"version-history":[{"count":21,"href":"https:\/\/blogs.ua.es\/historiaxativa18\/wp-json\/wp\/v2\/pages\/2\/revisions"}],"predecessor-version":[{"id":1054,"href":"https:\/\/blogs.ua.es\/historiaxativa18\/wp-json\/wp\/v2\/pages\/2\/revisions\/1054"}],"wp:attachment":[{"href":"https:\/\/blogs.ua.es\/historiaxativa18\/wp-json\/wp\/v2\/media?parent=2"}],"curies":[{"name":"wp","href":"https:\/\/api.w.org\/{rel}","templated":true}]}}