{"id":850,"date":"2013-12-28T15:25:32","date_gmt":"2013-12-28T15:25:32","guid":{"rendered":"https:\/\/blogs.ua.es\/historiaxativa18\/?page_id=850"},"modified":"2014-01-03T20:59:29","modified_gmt":"2014-01-03T20:59:29","slug":"divulgacio-en-internet","status":"publish","type":"page","link":"https:\/\/blogs.ua.es\/historiaxativa18\/divulgacio-en-internet\/","title":{"rendered":"Divulgaci\u00f3 en Internet"},"content":{"rendered":"<figure id=\"attachment_853\" aria-describedby=\"caption-attachment-853\" style=\"width: 263px\" class=\"wp-caption alignright\"><a href=\"https:\/\/twitter.com\/Xativamoderna\"><img loading=\"lazy\" decoding=\"async\" class=\"size-medium wp-image-853\" alt=\"compte twitter\" src=\"https:\/\/blogs.ua.es\/historiaxativa18\/files\/2013\/12\/compte-twitter-263x300.jpg\" width=\"263\" height=\"300\" srcset=\"https:\/\/blogs.ua.es\/historiaxativa18\/files\/2013\/12\/compte-twitter-263x300.jpg 263w, https:\/\/blogs.ua.es\/historiaxativa18\/files\/2013\/12\/compte-twitter.jpg 841w\" sizes=\"auto, (max-width: 263px) 100vw, 263px\" \/><\/a><figcaption id=\"caption-attachment-853\" class=\"wp-caption-text\"><span style=\"color: #993366\">Compte d&#8217;usuari en twitter<\/span><\/figcaption><\/figure>\n<p style=\"text-align: justify\"><span style=\"color: #993366\">Nosaltres creguem que el que estudiem i fem, <strong>no t\u00e9 cap sentit si aix\u00f2 no es divulga<\/strong> i es mostra a la gent. Dins d&#8217;aquesta proposta, hem fet servir diversos mitjans de la Red, per donar a con\u00e8ixer els nostres estudis en la ciutat de X\u00e0tiva. Aix\u00ed mateix hem tractat de fer arribar aquests progressos en l&#8217;estudi de X\u00e0tiva, als propis xativins. En el<strong> lateral del blog<\/strong> podeu trobar l&#8217;acc\u00e9s al nostre compte de facebook, i al nostre twitter. A banda d&#8217;aix\u00f2 tamb\u00e9 contem amb una p\u00e0gina de facebook. Vos deixem aqu\u00ed tota la informaci\u00f3. Si premeu sobre les imatges vos porta directament:<\/span><\/p>\n<figure id=\"attachment_852\" aria-describedby=\"caption-attachment-852\" style=\"width: 300px\" class=\"wp-caption alignleft\"><img loading=\"lazy\" decoding=\"async\" class=\"size-medium wp-image-852 \" alt=\"Compte d'usuari en fb\" src=\"https:\/\/blogs.ua.es\/historiaxativa18\/files\/2013\/12\/comptexat-300x291.jpg\" width=\"300\" height=\"291\" srcset=\"https:\/\/blogs.ua.es\/historiaxativa18\/files\/2013\/12\/comptexat-300x291.jpg 300w, https:\/\/blogs.ua.es\/historiaxativa18\/files\/2013\/12\/comptexat-24x24.jpg 24w, https:\/\/blogs.ua.es\/historiaxativa18\/files\/2013\/12\/comptexat-36x36.jpg 36w, https:\/\/blogs.ua.es\/historiaxativa18\/files\/2013\/12\/comptexat-48x48.jpg 48w, https:\/\/blogs.ua.es\/historiaxativa18\/files\/2013\/12\/comptexat.jpg 857w\" sizes=\"auto, (max-width: 300px) 100vw, 300px\" \/><figcaption id=\"caption-attachment-852\" class=\"wp-caption-text\"><span style=\"color: #993366\">Compte d&#8217;usuari en fb<\/span><\/figcaption><\/figure>\n<p><span style=\"color: #993366\">\u00a0<\/span><\/p>\n<address style=\"text-align: justify\"><span style=\"color: #993366\">Amb tots aquests medis, volem fer arribar la hist\u00f2ria d&#8217;aquesta localitat valenciana durant un per\u00edode tan important com fou el segle XVIII. Sobre tot per les seues transformacions, i el seu cam\u00ed cap a la crisi de l&#8217;Antic R\u00e8gim. Un per\u00edode per tant que marca la configuraci\u00f3 posterior, pol\u00edtica, administrativa, etc. Ja que est\u00e0 a la base del sistema actual. Si m\u00e9s no comen\u00e7a amb una guerra, i acaba amb una altra. La guerra de Successi\u00f3, i la guerra de la Independ\u00e8ncia marquen aquest marc cronol\u00f2gic, que nosaltres centrem en aquesta localitat. I al contrari del que puga par\u00e8ixer, es va produir un augment de la demografia, i de l&#8217;economia, aix\u00ed com altres successos que marcaren aquest temps. Si voleu saber m\u00e9s, vos convidem a que vos doneu una volta pel notre blog, o be que mireu alguns dels videos i fotografies que hem anat ficant com a material visual. Ja que <strong>aquestes investigacions<\/strong>, com hem dit, <strong>no tenen sentit si ning\u00fa les llig<\/strong> ;).<\/span><\/address>\n<p>&nbsp;<\/p>\n<h1 style=\"text-align: center\"><span style=\"color: #800000\"><strong>Gr\u00e0cies per la vostra visita!!<\/strong><\/span><\/h1>\n<figure id=\"attachment_851\" aria-describedby=\"caption-attachment-851\" style=\"width: 300px\" class=\"wp-caption aligncenter\"><a href=\"https:\/\/www.facebook.com\/pages\/X%C3%A0tiva-XVIII\/416996545097523\"><img loading=\"lazy\" decoding=\"async\" class=\"size-medium wp-image-851  \" alt=\"P\u00e0gina de X\u00e0tiva al fb\" src=\"https:\/\/blogs.ua.es\/historiaxativa18\/files\/2013\/12\/pag-xat-300x261.jpg\" width=\"300\" height=\"261\" srcset=\"https:\/\/blogs.ua.es\/historiaxativa18\/files\/2013\/12\/pag-xat-300x261.jpg 300w, https:\/\/blogs.ua.es\/historiaxativa18\/files\/2013\/12\/pag-xat-1024x892.jpg 1024w, https:\/\/blogs.ua.es\/historiaxativa18\/files\/2013\/12\/pag-xat.jpg 1058w\" sizes=\"auto, (max-width: 300px) 100vw, 300px\" \/><\/a><figcaption id=\"caption-attachment-851\" class=\"wp-caption-text\"><span style=\"color: #993366\">P\u00e0gina de X\u00e0tiva al fb<\/span><\/figcaption><\/figure>\n","protected":false},"excerpt":{"rendered":"<p>Nosaltres creguem que el que estudiem i fem, no t\u00e9 cap sentit si aix\u00f2 no es divulga i es mostra a la gent. Dins d&#8217;aquesta proposta, hem fet servir diversos mitjans de la Red, per donar a con\u00e8ixer els nostres estudis en la ciutat de X\u00e0tiva. Aix\u00ed mateix hem tractat de fer arribar aquests progressos [&hellip;]<\/p>\n","protected":false},"author":1932,"featured_media":0,"parent":0,"menu_order":4,"comment_status":"open","ping_status":"closed","template":"","meta":{"footnotes":""},"class_list":["post-850","page","type-page","status-publish","hentry"],"_links":{"self":[{"href":"https:\/\/blogs.ua.es\/historiaxativa18\/wp-json\/wp\/v2\/pages\/850","targetHints":{"allow":["GET"]}}],"collection":[{"href":"https:\/\/blogs.ua.es\/historiaxativa18\/wp-json\/wp\/v2\/pages"}],"about":[{"href":"https:\/\/blogs.ua.es\/historiaxativa18\/wp-json\/wp\/v2\/types\/page"}],"author":[{"embeddable":true,"href":"https:\/\/blogs.ua.es\/historiaxativa18\/wp-json\/wp\/v2\/users\/1932"}],"replies":[{"embeddable":true,"href":"https:\/\/blogs.ua.es\/historiaxativa18\/wp-json\/wp\/v2\/comments?post=850"}],"version-history":[{"count":6,"href":"https:\/\/blogs.ua.es\/historiaxativa18\/wp-json\/wp\/v2\/pages\/850\/revisions"}],"predecessor-version":[{"id":856,"href":"https:\/\/blogs.ua.es\/historiaxativa18\/wp-json\/wp\/v2\/pages\/850\/revisions\/856"}],"wp:attachment":[{"href":"https:\/\/blogs.ua.es\/historiaxativa18\/wp-json\/wp\/v2\/media?parent=850"}],"curies":[{"name":"wp","href":"https:\/\/api.w.org\/{rel}","templated":true}]}}