{"id":23,"date":"2017-11-09T16:29:05","date_gmt":"2017-11-09T16:29:05","guid":{"rendered":"https:\/\/blogs.ua.es\/historiaycomunicacion\/?page_id=23"},"modified":"2017-12-05T18:00:45","modified_gmt":"2017-12-05T18:00:45","slug":"quienes-somos","status":"publish","type":"page","link":"https:\/\/blogs.ua.es\/historiaycomunicacion\/quienes-somos\/","title":{"rendered":"Qui\u00e9nes somos"},"content":{"rendered":"<p style=\"padding-left: 60px\"><strong>\u00a0 \u00a0 <span style=\"color: #800000\">\u00a0 \u00bf<\/span><span style=\"color: #993300\"><span style=\"color: #800000\">QU<\/span>I\u00c9NES SOMOS?<\/span><\/strong><\/p>\n<hr style=\"padding-left: 60px\" \/>\n<p style=\"padding-left: 90px\"><strong>Hola!<\/strong><\/p>\n<p style=\"padding-left: 90px\">Somos un grupo de estudiantes de 4\u00ba Curso de Historia de la Universidad de Alicante. Nuestros nombres son los siguientes:<\/p>\n<p style=\"padding-left: 90px\">Allam Chakdouf Souhail<\/p>\n<p style=\"padding-left: 90px\">Bernuz Rodr\u00edguez Yasmin<\/p>\n<p style=\"padding-left: 90px\">Fructuoso C\u00e1rcel Mar\u00eda<\/p>\n<p style=\"padding-left: 90px\">Garc\u00eda Garc\u00eda Javier<\/p>\n<p style=\"padding-left: 90px\">Mart\u00ednez Lled\u00f3 Roberto<\/p>\n<p style=\"padding-left: 90px\">Samaniego Pardo Sabrina<\/p>\n<p style=\"padding-left: 60px\"><span style=\"color: #800000\"><strong>\u00bfPOR QU\u00c9 NACE ESTE BLOG?<\/strong><\/span><\/p>\n<hr style=\"padding-left: 60px\" \/>\n<p style=\"padding-left: 60px\">Este blog forma parte de las pr\u00e1cticas de la asignatura Metodolog\u00eda II impartida por el Doctor Francisco Sevillano Calero.<\/p>\n<p style=\"padding-left: 60px\">Con la elaboraci\u00f3n de este trabajo pretendemos realizar una labor de investigaci\u00f3n hist\u00f3rica a partir del an\u00e1lisis de la distribuci\u00f3n y la elaboraci\u00f3n de\u00a0 porcentajes de ocupaci\u00f3n de las distintas partes que forman la portada de un peri\u00f3dico (Cabecera, titular de la noticia del d\u00eda, fotos adjuntas, sumarios&#8230;) y de esta manera extraer conclusiones respecto a como tratan una misma noticia distintos peri\u00f3dicos, dependiendo de su ideolog\u00eda pol\u00edtica y si se trata de prensa nacional o extranjera .<\/p>\n<p style=\"padding-left: 60px\">En nuestro caso, la noticia elegida ha sido el Golpe de Estado del 23 de Febrero de 1981. Hemos decidido escoger este acontecimiento por diversas razones:<\/p>\n<p style=\"padding-left: 60px\">En primer lugar porque se trata de un acontecimiento que<strong> marc\u00f3 la historia de la<\/strong>, por aquel entonces,<strong> joven democracia espa\u00f1ola<\/strong><\/p>\n<p style=\"padding-left: 60px\">Por que a su vez, el golpe de estado <strong>pretendi\u00f3 acabar con la reci\u00e9n nacida democracia<\/strong> espa\u00f1ola, y esto result\u00f3 sin \u00e9xito<\/p>\n<p style=\"padding-left: 60px\">Por otra parte, debido a su <strong>gran car\u00e1cter medi\u00e1tico y simb\u00f3lico<\/strong>, el golpe de estado del 23 F fue trasmitido por la presa escrita tanto internacional o nacional. Por lo que resulta interesante conocer la cantidad de informaci\u00f3n y el <strong>punto de vista que aportan sobre la noticia la prensa de ambos lados de la frontera<\/strong>.<\/p>\n<p style=\"padding-left: 60px\">En relaci\u00f3n con el punto anterior. El 23F tambi\u00e9n resulta un tema muy atractivo debido a que se trata de los primeros acontecimientos hist\u00f3ricos (de la etapa dem\u00f3crata de nuestro pa\u00eds)<strong> grabado en directo; difundido a la mayor\u00eda del gran p\u00fablico a nivel mundial y posteriormente conservado tal y como sucedi\u00f3<\/strong>. Gracias a los avances experimentados por la comunicaci\u00f3n y difusi\u00f3n gracias a la<strong> era digital.<\/strong><\/p>\n<p style=\"padding-left: 60px\">Adem\u00e1s, debido a la ley\u00a0<strong> Ley de Secretos Oficiales del Estado<\/strong> que se aprob\u00f3 en plena dictadura, en 1968, y sigue vigente hoy. Por la cual se\u00a0 indica que los <strong>documentos clasificados<\/strong> sobre el r\u00e9gimen franquista y lo sucedido el 23F lo seguir\u00e1n siendo<strong> hasta 2031<\/strong> siempre y cuando el Gobierno o las autoridades militares -hoy inexistentes- no diga lo contrario. Por lo que, la documentaci\u00f3n\u00a0 oficial de la investigaci\u00f3n judicial que se llev\u00f3 a cabo para esclarecer el golpe de Estado promovido por el teniente coronel Antonio Tejero se encuentra bajo secreto.\u00a0As\u00ed que, para realizar un<strong> trabajo de investigaci\u00f3n<\/strong> respecto a este tema que nos acontece, <strong>es necesario acudir a otras v\u00edas de investigaci\u00f3n<\/strong> que no impliquen la consulta de documentos primarios. Por esto, el an\u00e1lisis y estudio de la reacci\u00f3n de la prensa ante tal acontecimiento, es una de las v\u00edas \u00fatiles de acercarnos a la realidad sobre lo sucedido durante el golpe de estado del 23F.<\/p>\n","protected":false},"excerpt":{"rendered":"<p>\u00a0 \u00a0 \u00a0 \u00bfQUI\u00c9NES SOMOS? Hola! Somos un grupo de estudiantes de 4\u00ba Curso de Historia de la Universidad de Alicante. Nuestros nombres son los siguientes: Allam Chakdouf Souhail Bernuz Rodr\u00edguez Yasmin Fructuoso C\u00e1rcel Mar\u00eda Garc\u00eda Garc\u00eda Javier Mart\u00ednez Lled\u00f3 &hellip; <a href=\"https:\/\/blogs.ua.es\/historiaycomunicacion\/quienes-somos\/\">Continue reading <span class=\"meta-nav\">&rarr;<\/span><\/a><\/p>\n","protected":false},"author":3652,"featured_media":0,"parent":0,"menu_order":1,"comment_status":"closed","ping_status":"closed","template":"","meta":{"footnotes":""},"class_list":["post-23","page","type-page","status-publish","hentry"],"_links":{"self":[{"href":"https:\/\/blogs.ua.es\/historiaycomunicacion\/wp-json\/wp\/v2\/pages\/23","targetHints":{"allow":["GET"]}}],"collection":[{"href":"https:\/\/blogs.ua.es\/historiaycomunicacion\/wp-json\/wp\/v2\/pages"}],"about":[{"href":"https:\/\/blogs.ua.es\/historiaycomunicacion\/wp-json\/wp\/v2\/types\/page"}],"author":[{"embeddable":true,"href":"https:\/\/blogs.ua.es\/historiaycomunicacion\/wp-json\/wp\/v2\/users\/3652"}],"replies":[{"embeddable":true,"href":"https:\/\/blogs.ua.es\/historiaycomunicacion\/wp-json\/wp\/v2\/comments?post=23"}],"version-history":[{"count":11,"href":"https:\/\/blogs.ua.es\/historiaycomunicacion\/wp-json\/wp\/v2\/pages\/23\/revisions"}],"predecessor-version":[{"id":173,"href":"https:\/\/blogs.ua.es\/historiaycomunicacion\/wp-json\/wp\/v2\/pages\/23\/revisions\/173"}],"wp:attachment":[{"href":"https:\/\/blogs.ua.es\/historiaycomunicacion\/wp-json\/wp\/v2\/media?parent=23"}],"curies":[{"name":"wp","href":"https:\/\/api.w.org\/{rel}","templated":true}]}}