{"id":25,"date":"2017-11-09T16:29:22","date_gmt":"2017-11-09T16:29:22","guid":{"rendered":"https:\/\/blogs.ua.es\/historiaycomunicacion\/?page_id=25"},"modified":"2017-12-05T10:51:43","modified_gmt":"2017-12-05T10:51:43","slug":"metodologia-empleada","status":"publish","type":"page","link":"https:\/\/blogs.ua.es\/historiaycomunicacion\/metodologia-empleada\/","title":{"rendered":"Metodolog\u00eda empleada"},"content":{"rendered":"<h1 style=\"text-align: center;padding-left: 90px\"><span style=\"color: #800000\"><strong>B\u00daSQUEDA EN PORTALES DE PRENSA<\/strong><\/span><\/h1>\n<p style=\"text-align: center;padding-left: 90px\"><img loading=\"lazy\" decoding=\"async\" class=\"wp-image-164 aligncenter\" src=\"https:\/\/blogs.ua.es\/historiaycomunicacion\/files\/2017\/11\/mitos-busqueda-empleo.jpg\" alt=\"\" width=\"580\" height=\"249\" srcset=\"https:\/\/blogs.ua.es\/historiaycomunicacion\/files\/2017\/11\/mitos-busqueda-empleo.jpg 770w, https:\/\/blogs.ua.es\/historiaycomunicacion\/files\/2017\/11\/mitos-busqueda-empleo-300x129.jpg 300w, https:\/\/blogs.ua.es\/historiaycomunicacion\/files\/2017\/11\/mitos-busqueda-empleo-768x331.jpg 768w\" sizes=\"auto, (max-width: 580px) 100vw, 580px\" \/>Tras delimitar el acontecimiento con el que quer\u00edamos elaborar este trabajo de prensa (explicado en la pesta\u00f1a \u2018Contexto Hist\u00f3rico\u2019), comenzamos, en primer lugar, lanzando b\u00fasquedas generales para ver qu\u00e9 resultados nos ofrec\u00edan las mismas y saber si podr\u00edamos contar con material suficiente, no solo en cuanto a cantidad, sino a calidad visual para poder desarrollar esta pr\u00e1ctica. Pues la materia prima del mismo son las portadas de distintos peri\u00f3dicos y una calidad inferior a la deseada hubiera dificultado la toma de mediciones y delimitaci\u00f3n de los contenidos de \u00e9sta.<\/p>\n<p style=\"text-align: center;padding-left: 90px\">En segundo lugar y tras esta primera aproximaci\u00f3n, consultamos distintas hemerotecas de peri\u00f3dicos como el ABC, La Vanguardia, El Pa\u00eds, Diario Informaci\u00f3n etc., utilizando sus rutas espec\u00edficas para acotar el tiempo -24 de febrero, un d\u00eda despu\u00e9s del Golpe de Estado, hecho elegido- con el fin de obtener de forma r\u00e1pida dichas portadas. Nuestra sorpresa fue que, por no haber elegido una metodolog\u00eda mejor planificada, hubo enlaces que no reportaron resultados, pues, a pesar de la gran labor que se est\u00e1 haciendo por digitalizar todos los medios, todav\u00eda muchos de los peri\u00f3dicos no cuentan con este recurso que tan f\u00e1cil har\u00eda la investigaci\u00f3n desde cualquier \u00e1mbito.<\/p>\n<p style=\"text-align: center;padding-left: 90px\">Sin embargo, s\u00ed hubo portales de prensa como, por ejemplo, ABC que r\u00e1pidamente nos llev\u00f3 a una portada del 24 de febrero de 1981 en blanco y negro en la que el general Tejero ocupaba una gran parte de la misma con una calidad digital excelente para trabajarla.<\/p>\n<p style=\"text-align: center;padding-left: 90px\">En tercer lugar, tras los resultados negativos de otras b\u00fasquedas y la necesidad de contar con m\u00e1s material, decidimos usar la Biblioteca de Prensa Hist\u00f3rica (<a href=\"http:\/\/prensahistorica.mcu.es\/\">http:\/\/prensahistorica.mcu.es\/<\/a>) y filtrar la b\u00fasqueda directamente por calendario para que nos llevara a todo lo escrito del d\u00eda mencionado previamente. Aqu\u00ed conseguimos sumar una portada m\u00e1s. Seguimos utilizando los recursos que la Universidad de Alicante pone a disposici\u00f3n de los alumnos y lanzamos una nueva b\u00fasqueda en <em>El quiosc <\/em>(<a href=\"http:\/\/www.bib.uab.es\/premsa\/\">http:\/\/www.bib.uab.es\/premsa\/<\/a>) y, finalmente, en la Hemeroteca de la BNE (<a href=\"http:\/\/hemerotecadigital.bne.es\">http:\/\/hemerotecadigital.bne.es<\/a>).<\/p>\n<p style=\"text-align: center;padding-left: 90px\">Por \u00faltimo y con la selecci\u00f3n de portadas hecha, el grupo decidi\u00f3 ampliar el rango espacial de las mismas, es decir, buscar qu\u00e9 se dec\u00eda en la prensa extranjera acerca del Golpe de Estado en Espa\u00f1a con el objetivo de poder a\u00f1adir al menos un ejemplo, por lo que volvimos a lanzar una b\u00fasqueda que nos llev\u00f3 al portal de la Cadena Ser gracias al cual pudimos localizar una de las portadas que se adjuntan en este trabajo, la del diario <em>Daily Mirror<\/em>.<\/p>\n","protected":false},"excerpt":{"rendered":"<p>B\u00daSQUEDA EN PORTALES DE PRENSA Tras delimitar el acontecimiento con el que quer\u00edamos elaborar este trabajo de prensa (explicado en la pesta\u00f1a \u2018Contexto Hist\u00f3rico\u2019), comenzamos, en primer lugar, lanzando b\u00fasquedas generales para ver qu\u00e9 resultados nos ofrec\u00edan las mismas y &hellip; <a href=\"https:\/\/blogs.ua.es\/historiaycomunicacion\/metodologia-empleada\/\">Continue reading <span class=\"meta-nav\">&rarr;<\/span><\/a><\/p>\n","protected":false},"author":3652,"featured_media":0,"parent":0,"menu_order":2,"comment_status":"closed","ping_status":"closed","template":"","meta":{"footnotes":""},"class_list":["post-25","page","type-page","status-publish","hentry"],"_links":{"self":[{"href":"https:\/\/blogs.ua.es\/historiaycomunicacion\/wp-json\/wp\/v2\/pages\/25","targetHints":{"allow":["GET"]}}],"collection":[{"href":"https:\/\/blogs.ua.es\/historiaycomunicacion\/wp-json\/wp\/v2\/pages"}],"about":[{"href":"https:\/\/blogs.ua.es\/historiaycomunicacion\/wp-json\/wp\/v2\/types\/page"}],"author":[{"embeddable":true,"href":"https:\/\/blogs.ua.es\/historiaycomunicacion\/wp-json\/wp\/v2\/users\/3652"}],"replies":[{"embeddable":true,"href":"https:\/\/blogs.ua.es\/historiaycomunicacion\/wp-json\/wp\/v2\/comments?post=25"}],"version-history":[{"count":7,"href":"https:\/\/blogs.ua.es\/historiaycomunicacion\/wp-json\/wp\/v2\/pages\/25\/revisions"}],"predecessor-version":[{"id":166,"href":"https:\/\/blogs.ua.es\/historiaycomunicacion\/wp-json\/wp\/v2\/pages\/25\/revisions\/166"}],"wp:attachment":[{"href":"https:\/\/blogs.ua.es\/historiaycomunicacion\/wp-json\/wp\/v2\/media?parent=25"}],"curies":[{"name":"wp","href":"https:\/\/api.w.org\/{rel}","templated":true}]}}