{"id":91,"date":"2017-11-30T09:11:33","date_gmt":"2017-11-30T09:11:33","guid":{"rendered":"https:\/\/blogs.ua.es\/historiaycomunicacion\/?page_id=91"},"modified":"2017-12-05T11:12:44","modified_gmt":"2017-12-05T11:12:44","slug":"bibliografia","status":"publish","type":"page","link":"https:\/\/blogs.ua.es\/historiaycomunicacion\/bibliografia\/","title":{"rendered":"Bibliograf\u00eda"},"content":{"rendered":"<h1 style=\"text-align: left;padding-left: 60px\"><span style=\"color: #800000\"><strong>Im\u00e1genes empleadas en la elaboraci\u00f3n del blog:<\/strong><\/span><\/h1>\n<p style=\"padding-left: 60px\">ADECCORIENTAEMPLEO.COM, 2017,\u00a0<i>Buscador<\/i>\u00a0[en l\u00ednea]. [imagen]. 2017. [Consultado: 24 de noviembre\u00a0 2017]. Disponible en: <a href=\"http:\/\/www.adeccorientaempleo.com\/falsos-topicos-busqueda-empleo\/\">http:\/\/www.adeccorientaempleo.com\/falsos-topicos-busqueda-empleo\/<\/a><\/p>\n<p style=\"padding-left: 60px\">ARCADIO MOTION, 2017,\u00a0<i>Logotivo silueta Antonio Tejero<\/i>\u00a0[en l\u00ednea. [imagen]. 2017. [Consultado: 24 de noviembre\u00a0 2017]. Disponible en:http:\/\/<a href=\"http:\/\/4.bp.blogspot.com\/-QAuyqudJ4eQ\/TWTCOh9PnVI\/AAAAAAAAMEU\/QiOCa6Y5gcc\/s1600\/1.%2B23-F.%2BTejero%252C%2Ben%2Blas%2BCortes.%2BA.jpg\">www.arcadiamotionpictures.com\/51\/23-f-la-pelicula\/<\/a><\/p>\n<p style=\"padding-left: 60px\">ACTUALL, 2017,\u00a0<i>Imagen del congreso de los diputados durante el 23F<\/i>\u00a0[en l\u00ednea. [imagen]. 2017. [Consultado: 24 de noviembre\u00a0 2017]. Disponible en: <a href=\"https:\/\/www.actuall.com\/criterio\/democracia\/general-davila-23f-no-hubo-golpe-estado-hubo-dos\/\">https:\/\/www.actuall.com\/criterio\/democracia\/general-davila-23f-no-hubo-golpe-estado-hubo-dos\/\u00a0<\/a><\/p>\n<h3 style=\"padding-left: 60px\">GOODEREADER.COM, 2017,\u00a0<i>Fondo de peri\u00f3dicos<\/i>\u00a0[en l\u00ednea]. [imagen]. 2017. [Consultado: 24 de noviembre\u00a0 2017]. Disponible en: <a href=\"https:\/\/goodereader.com\/blog\/electronic-readers\/british-newspapers-archiving-in-digital-format\">https:\/\/goodereader.com\/blog\/electronic-readers\/british-newspapers-archiving-in-digital-format<\/a><\/h3>\n<h3 style=\"padding-left: 60px\">PERI\u00d3DICO EL MUNDO, 2017,\u00a0<i>Logotipo 23F<\/i>\u00a0[en l\u00ednea]. [imagen]. 2017. [Consultado: 24 de noviembre\u00a0 2017]. Disponible en: <a href=\"http:\/\/www.elmundo.es\/especiales\/23f\/video.html\">http:\/\/www.elmundo.es\/especiales\/23f\/video.html\u00a0<\/a><\/h3>\n<h1 style=\"padding-left: 60px\"><span style=\"color: #800000\"><strong>Peri\u00f3dicos seleccionados:<\/strong><\/span><\/h1>\n<p style=\"padding-left: 60px\">ABC. <em>Asalto armado al congreso.<\/em> [imagen digital]. 1981. Lugar: Madrid. 2009. [Consultado: 2 de noviembre de 2017]. Disponible en: <a href=\"http:\/\/hemeroteca.abc.es\/nav\/Navigate.exe\/hemeroteca\/madrid\/abc\/1981\/02\/24\/001.html\">http:\/\/hemeroteca.abc.es\/nav\/Navigate.exe\/hemeroteca\/madrid\/abc\/1981\/02\/24\/001.html<\/a><\/p>\n<p style=\"padding-left: 60px\">DAYLI MIRROR. <em>Spain: Civil war alert. 350 MPs held at gunpoint.<\/em> [imagen digital]. 1981. Lugar: Londres. [consulta: 2 noviembre de 2017] Disponible en: <a href=\"https:\/\/cloud10.todocoleccion.online\/coleccionismo-revistas-periodicos\/tc\/2016\/02\/15\/11\/54460389.jpg\">https:\/\/cloud10.todocoleccion.online\/coleccionismo-revistas-periodicos\/tc\/2016\/02\/15\/11\/54460389.jpg<\/a><\/p>\n<p style=\"padding-left: 60px\">DIARIO INFORMACI\u00d3N. <em>Fracasa un intento de golpe de estado.<\/em> [imagen digital]. 1981. Lugar: Ministerio de Cultura. Delegaci\u00f3n Provincial de Alicante. 1981. [consulta: 2 noviembre de 2017] Disponible en: <a href=\"http:\/\/www.alicantevivo.org\/2009\/02\/asi-se-vivio-el-23-f-en-alicante.html\">http:\/\/www.alicantevivo.org\/2009\/02\/asi-se-vivio-el-23-f-en-alicante.html<\/a><\/p>\n<p style=\"padding-left: 60px\">EL PERI\u00d3DICO DE CATALUNYA<em>. El Rey ordena a los golpistas que acaten la legalidad<\/em>. [imagen digital]. 1981. Lugar: Barcelona. [consulta: 2 noviembre de 2017] Disponible en: <a href=\"https:\/\/i.pinimg.com\/736x\/86\/2b\/bc\/862bbc6512f3412922b13f679328eb8d.jpg\">https:\/\/i.pinimg.com\/736x\/86\/2b\/bc\/862bbc6512f3412922b13f679328eb8d.jpg<\/a><\/p>\n<p style=\"padding-left: 60px\">LA VANGUARDIA. <em>El congreso, ocupado y sitiado.<\/em> [imagen digital]. 1981. Lugar: Hemeroteca La Vanguardia. Barcelona. [consulta: 2 noviembre de 2017] Disponible en: <a href=\"http:\/\/hemeroteca.lavanguardia.com\/preview\/1981\/02\/24\/pagina-1\/32912665\/pdf.html\">http:\/\/hemeroteca.lavanguardia.com\/preview\/1981\/02\/24\/pagina-1\/32912665\/pdf.html<\/a><\/p>\n<p style=\"padding-left: 60px\">MEDITERR\u00c1NEO. <em>\u00a1Libertad!.<\/em> [imagen digital]. 1981. Lugar: Castell\u00f3n de la Plana. [consulta: 2 noviembre de 2017]. Disponible en: <a href=\"http:\/\/prensahistorica.mcu.es\/es\/catalogo_imagenes\/grupo.cmd?path=5088498&amp;interno=S&amp;presentacion=pagina&amp;posicion=1&amp;registrardownload=0\">http:\/\/prensahistorica.mcu.es\/es\/catalogo_imagenes\/grupo.cmd?path=5088498&amp;interno=S&amp;presentacion=pagina&amp;posicion=1&amp;registrardownload=0<\/a><\/p>\n<h1 style=\"padding-left: 60px\"><span style=\"color: #800000\"><strong>Informaci\u00f3n sobre los peri\u00f3dicos:<\/strong><\/span><\/h1>\n<p style=\"padding-left: 60px\"><a href=\"http:\/\/hemeroteca.abc.es\/\">ABC Hemeroteca. 2008 [en l\u00ednea] [consultado: 28 de noviembre de 2017]. Disponible en :http:\/\/hemeroteca.abc.es\/<\/a><\/p>\n<p style=\"padding-left: 60px\">Biblioteca virtual de Prensa Hist\u00f3rica. [en l\u00ednea] [consultado: el 29 de noviembre de 2017]. Disponible en:\u00a0\u00a0 <a href=\"http:\/\/prensahistorica.mcu.es\/es\/consulta\/busqueda.cmd\">\u00a0http:\/\/prensahistorica.mcu.es\/es\/consulta\/busqueda.cmd<\/a><\/p>\n<p style=\"padding-left: 60px\">Catalunya, E. (2017).\u00a0<em>Portada El Periodico<\/em>. [en l\u00ednea][consultado: 17 Noviembre 2017]. Elperiodico.com. Disponible en: http:\/\/www.elperiodico.com\/es\/quienessomos.shtml<\/p>\n<p style=\"padding-left: 60px\">EDUCACI\u00d6N 3.0 L\u00edder informativo en innovaci\u00f3n educativa.\u00a0 [en l\u00ednea] [consultado: 29 de noviembre de 2017]. Disponible en: <a href=\"http:\/\/www.educaciontrespuntocero.com\/recursos\/hemerotecas-digitales-periodicos-revistas\/38227.html\">http:\/\/www.educaciontrespuntocero.com\/recursos\/hemerotecas-digitales-periodicos-revistas\/38227.html<\/a><\/p>\n<p style=\"padding-left: 60px\">Grupogodo.com. (2017).\u00a0<em>Historia \u2013 Grupo God\u00f3<\/em>. [en l\u00ednea][consultado: 4 de Diciembre. 2017]. Disponible en: <a href=\"http:\/\/www.grupogodo.com\/historia\/\">http:\/\/www.grupogodo.com\/historia\/<\/a><\/p>\n<p style=\"padding-left: 60px\">HEMEROTECA DIGITAL. BIBLIOTECA\u00a0 NACIONAL DE ESPA\u00d1A. [en l\u00ednea] [consultado: 29 de noviembre de 2017]. Disponible en: <a href=\"http:\/\/hemerotecadigital.bne.es\/index.vm\">http:\/\/hemerotecadigital.bne.es\/index.vm<\/a><\/p>\n<p style=\"padding-left: 60px\">INFORMACION. [en l\u00ednea] [consultado: 29 de noviembre de 2017]. Disponible en: <a href=\"http:\/\/www.diarioinformacion.com\/servicios\/hemeroteca\/hemeroteca.jsp\">http:\/\/www.diarioinformacion.com\/servicios\/hemeroteca\/hemeroteca.jsp<\/a><\/p>\n<p style=\"padding-left: 60px\">MEDIA. Ministerio de Educaci\u00f3n. 2008. [en l\u00ednea] [consultado: 29 de noviembre de 2017]. Disponible en: <a href=\"http:\/\/recursos.cnice.mec.es\/media\/prensa\/bloque1\/pag8.html\">\u00a0http:\/\/recursos.cnice.mec.es\/media\/prensa\/bloque1\/pag8.html<\/a><\/p>\n<p style=\"padding-left: 60px\">Prensa impresa en el aula. [en l\u00ednea] [consultado : 28 de noviembre de 2017]. Disponible en: <a href=\"http:\/\/www.ite.educacion.es\/formacion\/materiales\/113\/cd\/prensa_escrita\/modulo_1\/1_e.htm\">http:\/\/www.ite.educacion.es\/formacion\/materiales\/113\/cd\/prensa_escrita\/modulo_1\/1_e.htm<\/a><\/p>\n<p style=\"padding-left: 60px\">Promociones y Ediciones culturales S.A. <em>El Peri\u00f3dico Mediterr\u00e1neo<\/em> [en l\u00ednea] [fecha de consulta: 25 de noviembre de 2017]. Disponibilidad: <a href=\"http:\/\/www.elperiodicomediterraneo.com\/info\/index.php\">http:\/\/www.elperiodicomediterraneo.com\/info\/index.php<\/a><\/p>\n<p style=\"padding-left: 60px\">RANKIN, Ben. Mirror Online [en l\u00ednea] [fecha de consulta: 25 de noviembre de 2017]. Disponibilidad: <a href=\"http:\/\/www.mirror.co.uk\">http:\/\/www.mirror.co.uk<\/a><\/p>\n<p style=\"padding-left: 60px\">OJD interactiva. Informaci\u00f3n y control de publicaciones. 2012. [en l\u00ednea] [consultado: 28 de noviembre de 2017]. Disponible en:\u00a0 <a href=\"https:\/\/www.ojd.es\/buscador\/\">https:\/\/www.ojd.es\/buscador\/<\/a><\/p>\n<p style=\"padding-left: 60px\">Ojd.es. (2017).\u00a0<em>Medios Controlados \u00ab OJD<\/em>. [en l\u00ednea] [consultado: 4 de diciembre de 2017]. Disponible en: <a href=\"https:\/\/www.ojd.es\/medios-controlado\">https:\/\/www.ojd.es\/medios-controlado<\/a>s\/<\/p>\n<p style=\"padding-left: 60px\">Web.archive.org. (2017).\u00a0<em>Introl<\/em>. [en l\u00ednea] [consultado: 4 de diciembre 2017]. Disponible en: <a href=\"https:\/\/web.archive.org\/web\/20110713015636\/http:\/\/www.ojd.es\/Introl\/Portal\/publicacion_detalle\/_LX1O_Pr-rb_siYZ0_A6y79N4hoOzTC-t\">https:\/\/web.archive.org\/web\/20110713015636\/http:\/\/www.ojd.es\/Introl\/Portal\/publicacion_detalle\/_LX1O_Pr-rb_siYZ0_A6y79N4hoOzTC-t<\/a><\/p>\n<h1 style=\"padding-left: 60px\"><span style=\"color: #000000\"><strong>Otros:<\/strong><\/span><\/h1>\n<p style=\"padding-left: 60px\">ANDRES SANZ, Jes\u00fas.<em> El voto de las armas. Golpes de Estado en el sistema internacional a lo largo del siglo XX<\/em>. 1\u00aa Edici\u00f3n. Madrid. Catarata. 2000. ISBN: 9788483191071.<\/p>\n<p style=\"padding-left: 60px\">MENA MEDINA, Francisco.<em> 23-F. La verdad<\/em>. 1\u00aa Edici\u00f3n. Barcelona. Plaza y Jan\u00e9s. 2006. ISBN: 9788401379406.<\/p>\n<p style=\"padding-left: 60px\">KAYSER, Jacques.\u00a0<em>El peri\u00f3dico : estudios de morfolog\u00eda, metodolog\u00eda\u00a0y de prensa comparada.\u00a0Ciespal, 1961. pp. 1-70. ISBN:\u00a0<\/em><\/p>\n","protected":false},"excerpt":{"rendered":"<p>Im\u00e1genes empleadas en la elaboraci\u00f3n del blog: ADECCORIENTAEMPLEO.COM, 2017,\u00a0Buscador\u00a0[en l\u00ednea]. [imagen]. 2017. [Consultado: 24 de noviembre\u00a0 2017]. Disponible en: http:\/\/www.adeccorientaempleo.com\/falsos-topicos-busqueda-empleo\/ ARCADIO MOTION, 2017,\u00a0Logotivo silueta Antonio Tejero\u00a0[en l\u00ednea. [imagen]. 2017. [Consultado: 24 de noviembre\u00a0 2017]. Disponible en:http:\/\/www.arcadiamotionpictures.com\/51\/23-f-la-pelicula\/ ACTUALL, 2017,\u00a0Imagen del congreso &hellip; <a href=\"https:\/\/blogs.ua.es\/historiaycomunicacion\/bibliografia\/\">Continue reading <span class=\"meta-nav\">&rarr;<\/span><\/a><\/p>\n","protected":false},"author":3652,"featured_media":0,"parent":0,"menu_order":5,"comment_status":"closed","ping_status":"closed","template":"","meta":{"footnotes":""},"class_list":["post-91","page","type-page","status-publish","hentry"],"_links":{"self":[{"href":"https:\/\/blogs.ua.es\/historiaycomunicacion\/wp-json\/wp\/v2\/pages\/91","targetHints":{"allow":["GET"]}}],"collection":[{"href":"https:\/\/blogs.ua.es\/historiaycomunicacion\/wp-json\/wp\/v2\/pages"}],"about":[{"href":"https:\/\/blogs.ua.es\/historiaycomunicacion\/wp-json\/wp\/v2\/types\/page"}],"author":[{"embeddable":true,"href":"https:\/\/blogs.ua.es\/historiaycomunicacion\/wp-json\/wp\/v2\/users\/3652"}],"replies":[{"embeddable":true,"href":"https:\/\/blogs.ua.es\/historiaycomunicacion\/wp-json\/wp\/v2\/comments?post=91"}],"version-history":[{"count":15,"href":"https:\/\/blogs.ua.es\/historiaycomunicacion\/wp-json\/wp\/v2\/pages\/91\/revisions"}],"predecessor-version":[{"id":168,"href":"https:\/\/blogs.ua.es\/historiaycomunicacion\/wp-json\/wp\/v2\/pages\/91\/revisions\/168"}],"wp:attachment":[{"href":"https:\/\/blogs.ua.es\/historiaycomunicacion\/wp-json\/wp\/v2\/media?parent=91"}],"curies":[{"name":"wp","href":"https:\/\/api.w.org\/{rel}","templated":true}]}}