{"id":7,"date":"2012-05-07T07:37:12","date_gmt":"2012-05-07T07:37:12","guid":{"rendered":"https:\/\/blogs.ua.es\/historiografiadiana\/?page_id=7"},"modified":"2012-05-08T12:00:08","modified_gmt":"2012-05-08T22:30:08","slug":"pagina-de-prueba","status":"publish","type":"page","link":"https:\/\/blogs.ua.es\/historiografiadiana\/pagina-de-prueba\/","title":{"rendered":"Tendencias Historiogr\u00e1ficas Actuales"},"content":{"rendered":"<h2 style=\"text-align: justify\">Bienvenidos Visitantes.<\/h2>\n<p>&nbsp;<\/p>\n<p style=\"text-align: justify\"><span>Mi nombre es Diana L\u00f3pez y, a ra\u00edz de un taller metodol\u00f3gico d<\/span>e la asignatura <a title=\"Tendencias Historiogr\u00e1ficas Actuales \" href=\"https:\/\/blogs.ua.es\/tendenciashistoriograficas\/\" target=\"_blank\">Tendencias Historiogr\u00e1ficas Actuales<\/a>, asignatura de la<em>\u00a0Licenciatura en Historia<\/em> de la <a title=\"Universidad de Alicante\" href=\"http:\/\/www.ua.es\/\" target=\"_blank\">Universidad de Alicante<\/a>,\u00a0se ha puesto en marcha la creaci\u00f3n y su posterior desarrollo de una serie de blogs por parte de algunos alumnos de dicha asignatura. En ellos, de forma libre cada uno, aportar\u00e1 comentarios al respecto de debates \u00a0surgidos en clase, de temas cercanos a la asignatura que le sean de su inter\u00e9s, cr\u00edticas o an\u00e1lisis referentes algunos aspectos concretos de parte del contenido \u00a0y\/o sobre todas aquellas actividades y pr\u00e1cticas relacionadas con la misma.<\/p>\n<p style=\"text-align: justify\">Pasen y vean.<\/p>\n","protected":false},"excerpt":{"rendered":"<p>Bienvenidos Visitantes. &nbsp; Mi nombre es Diana L\u00f3pez y, a ra\u00edz de un taller metodol\u00f3gico de la asignatura Tendencias Historiogr\u00e1ficas Actuales, asignatura de la\u00a0Licenciatura en Historia de la Universidad de Alicante,\u00a0se ha puesto en marcha la creaci\u00f3n y su posterior &hellip; <a href=\"https:\/\/blogs.ua.es\/historiografiadiana\/pagina-de-prueba\/\">Continue reading <span class=\"meta-nav\">&rarr;<\/span><\/a><\/p>\n","protected":false},"author":2677,"featured_media":0,"parent":0,"menu_order":0,"comment_status":"open","ping_status":"open","template":"","meta":{"footnotes":""},"class_list":["post-7","page","type-page","status-publish","hentry"],"_links":{"self":[{"href":"https:\/\/blogs.ua.es\/historiografiadiana\/wp-json\/wp\/v2\/pages\/7","targetHints":{"allow":["GET"]}}],"collection":[{"href":"https:\/\/blogs.ua.es\/historiografiadiana\/wp-json\/wp\/v2\/pages"}],"about":[{"href":"https:\/\/blogs.ua.es\/historiografiadiana\/wp-json\/wp\/v2\/types\/page"}],"author":[{"embeddable":true,"href":"https:\/\/blogs.ua.es\/historiografiadiana\/wp-json\/wp\/v2\/users\/2677"}],"replies":[{"embeddable":true,"href":"https:\/\/blogs.ua.es\/historiografiadiana\/wp-json\/wp\/v2\/comments?post=7"}],"version-history":[{"count":10,"href":"https:\/\/blogs.ua.es\/historiografiadiana\/wp-json\/wp\/v2\/pages\/7\/revisions"}],"predecessor-version":[{"id":12,"href":"https:\/\/blogs.ua.es\/historiografiadiana\/wp-json\/wp\/v2\/pages\/7\/revisions\/12"}],"wp:attachment":[{"href":"https:\/\/blogs.ua.es\/historiografiadiana\/wp-json\/wp\/v2\/media?parent=7"}],"curies":[{"name":"wp","href":"https:\/\/api.w.org\/{rel}","templated":true}]}}