{"id":11,"date":"2014-11-12T18:42:12","date_gmt":"2014-11-12T18:42:12","guid":{"rendered":"https:\/\/blogs.ua.es\/humanismo\/?page_id=11"},"modified":"2014-12-08T18:06:51","modified_gmt":"2014-12-08T18:06:51","slug":"la-filosofia-del-humanismo","status":"publish","type":"page","link":"https:\/\/blogs.ua.es\/humanismo\/la-filosofia-del-humanismo\/","title":{"rendered":"La filosof\u00eda en el humanismo"},"content":{"rendered":"<p>Para entender mejor el t\u00e9rmino de humanismo filos\u00f3fico, debemos primero darle significado a este concepto. El t\u00e9rmino humanismo se relaciona con las concepciones filos\u00f3ficas que colocan al ser humano como centro de su inter\u00e9s. El humanismo viene a significar la valoraci\u00f3n del ser humano, la propia condici\u00f3n humana. Se refiere a una amplia gama de filosof\u00edas y perspectivas \u00e9ticas que ponen \u00e9nfasis en el valor y las acciones de los seres humanos, individual y colectivamente, y que prefieren el pensamiento individual y la evidencia (racionalismo, empirismo) sobre las doctrinas establecidas o la fe religiosa. El t\u00e9rmino humanismo puede ser ambiguamente diverso y ha habido una confusi\u00f3n de los usos de dicho t\u00e9rmino ya que son muchos los movimientos intelectuales que se han identificado con este concepto a lo largo de la Historia. La psicolog\u00eda humanista es m\u00e1s que un movimiento, e incluso m\u00e1s a\u00fan el reflejo de una actitud sobre el ser humano y el conocimiento.<\/p>\n<p>En lo que ata\u00f1e a los conceptos filos\u00f3ficos humanistas, ya en el siglo XII se produce un primer &#8220;renacimiento&#8221;, por decirlo de alguna manera, de la concepci\u00f3n grecorromana del ser humano. Esta concepci\u00f3n del hombre cristaliza en el concepto de <em>humanitas<\/em>, que recoge el ideal hel\u00e9nico de la <em>paideia<\/em> (educaci\u00f3n) y cuyo paso al mundo medieval se realiza a trav\u00e9s de la Patr\u00edstica cristiana, es decir, la fase en la historia de la teolog\u00eda cristiana que abarca desde el fin del cristianismo primitivo hasta alrededor del siglo XIII y que se ocupa mayoritariamente de la defensa del cristianismo frente a las religiones paganas y posteriores herej\u00edas. En ella, la <em>humanitas<\/em> como ideal de la cultura humana complementa a la Teolog\u00eda. As\u00ed pues, la teor\u00eda de la raz\u00f3n y de la fe, de la Filosof\u00eda y la Teolog\u00eda, llegan a una alta cima con Santo Tom\u00e1s de Aquino y su valoraci\u00f3n del pensamiento antiguo ya que se establecen las bases de una brillante y certera concepci\u00f3n human\u00edstica del mundo.<\/p>\n<p>Generalmente hablando, se podr\u00eda decir que el humanismo renacentistas forja las bases del hombre moderno. Este humanismo renacentista insiste en la dignidad y en los valores del hombre educado libremente, por eso lega una concepci\u00f3n educativa de notable influencia, las humanidades.<\/p>\n<p>En lo que a nosotros nos concierne, el Humanismo produjo ciertos cambios notorios en la concepci\u00f3n filos\u00f3fica del ser humano. Por una parte, y como ya hemos remarcado, la raz\u00f3n humana adquiere valor supremo. Por tanto, digamos que esta una concepci\u00f3n aboga por la b\u00fasqueda de una espiritualidad m\u00e1s humana, m\u00e1s interior (lo que relacionamos estrechamente con el erasmismo), m\u00e1s libre y directa, en detrimento de una espiritualidad mas externa y material, imperante hasta la aparici\u00f3n de este movimiento filos\u00f3fico, cultural e intelectual. Siguiendo con la pretensi\u00f3n de centralizar y ensalzar al ser humano y a su condici\u00f3n, observamos un notable optimismo frente al pesimismo y milenarismo caracter\u00edstico en la Edad Media. Es decir, existe fe en el hombre ya que la idea leg\u00edtima de alcanzar fama (se vuelve a apreciar como virtud de \u00a0tradici\u00f3n cl\u00e1sica) y gloria en el mundo terrenal incita a realizar grandes haza\u00f1as. Podr\u00edamos decir que la fe se desplaza de Dios al hombre. Tambi\u00e9n observamos ciertos rasgos de la filosof\u00eda de Plat\u00f3n en lo que concierne al concepto de idealizaci\u00f3n y estilizaci\u00f3n plat\u00f3nico de la realidad. Digamos que se tiende a &#8220;exagerar&#8221; y a cargar de optimismo a la realidad, es decir, se pinta mejor de lo que es, se la ennoblece (lo relacionamos con el t\u00e9rmino <em>nobilitare.<\/em><\/p>\n<p>Para ampliar conceptos, queda indicado un enlace donde se explica ampliamente la idea de Humanismo seg\u00fan la filosof\u00eda:<\/p>\n<p><a href=\"http:\/\/http:\/\/www.filosofia.mx\/index.php\/forolibre\/archivos\/el_humanismo_segun_la_filosofia\">http:\/\/www.filosofia.mx\/index.php\/forolibre\/archivos\/el_humanismo_segun_la_filosofia<\/a><\/p>\n<p>Aqu\u00ed tenemos un v\u00eddeo en el cual se explica de forma audiovisual el concepto de humanismo filos\u00f3fico y su origen:<\/p>\n<p><iframe loading=\"lazy\" title=\"el humanismo filos\u00f3fico\" width=\"500\" height=\"375\" src=\"https:\/\/www.youtube.com\/embed\/T68u2YS66b0?feature=oembed\" frameborder=\"0\" allow=\"accelerometer; autoplay; clipboard-write; encrypted-media; gyroscope; picture-in-picture; web-share\" referrerpolicy=\"strict-origin-when-cross-origin\" allowfullscreen><\/iframe><\/p>\n<p>&nbsp;<\/p>\n<p><strong>Protagonistas de la filosof\u00eda humanista en el siglo XV<\/strong><\/p>\n<p>Guillermo de Ockam niega la posibilidad de un conocimiento racional de la revelaci\u00f3n. Para \u00e9l, se puede llegar al conocimiento a trav\u00e9s de la observaci\u00f3n y de la experimentaci\u00f3n cosas que nada tienen que ver con la verdad revelada. Surge as\u00ed pues el <i>nominalismo<\/i>, el cual da nombre a las cosas y a los animales sin que tengan nada que ver con su esencia. Durante el siglo XV la dial\u00e9ctica se convierte en un formalismo t\u00e9cnico y silog\u00edstico que se difunde desde las universidades.<\/p>\n<p>La doctrina de la doble verdad; cient\u00edfica y religiosa que se ense\u00f1a en el siglo XV en las universidades de Padua y Bolonia se basa en una vertiente del aristotelismo averro\u00edsta la cual separa la filosof\u00eda y la fe. Como ejemplo tenemos a Nifo Pomponazzi que en (1516) en el <i>Tractatus de inmortalitate animae,<\/i> sostiene que la inmortalidad del alma no es demostrable, y que \u00e9sta, muy posiblemente se extingue con el cuerpo. En 1520 intenta probar la contradicci\u00f3n que existe entre el libre arbitrio y la omnipotencia divina con <i>De fato libero et praedestinatione<\/i>.<\/p>\n<p>Durante la Edad Media se conoce a Plat\u00f3n poco y mal. Apenas si hay unas pocas traducciones latinas. Se conoce a trav\u00e9s de algunas escuelas m\u00edsticas y espirituales de Pseudo- Dionisio y San Agust\u00edn. El redescubrimiento de \u00e9ste ahora se har\u00e1 a trav\u00e9s de textos originales. Leonardo Bruni traduce los <i>Di\u00e1logos<\/i> al lat\u00edn. A esta corriente se unen otros textos neoplat\u00f3nicos o <i>escritos herm\u00e9ticos<\/i> del siglo II de Hermes Timegisto.<\/p>\n<p>Ser\u00e1 Marsilio Ficino quien traduzca las obras completas de Plat\u00f3n y Plotinio. Ficino intenta conciliar espiritualmente a Plat\u00f3n con Arist\u00f3teles. Ficino neoplat\u00f3nicamente \u00a0reivindica la identidad de lo bello y de lo bueno y la unidad de todo amor como deseo del bien.<\/p>\n<p>Pico della Mirandola sigue la l\u00ednea plat\u00f3nica de la cabal\u00edstica y de la magia de su maestro Ficino. De esp\u00edritu inquieto acaba dedicado a la erudici\u00f3n y a la piedad religiosa, siendo seguidor de Savonarola.<\/p>\n<p><a href=\"https:\/\/blogs.ua.es\/humanismo\/files\/2014\/11\/tumblr_mia904abHQ1rub4yno1_1280.jpg\"><img loading=\"lazy\" decoding=\"async\" class=\"alignnone size-medium wp-image-363\" alt=\"tumblr_mia904abHQ1rub4yno1_1280\" src=\"https:\/\/blogs.ua.es\/humanismo\/files\/2014\/11\/tumblr_mia904abHQ1rub4yno1_1280-234x300.jpg\" width=\"234\" height=\"300\" srcset=\"https:\/\/blogs.ua.es\/humanismo\/files\/2014\/11\/tumblr_mia904abHQ1rub4yno1_1280-234x300.jpg 234w, https:\/\/blogs.ua.es\/humanismo\/files\/2014\/11\/tumblr_mia904abHQ1rub4yno1_1280-800x1024.jpg 800w, https:\/\/blogs.ua.es\/humanismo\/files\/2014\/11\/tumblr_mia904abHQ1rub4yno1_1280.jpg 938w\" sizes=\"auto, (max-width: 234px) 100vw, 234px\" \/><\/a><\/p>\n<p>Las dos grandes corrientes del Humanismo se ven reflejadas en el fresco de Rafael de Urbino, el cual sit\u00faa en su pintura a Plat\u00f3n y a Arist\u00f3teles en el centro de la <em>Escuela de Atenas<\/em> (1505-1511), donde Plat\u00f3n se\u00f1ala con el dedo hacia el cielo y Arist\u00f3teles con la palma de la mano se\u00f1ala la tierra como centro y glorificaci\u00f3n de la recuperada filosof\u00eda antigua. (Florist\u00e1n, 2013).<\/p>\n<p><a href=\"https:\/\/blogs.ua.es\/humanismo\/files\/2014\/11\/content.jpg\"><img loading=\"lazy\" decoding=\"async\" class=\"alignnone size-full wp-image-483\" alt=\"content\" src=\"https:\/\/blogs.ua.es\/humanismo\/files\/2014\/11\/content.jpg\" width=\"128\" height=\"171\" \/><\/a><a href=\"http:\/\/books.google.es\/books?id=63Miyo1IxAAC&amp;pg=PA63&amp;dq=abusos+morales+y+eclesiales&amp;hl=es&amp;sa=X&amp;ei=JDqEVP7uNcX5asbVgcAN&amp;ved=0CCIQ6AEwAA#v=onepage&amp;q=abusos%20morales%20y%20eclesiales&amp;f=true\">El pensamiento filos\u00f3fico<\/a><\/p>\n","protected":false},"excerpt":{"rendered":"<p>Para entender mejor el t\u00e9rmino de humanismo filos\u00f3fico, debemos primero darle significado a este concepto. El t\u00e9rmino humanismo se relaciona con las concepciones filos\u00f3ficas que colocan al ser humano como centro de su inter\u00e9s. El humanismo viene a significar la valoraci\u00f3n del ser humano, la propia condici\u00f3n humana. Se refiere a una amplia gama de [&hellip;]<\/p>\n","protected":false},"author":3583,"featured_media":0,"parent":0,"menu_order":0,"comment_status":"open","ping_status":"open","template":"","meta":{"footnotes":""},"class_list":["post-11","page","type-page","status-publish","hentry"],"_links":{"self":[{"href":"https:\/\/blogs.ua.es\/humanismo\/wp-json\/wp\/v2\/pages\/11","targetHints":{"allow":["GET"]}}],"collection":[{"href":"https:\/\/blogs.ua.es\/humanismo\/wp-json\/wp\/v2\/pages"}],"about":[{"href":"https:\/\/blogs.ua.es\/humanismo\/wp-json\/wp\/v2\/types\/page"}],"author":[{"embeddable":true,"href":"https:\/\/blogs.ua.es\/humanismo\/wp-json\/wp\/v2\/users\/3583"}],"replies":[{"embeddable":true,"href":"https:\/\/blogs.ua.es\/humanismo\/wp-json\/wp\/v2\/comments?post=11"}],"version-history":[{"count":17,"href":"https:\/\/blogs.ua.es\/humanismo\/wp-json\/wp\/v2\/pages\/11\/revisions"}],"predecessor-version":[{"id":551,"href":"https:\/\/blogs.ua.es\/humanismo\/wp-json\/wp\/v2\/pages\/11\/revisions\/551"}],"wp:attachment":[{"href":"https:\/\/blogs.ua.es\/humanismo\/wp-json\/wp\/v2\/media?parent=11"}],"curies":[{"name":"wp","href":"https:\/\/api.w.org\/{rel}","templated":true}]}}