{"id":16,"date":"2014-11-12T18:43:09","date_gmt":"2014-11-12T18:43:09","guid":{"rendered":"https:\/\/blogs.ua.es\/humanismo\/?page_id=16"},"modified":"2014-12-08T18:03:19","modified_gmt":"2014-12-08T18:03:19","slug":"estudios-y-metodologias","status":"publish","type":"page","link":"https:\/\/blogs.ua.es\/humanismo\/estudios-y-metodologias\/","title":{"rendered":"Estudios y metodolog\u00edas"},"content":{"rendered":"<p>Estudios auxiliares y Metodolog\u00edas El estudio del humanismo descompone diferentes elementos frutos de una misma realidad. Estos nuevos estudios extrechan vinvulos relacionados al universo y al hombre. Esta posicion del humanismo va a determinar una serie de elementos que entrar\u00e1n en diferentes disciplinas objeto de estudio. El humanismo no es sino, una est\u00e9tica que atrav\u00e9s de su comtemplaci\u00f3n de la belleza se convierte en un medio de conocimiento de lo real.Para el humanismo, lo divino est\u00e1 en la aproximaci\u00f3n de lo bello, armonioso y equilibrado. El hombre tiene la capacidad de crear la belleza siguiendo unos c\u00e1nones e idealizando la naturaleza mediante un esfuerzo selectivo. La belleza humana, es la principal teor\u00eda del humanismo, dejando en un segundo plano al resto de disciplinas relacionadas con la belleza. Al ser la principal caracteristica del humanismo, debemos destacar que \u00e9sta belleza humana ser\u00e1 objeto de estudio y de conocimiento. De este modo, tambi\u00e9n se crear\u00e1 una imagen alejada de los patrones religiosos establecidos. Se fomantar\u00e1n los patrones de sentimientos y pasiones humanas ya estudiados en la antig\u00fcedad y volver\u00e1n mitos y obras profanas o sagradas. Cabe destacar que la arquitectura, la escultura y la pintura ser\u00e1n claramente armas utilizadas para la recreaci\u00f3n de este movimiento humanista. La ciencia en el humanismo sentar\u00e1 unas bases inspiradas en el m\u00e9todo cient\u00edfico. Los resultados obtenidos de esta disciplina no llegan a emerger debido a que el idealismo tiene sus propios l\u00edmites y muchas de sus teor\u00edas estaban mal formuladas, tambi\u00e9n incompletas y con imperfecciones dentro de la propia base. A esto debemos a\u00f1adir la imperfecci\u00f3n de los instrumentos utilizados. Cabe destacar que se ten\u00eda una carencia abismal de precisi\u00f3n. Dentro del campo de las Matem\u00e1ticas, \u00e9stas daban a entender ciertas teor\u00edas m\u00e1s precisas atrayendo al resto del conglomerado humanista. Las matem\u00e1ticas presentaban unas bases m\u00e1s s\u00f3lidas; se mejor\u00f3 el c\u00e1lculo, la geometr\u00eda y el algebra, entre otras. La astronom\u00eda se renueva gracias a la base s\u00f3lida de las matem\u00e1ticas, pues la confirmaci\u00f3n de varias t\u00e9cnicas demostradas a trav\u00e9s de \u00e9stas empiezan a coger fuerza. El descubrimiento de que la Tierra es redonda y la teor\u00eda geocentrista son claros ejemplos que se comprueban a trav\u00e9s de las matem\u00e1ticas y de la observaci\u00f3n. El Heliocentrismo de Cop\u00e9rnico, elabor\u00f3 una soluci\u00f3n revolucionaria sobre el movimiento circular de la Tierra alrededor del Sol. No obstante fue objeto de cr\u00edtica. La f\u00edsica estaba dominada por Arist\u00f3teles pero una serie de trabajos hicieron conocer una serie de soluciones a los problemas que esta disciplina pose\u00eda. A\u00fan as\u00ed se conoc\u00eda la soluci\u00f3n pero no una teor\u00eda que explicara dicho estudio. En cambio la qu\u00edmica, confundida casi siempre con la f\u00edsica, se centr\u00f3 en una serie de investigaciones relacionadas con lo estudiado en los seres humanos. Sus progresos vienen por los estudios realizados a los seres vivos. Se crearon documentos, en los cuales, se registran distintas especies de seres vivos, aumentaron en n\u00famero y se dibujaron, habiendose realizado un estudio complejo para dar a conocer su estructura y poder clasificarlos. Podemos decir, que se dieron grandes pasos para el conocimiento del ser humano, aunque\u00a0 segu\u00eda siendo una inc\u00f3gnita. Puesto que el hombre es el centro del humanismo, se crea , de manera doctrinal, una \u00e9tica de car\u00e1cter individual y social. La moral del humanismo defiende que el hombre es bueno por naturaleza, es decir, que esta dentro de los c\u00e1nones establecidos de lo divino. La raz\u00f3n humana perm\u00edte rechazar lo que perturba el orden y la armon\u00eda de la propia naturaleza. Esta \u00e9tica se basa sobre la responsabilidad del hombre y la libertad del mismo. Estas acepciones ya se encuentran registradas en la antig\u00fcedad, poniendo de este modo en pr\u00e1ctica, elementos caracter\u00edsticos paganos.<\/p>\n","protected":false},"excerpt":{"rendered":"<p>Estudios auxiliares y Metodolog\u00edas El estudio del humanismo descompone diferentes elementos frutos de una misma realidad. Estos nuevos estudios extrechan vinvulos relacionados al universo y al hombre. Esta posicion del humanismo va a determinar una serie de elementos que entrar\u00e1n en diferentes disciplinas objeto de estudio. El humanismo no es sino, una est\u00e9tica que atrav\u00e9s [&hellip;]<\/p>\n","protected":false},"author":3583,"featured_media":0,"parent":0,"menu_order":0,"comment_status":"open","ping_status":"open","template":"","meta":{"footnotes":""},"class_list":["post-16","page","type-page","status-publish","hentry"],"_links":{"self":[{"href":"https:\/\/blogs.ua.es\/humanismo\/wp-json\/wp\/v2\/pages\/16","targetHints":{"allow":["GET"]}}],"collection":[{"href":"https:\/\/blogs.ua.es\/humanismo\/wp-json\/wp\/v2\/pages"}],"about":[{"href":"https:\/\/blogs.ua.es\/humanismo\/wp-json\/wp\/v2\/types\/page"}],"author":[{"embeddable":true,"href":"https:\/\/blogs.ua.es\/humanismo\/wp-json\/wp\/v2\/users\/3583"}],"replies":[{"embeddable":true,"href":"https:\/\/blogs.ua.es\/humanismo\/wp-json\/wp\/v2\/comments?post=16"}],"version-history":[{"count":8,"href":"https:\/\/blogs.ua.es\/humanismo\/wp-json\/wp\/v2\/pages\/16\/revisions"}],"predecessor-version":[{"id":545,"href":"https:\/\/blogs.ua.es\/humanismo\/wp-json\/wp\/v2\/pages\/16\/revisions\/545"}],"wp:attachment":[{"href":"https:\/\/blogs.ua.es\/humanismo\/wp-json\/wp\/v2\/media?parent=16"}],"curies":[{"name":"wp","href":"https:\/\/api.w.org\/{rel}","templated":true}]}}