{"id":174,"date":"2014-11-26T19:17:00","date_gmt":"2014-11-26T19:17:00","guid":{"rendered":"https:\/\/blogs.ua.es\/humanismo\/?page_id=174"},"modified":"2014-12-08T18:04:40","modified_gmt":"2014-12-08T18:04:40","slug":"quienes-somos","status":"publish","type":"page","link":"https:\/\/blogs.ua.es\/humanismo\/quienes-somos\/","title":{"rendered":"\u00bfQui\u00e9nes somos?"},"content":{"rendered":"<p>Somos un grupo de alumnos de la UA, que hemos realizando este blog sobre &#8220;<em>Los Fundamentos del Humanismo&#8221;<\/em>, para la asignatura <em>&#8220;Los Estados Modernos hasta la Paz de Westfalia&#8221;.<\/em><\/p>\n<p>En nuestro blog hablamos del surgimiento del Humanismo a finales del S. XIV e inicios del S. XV. En esta \u00e9poca se produce un cambio cultural a todos los niveles, se deja atr\u00e1s la Edad Media y se inicia la Edad Moderna, la cual para algunos tiene lugar o coincide con el Descubrimiento del Nuevo Mundo, para otros el inicio de la Edada Moderna surgi\u00f3 con la invenci\u00f3n de la Imprenta de Gutenberg y para otros tantos coincide la Ca\u00edda del Bizancio, sea como fuere son tiempos de grandes revoluciones; culturales, ideol\u00f3gicas, econ\u00f3micas, filos\u00f3ficas, cient\u00edficas, etc.<\/p>\n<p>Todo ello dar\u00e1 lugar a que desde el norte de Italia los mercaderes, desde el Centro de Europa los principes e incluso desde el papado van a surjir los denominados mecenas, gente que se interesa por el arte, las letras y la ciencia, gente con poder econ\u00f3mico que apoyar\u00e1, proteger\u00e1 y dar\u00e1 un impulso a todos estos fil\u00f3sofos, pensadores y artistas que revolucionar\u00e1n con sus pensamientos y arte el denominado Renacimiento-Human\u00edstico.<\/p>\n<p>Administramos el grupo:<\/p>\n<p>Ana Mar\u00eda Mart\u00ednez Fren\u00e1ndez, Jos\u00e9 Pastor Olcina, Mar\u00eda Teresa Pliego Rodr\u00edguez, Jorge Rubio Puente y Mar\u00eda Amparo Santos-Juanes Llodr\u00e1.<\/p>\n<p>&nbsp;<\/p>\n<p>&nbsp;<\/p>\n","protected":false},"excerpt":{"rendered":"<p>Somos un grupo de alumnos de la UA, que hemos realizando este blog sobre &#8220;Los Fundamentos del Humanismo&#8221;, para la asignatura &#8220;Los Estados Modernos hasta la Paz de Westfalia&#8221;. En nuestro blog hablamos del surgimiento del Humanismo a finales del S. XIV e inicios del S. XV. En esta \u00e9poca se produce un cambio cultural [&hellip;]<\/p>\n","protected":false},"author":3583,"featured_media":0,"parent":0,"menu_order":0,"comment_status":"open","ping_status":"open","template":"","meta":{"footnotes":""},"class_list":["post-174","page","type-page","status-publish","hentry"],"_links":{"self":[{"href":"https:\/\/blogs.ua.es\/humanismo\/wp-json\/wp\/v2\/pages\/174","targetHints":{"allow":["GET"]}}],"collection":[{"href":"https:\/\/blogs.ua.es\/humanismo\/wp-json\/wp\/v2\/pages"}],"about":[{"href":"https:\/\/blogs.ua.es\/humanismo\/wp-json\/wp\/v2\/types\/page"}],"author":[{"embeddable":true,"href":"https:\/\/blogs.ua.es\/humanismo\/wp-json\/wp\/v2\/users\/3583"}],"replies":[{"embeddable":true,"href":"https:\/\/blogs.ua.es\/humanismo\/wp-json\/wp\/v2\/comments?post=174"}],"version-history":[{"count":14,"href":"https:\/\/blogs.ua.es\/humanismo\/wp-json\/wp\/v2\/pages\/174\/revisions"}],"predecessor-version":[{"id":528,"href":"https:\/\/blogs.ua.es\/humanismo\/wp-json\/wp\/v2\/pages\/174\/revisions\/528"}],"wp:attachment":[{"href":"https:\/\/blogs.ua.es\/humanismo\/wp-json\/wp\/v2\/media?parent=174"}],"curies":[{"name":"wp","href":"https:\/\/api.w.org\/{rel}","templated":true}]}}