{"id":2,"date":"2014-10-21T15:36:42","date_gmt":"2014-10-21T15:36:42","guid":{"rendered":"https:\/\/blogs.ua.es\/humanismo\/?page_id=2"},"modified":"2014-12-08T18:03:58","modified_gmt":"2014-12-08T18:03:58","slug":"el-origen-del-humanismo","status":"publish","type":"page","link":"https:\/\/blogs.ua.es\/humanismo\/el-origen-del-humanismo\/","title":{"rendered":"El origen del humanismo"},"content":{"rendered":"<p>El humanismo, una corriente filosofica-cultural que corre paralela al renacimiento, cuya caracter\u00edstica fundamental es el inter\u00e9s por el ser humano, el cual representa la perfecci\u00f3n sobre todas las cosas.<\/p>\n<p>En la Edad Media la filosof\u00eda y la ense\u00f1anza estaban vinculadas a la religi\u00f3n y a la idea teoc\u00e9ntrica del mundo. Pero a mediados del S. XIV el ser humano volvi\u00f3 la vista a tras para centrarse en si mismo y de esta forma naci\u00f3 el humanismo en Italia. Florencia fue la cuna del humanismo que junto con el renacimiento traer\u00edan nuevos pensadores, filosofos y artistas.<\/p>\n<p>El humanismo basado sobre todo en el pensamiento, la filosof\u00eda y la ense\u00f1anza, tom\u00f3 como modelo y fuente de inspiraci\u00f3n la antig\u00fcedad cl\u00e1sica greco-latina. Su desarrollo tuvo lugar en el s. XV y se expandi\u00f3 por Europa en el s.XVI.<\/p>\n<p>Duranteb la Edad Media la filosof\u00eda estaba sujeta al servicio de la teolog\u00eda, el hombre hasta ese monento no se hab\u00eda cuestionado las cosas, pero cuando el hombre comenz\u00f3 a preguntarse se di\u00f3 cuenta que las respuestas que buscaba no estaban en la Biblia, entonces sinti\u00f3 la necesidad de buscar en otras fuentes. Fuentes que le saisfacieran sus inquietudes y en las que esparaba encontrar las respuestas que le ayudasen a dominar el mundo.<\/p>\n<p>En el transcurso del s. XIV al S. XV se pasa de una mentalidad basada en la fe \u00a0(conocimiento revelado), a una nueva mentalidad basada en la raz\u00f3n, la experiencia y la observaci\u00f3n (conocimiento emp\u00edrico). El hombre se ve como un ser superior a toda la creaci\u00f3n. Tiene la capacidad de pensar y comprender las cosas y por ello intenta imitar la obra del creador y busca la perfecci\u00f3n en todo lo que hace.<\/p>\n<p>Es dif\u00edcil definir la palabra humanismo, pues abarca m\u00faltiples corrientes; filos\u00f3ficas, \u00a0art\u00edsticas, cient\u00edficas, etc. una de las posibles definiciones que se me ocurren podr\u00eda ser \u00e9sta &#8220;un movimiento filos\u00f3fico-cultural que considera al hombre como el centro de todas las cosas y que adem\u00e1s propone el estudio de los cl\u00e1sicos grecolatinos&#8221;, otra posible definici\u00f3n ser\u00eda la dada por L. Philippart, que dice que el humanismo <i>\u201cse puede describir como un movimiento est\u00e9tico, filos\u00f3fico, y religioso al mismo tiempo, preparado por las corrientes del pensamiento medieval\u201d<\/i>. Dentro de est\u00e1 gran corriente cultural encontramos varios tipos de humanismo, cl\u00e1sico, renacentista, cristiano, etc.<\/p>\n<p><iframe loading=\"lazy\" title=\"\u00bfQue\u0301 es el humanismo? - Universidad Sergio Arboleda\" width=\"500\" height=\"281\" src=\"https:\/\/www.youtube.com\/embed\/ue7lT2jTjxg?feature=oembed\" frameborder=\"0\" allow=\"accelerometer; autoplay; clipboard-write; encrypted-media; gyroscope; picture-in-picture; web-share\" referrerpolicy=\"strict-origin-when-cross-origin\" allowfullscreen><\/iframe><\/p>\n<p>En el s. XIII la filosof\u00eda y la ciencia se basaban esencialmente en Arist\u00f3teles, el cual fue descubierto en toda su integridad gracias a los traductores \u00e1rabes y jud\u00edos. Gracias a los conocimientos de Arist\u00f3teles, se hereda una l\u00f3gica y un modo de razonamiento, una concepci\u00f3n del conocimiento y un corpus cient\u00edfico. Con Tom\u00e1s de Aquino se llega a la conclusi\u00f3n sobre la armon\u00eda entre la fe (la verdad revelada) y la raz\u00f3n (el conocimiento emp\u00edrico).<\/p>\n<p>A finales del s. XV cay\u00f3 en desuso la <em>Escol\u00e1stica<\/em>. Ahora lo que se ense\u00f1a en las Universidades es el <i>Nominalismo<\/i> difundido por Guillermo de Ockam (1280-1349), donde la fe no necesita ser razonada.<\/p>\n<p>Poco despu\u00e9s se abrir\u00eda una brecha entre la fe y la raz\u00f3n la cual fue desgarradora tanto para el mundo religioso\u00a0 como para el pensamiento filos\u00f3fico y el cient\u00edfico. La imposibilidad de un conocimiento general condujo hasta el agotamiento de la <em>Escol\u00e1stica<\/em> que ve\u00eda como en las universidades se impart\u00eda la <i>Lectio<\/i> y la <i>Disputatio,<\/i> fue a partir de aqu\u00ed cuando el divorcio entre raz\u00f3n y fe fueron absolutos, del mismo modo pasar\u00eda entre la filosof\u00eda y la teolog\u00eda.<\/p>\n<p><a href=\"https:\/\/blogs.ua.es\/humanismo\/files\/2014\/10\/portada_2493.jpg\"><img loading=\"lazy\" decoding=\"async\" class=\"alignnone size-full wp-image-374\" alt=\"portada_2493\" src=\"https:\/\/blogs.ua.es\/humanismo\/files\/2014\/10\/portada_2493.jpg\" width=\"100\" height=\"142\" \/><\/a>\u00a0 <a href=\"http:\/\/books.google.es\/books?id=Bclk7EjjwP0C&amp;pg=PA67&amp;lpg=PA67&amp;dq=l.+philippart&amp;source=bl&amp;ots=jqe1j01Mar&amp;sig=q90WN5sX6G0xSK_Y5q_0ckiATWc&amp;hl=es&amp;sa=X&amp;ei=_TV2VIDiOYK7acPqgPgB&amp;ved=0CFIQ6AEwCQ#v=onepage&amp;q=l.%20philippart&amp;f=false\">Historia Moderna<\/a><\/p>\n<p>&nbsp;<\/p>\n<p>&nbsp;<\/p>\n<p>&nbsp;<\/p>\n","protected":false},"excerpt":{"rendered":"<p>El humanismo, una corriente filosofica-cultural que corre paralela al renacimiento, cuya caracter\u00edstica fundamental es el inter\u00e9s por el ser humano, el cual representa la perfecci\u00f3n sobre todas las cosas. En la Edad Media la filosof\u00eda y la ense\u00f1anza estaban vinculadas a la religi\u00f3n y a la idea teoc\u00e9ntrica del mundo. Pero a mediados del S. [&hellip;]<\/p>\n","protected":false},"author":3583,"featured_media":0,"parent":0,"menu_order":0,"comment_status":"open","ping_status":"open","template":"","meta":{"footnotes":""},"class_list":["post-2","page","type-page","status-publish","hentry"],"_links":{"self":[{"href":"https:\/\/blogs.ua.es\/humanismo\/wp-json\/wp\/v2\/pages\/2","targetHints":{"allow":["GET"]}}],"collection":[{"href":"https:\/\/blogs.ua.es\/humanismo\/wp-json\/wp\/v2\/pages"}],"about":[{"href":"https:\/\/blogs.ua.es\/humanismo\/wp-json\/wp\/v2\/types\/page"}],"author":[{"embeddable":true,"href":"https:\/\/blogs.ua.es\/humanismo\/wp-json\/wp\/v2\/users\/3583"}],"replies":[{"embeddable":true,"href":"https:\/\/blogs.ua.es\/humanismo\/wp-json\/wp\/v2\/comments?post=2"}],"version-history":[{"count":51,"href":"https:\/\/blogs.ua.es\/humanismo\/wp-json\/wp\/v2\/pages\/2\/revisions"}],"predecessor-version":[{"id":546,"href":"https:\/\/blogs.ua.es\/humanismo\/wp-json\/wp\/v2\/pages\/2\/revisions\/546"}],"wp:attachment":[{"href":"https:\/\/blogs.ua.es\/humanismo\/wp-json\/wp\/v2\/media?parent=2"}],"curies":[{"name":"wp","href":"https:\/\/api.w.org\/{rel}","templated":true}]}}