{"id":22,"date":"2014-11-13T15:48:53","date_gmt":"2014-11-13T15:48:53","guid":{"rendered":"https:\/\/blogs.ua.es\/humanismo\/?page_id=22"},"modified":"2014-12-08T18:07:54","modified_gmt":"2014-12-08T18:07:54","slug":"principales-representantes-del-humanismo","status":"publish","type":"page","link":"https:\/\/blogs.ua.es\/humanismo\/principales-representantes-del-humanismo\/","title":{"rendered":"Principales Representantes del humanismo"},"content":{"rendered":"<p><strong>&#8211;\u00a0Francesco Petrarca:<\/strong> (1304-1374): Italiano, oriundo de Arezzo, Toscana, fue autor del poema &#8220;Canto a Laura&#8221;, dedicado a su amada Laura de Noves. Escribi\u00f3, tambi\u00e9n, el poema &#8220;\u00c1frica&#8221; en lat\u00edn, donde canta las haza\u00f1as de Escipi\u00f3n el Africano.<\/p>\n<p><a href=\"https:\/\/blogs.ua.es\/humanismo\/files\/2014\/11\/220px-Francesco_Petrarca00.jpg\"><img loading=\"lazy\" decoding=\"async\" class=\"alignnone size-medium wp-image-312\" alt=\"220px-Francesco_Petrarca00\" src=\"https:\/\/blogs.ua.es\/humanismo\/files\/2014\/11\/220px-Francesco_Petrarca00-191x300.jpg\" width=\"191\" height=\"300\" srcset=\"https:\/\/blogs.ua.es\/humanismo\/files\/2014\/11\/220px-Francesco_Petrarca00-191x300.jpg 191w, https:\/\/blogs.ua.es\/humanismo\/files\/2014\/11\/220px-Francesco_Petrarca00.jpg 220w\" sizes=\"auto, (max-width: 191px) 100vw, 191px\" \/><\/a><\/p>\n<p><strong>&#8211;\u00a0Juan Bocaccio\u00a0<\/strong>(1313-1375): Italiano, de origen toscano, disc\u00edpulo de Petrarca, escribi\u00f3 &#8220;El Decameron&#8221;, conjunto de cien cuentos de corte realista y, en lat\u00edn, &#8220;Genealog\u00eda de los Dioses&#8221;<\/p>\n<p><a href=\"https:\/\/blogs.ua.es\/humanismo\/files\/2014\/11\/images.jpg\"><img loading=\"lazy\" decoding=\"async\" class=\"size-full wp-image-313 alignleft\" alt=\"images\" src=\"https:\/\/blogs.ua.es\/humanismo\/files\/2014\/11\/images.jpg\" width=\"197\" height=\"243\" \/><\/a><\/p>\n<p>&nbsp;<\/p>\n<p>&nbsp;<\/p>\n<p>&nbsp;<\/p>\n<p>&nbsp;<\/p>\n<p>&nbsp;<\/p>\n<p>&nbsp;<\/p>\n<p>&nbsp;<\/p>\n<p><strong>&#8211; Erasmo de Rotterdam<\/strong>\u00a0(1466-1536): Conocido tambi\u00e9n Desiderio Erasmo, fue un humanista holand\u00e9s nacido en Rotterdam. Abogo por la reforma gradual y pacifica de la Iglesia, la pol\u00edtica y la sociedad. Escribi\u00f3 &#8220;Elogio de la locura&#8221; y &#8220;Los coloquios&#8221;.<\/p>\n<p><a href=\"https:\/\/blogs.ua.es\/humanismo\/files\/2014\/11\/erasmo.jpg\"><img loading=\"lazy\" decoding=\"async\" class=\"size-full wp-image-314 alignleft\" alt=\"erasmo\" src=\"https:\/\/blogs.ua.es\/humanismo\/files\/2014\/11\/erasmo.jpg\" width=\"180\" height=\"251\" \/><\/a><\/p>\n","protected":false},"excerpt":{"rendered":"<p>&#8211;\u00a0Francesco Petrarca: (1304-1374): Italiano, oriundo de Arezzo, Toscana, fue autor del poema &#8220;Canto a Laura&#8221;, dedicado a su amada Laura de Noves. Escribi\u00f3, tambi\u00e9n, el poema &#8220;\u00c1frica&#8221; en lat\u00edn, donde canta las haza\u00f1as de Escipi\u00f3n el Africano. &#8211;\u00a0Juan Bocaccio\u00a0(1313-1375): Italiano, de origen toscano, disc\u00edpulo de Petrarca, escribi\u00f3 &#8220;El Decameron&#8221;, conjunto de cien cuentos de corte [&hellip;]<\/p>\n","protected":false},"author":3583,"featured_media":0,"parent":0,"menu_order":0,"comment_status":"open","ping_status":"open","template":"","meta":{"footnotes":""},"class_list":["post-22","page","type-page","status-publish","hentry"],"_links":{"self":[{"href":"https:\/\/blogs.ua.es\/humanismo\/wp-json\/wp\/v2\/pages\/22","targetHints":{"allow":["GET"]}}],"collection":[{"href":"https:\/\/blogs.ua.es\/humanismo\/wp-json\/wp\/v2\/pages"}],"about":[{"href":"https:\/\/blogs.ua.es\/humanismo\/wp-json\/wp\/v2\/types\/page"}],"author":[{"embeddable":true,"href":"https:\/\/blogs.ua.es\/humanismo\/wp-json\/wp\/v2\/users\/3583"}],"replies":[{"embeddable":true,"href":"https:\/\/blogs.ua.es\/humanismo\/wp-json\/wp\/v2\/comments?post=22"}],"version-history":[{"count":10,"href":"https:\/\/blogs.ua.es\/humanismo\/wp-json\/wp\/v2\/pages\/22\/revisions"}],"predecessor-version":[{"id":553,"href":"https:\/\/blogs.ua.es\/humanismo\/wp-json\/wp\/v2\/pages\/22\/revisions\/553"}],"wp:attachment":[{"href":"https:\/\/blogs.ua.es\/humanismo\/wp-json\/wp\/v2\/media?parent=22"}],"curies":[{"name":"wp","href":"https:\/\/api.w.org\/{rel}","templated":true}]}}