{"id":18,"date":"2015-11-12T08:44:56","date_gmt":"2015-11-12T08:44:56","guid":{"rendered":"https:\/\/blogs.ua.es\/humanismouniversidad\/?page_id=18"},"modified":"2015-12-13T18:34:11","modified_gmt":"2015-12-13T18:34:11","slug":"bibliografia","status":"publish","type":"page","link":"https:\/\/blogs.ua.es\/humanismouniversidad\/bibliografia\/","title":{"rendered":"BIBLIOGRAF\u00cdA"},"content":{"rendered":"<p style=\"text-align: justify\"><span style=\"text-decoration: underline\"><strong>Libros impresos<\/strong><\/span><\/p>\n<p style=\"text-align: justify\">-Bennassar, J. Jacquart, F.Lebrun, M. Denis, N. Blayau. <em>Historia Moderna. <\/em>4\u00aa edici\u00f3n. Madrid, editorial Akal, 1998, pp.67-103 ISBN: 84-7600-990-9.<\/p>\n<p style=\"text-align: justify\">-Bowen, James. <em>Historia de la educaci\u00f3n occidental. Tomo II: La civilizaci\u00f3n de Europa Siglos VI a XVI<\/em>. Ed. Editorial Herder, 1979. ISBN: 84-254-1025-8<\/p>\n<p style=\"text-align: justify\">&#8211; Hale, J.R.\u00a0<em>La Europa del renacimiento (1480-1520).\u00a0<\/em>Ed. Siglo Veintiuno, 1971. pp. 324-376. ISBN: 84-323-0110-8<\/p>\n<p style=\"text-align: justify\">&#8211; Iyanga Pendi, A.\u00a0<em>Historia de la Universidad en Europa<\/em>. Ed. Universidad de Valencia, 2000. ISBN: 84-370-4262-3<\/p>\n<p style=\"text-align: justify\">-Nava Rodr\u00edguez, Mar\u00eda Teresa. La Educaci\u00f3n en la Europa Moderna. Ed. S\u00edntesis. 1992. ISBN: 84-7738-146-1<\/p>\n<p style=\"text-align: justify\">-Rogr\u00edguez-San Pedro Bezares,\u00a0L.E, Polo Rodr\u00edguez, J.L. &#8220;<em>Universidades hisp\u00e1nicas. Modelos terrotoriales en la Edad Moderna (II): Valencia, Valladolid, O\u00f1ate, Oviedo y Granada<\/em>&#8220;. Ed. Universidad Salamanca, 2007. ISBN: 978-84-7800-344-0<\/p>\n<p style=\"text-align: justify\">&#8211; R\u00fcegg, W.\u00a0<em>Historia de la Universidad en Europa. V.II: Las universidades en la Europa Moderna Temprana (1500-1800).\u00a0<\/em>Ed. Universidad del Pa\u00eds Vasco. ISBN: 84-8373-117-7<\/p>\n<p style=\"text-align: justify\">-V.V.A.A.\u00a0<em>Universities in early modern Europe, 1500-1800.<\/em> Ed. Ridder-Symoens, Hilde. ISBN:\u00a00-521-36106-0<\/p>\n<p style=\"text-align: justify\"><strong><u>Art\u00edculos de revistas electr\u00f3nicas:<\/u><\/strong><\/p>\n<p style=\"text-align: justify\">Jos\u00e9 Luis Puerta. Humanismo en el siglo XVI. <em>Dendra M\u00e9dica Revista de Humanidades<\/em>. 2014; 13 (2), pp.148-149. Disponible en <a href=\"http:\/\/www.dendramedica.es\/revista\/v13n2\/00_Editorial.pdf\">http:\/\/www.dendramedica.es\/revista\/v13n2\/00_Editorial.pdf<\/a><\/p>\n<p style=\"text-align: justify\">Juan Carlos Calende D\u00edaz<em>. <\/em>Las bibliotecas de los Humanistas y el Renacimiento<em>.<\/em><em> Revista General de Informaci\u00f3n y Documentaci\u00f3n., Vol., 6, n,\u201d 2. Servicio de Publicaciones Universidad Comp\u00fatense de Madrid, <\/em>1996. pp. 91-95. [en l\u00ednea]. Disponible en: <a href=\"https:\/\/revistas.ucm.es\/index.php\/RGID\/article\/viewFile\/RGID9696220091A\/11133\">https:\/\/revistas.ucm.es\/index.php\/RGID\/article\/viewFile\/RGID9696220091A\/11133<\/a><\/p>\n<p style=\"text-align: justify\"><strong><u>Enlaces Consultados<\/u><\/strong>:<\/p>\n<p style=\"text-align: justify\"><a href=\"https:\/\/blogs.ua.es\/humanismo\/la-difusion-del-humanismo\/\">https:\/\/blogs.ua.es\/humanismo\/la-difusion-del-humanismo\/<\/a> [Consultado el 06\/12\/2015. 18:29]<\/p>\n<p style=\"text-align: justify\"><a href=\"http:\/\/www.profesorfrancisco.es\/2012\/11\/edad-moderna.html\">http:\/\/www.profesorfrancisco.es\/2012\/11\/edad-moderna.html<\/a>\u00a0[Consultado el 06\/12\/2015. 18:56]<\/p>\n","protected":false},"excerpt":{"rendered":"<p>Libros impresos -Bennassar, J. Jacquart, F.Lebrun, M. Denis, N. Blayau. Historia Moderna. 4\u00aa edici\u00f3n. Madrid, editorial Akal, 1998, pp.67-103 ISBN: 84-7600-990-9. -Bowen, James. Historia de la educaci\u00f3n occidental. Tomo II: La civilizaci\u00f3n de Europa Siglos VI a XVI. Ed. Editorial Herder, 1979. ISBN: 84-254-1025-8 &#8211; Hale, J.R.\u00a0La Europa del renacimiento (1480-1520).\u00a0Ed. Siglo Veintiuno, 1971. pp. [&hellip;]<\/p>\n","protected":false},"author":2945,"featured_media":0,"parent":0,"menu_order":6,"comment_status":"closed","ping_status":"closed","template":"","meta":{"footnotes":""},"class_list":["post-18","page","type-page","status-publish","hentry"],"_links":{"self":[{"href":"https:\/\/blogs.ua.es\/humanismouniversidad\/wp-json\/wp\/v2\/pages\/18","targetHints":{"allow":["GET"]}}],"collection":[{"href":"https:\/\/blogs.ua.es\/humanismouniversidad\/wp-json\/wp\/v2\/pages"}],"about":[{"href":"https:\/\/blogs.ua.es\/humanismouniversidad\/wp-json\/wp\/v2\/types\/page"}],"author":[{"embeddable":true,"href":"https:\/\/blogs.ua.es\/humanismouniversidad\/wp-json\/wp\/v2\/users\/2945"}],"replies":[{"embeddable":true,"href":"https:\/\/blogs.ua.es\/humanismouniversidad\/wp-json\/wp\/v2\/comments?post=18"}],"version-history":[{"count":12,"href":"https:\/\/blogs.ua.es\/humanismouniversidad\/wp-json\/wp\/v2\/pages\/18\/revisions"}],"predecessor-version":[{"id":336,"href":"https:\/\/blogs.ua.es\/humanismouniversidad\/wp-json\/wp\/v2\/pages\/18\/revisions\/336"}],"wp:attachment":[{"href":"https:\/\/blogs.ua.es\/humanismouniversidad\/wp-json\/wp\/v2\/media?parent=18"}],"curies":[{"name":"wp","href":"https:\/\/api.w.org\/{rel}","templated":true}]}}