{"id":53,"date":"2015-12-12T09:41:42","date_gmt":"2015-12-12T09:41:42","guid":{"rendered":"https:\/\/blogs.ua.es\/humanismouniversidad\/?page_id=53"},"modified":"2015-12-13T18:36:16","modified_gmt":"2015-12-13T18:36:16","slug":"contexto-historico","status":"publish","type":"page","link":"https:\/\/blogs.ua.es\/humanismouniversidad\/introduccion\/contexto-historico\/","title":{"rendered":"CONTEXTO HIST\u00d3RICO-SOCIAL"},"content":{"rendered":"<p style=\"text-align: justify\"><a href=\"https:\/\/blogs.ua.es\/humanismouniversidad\/files\/2015\/12\/387970_3000.jpg\"><img loading=\"lazy\" decoding=\"async\" class=\" wp-image-69 aligncenter\" src=\"https:\/\/blogs.ua.es\/humanismouniversidad\/files\/2015\/12\/387970_3000-300x154.jpg\" alt=\"387970_3000\" width=\"542\" height=\"277\" \/><\/a><\/p>\n<p style=\"text-align: center\"><em><a href=\"https:\/\/es.wikipedia.org\/wiki\/La_creaci%C3%B3n_de_Ad%C3%A1n_(Capilla_Sixtina)\">La creaci\u00f3n de Ad\u00e1n, Capilla Sixtina <\/a><\/em><\/p>\n<div id=\"bodyContent\" class=\"mw-body-content\">\n<div id=\"contentSub\"><\/div>\n<div id=\"jump-to-nav\" class=\"mw-jump\" style=\"text-align: justify\">\u00a0La<a href=\"https:\/\/es.wikipedia.org\/wiki\/Edad_Media\"> Edad Media<\/a> (ss. V-XV) queda atr\u00e1s y surge la <a href=\"https:\/\/es.wikipedia.org\/wiki\/Edad_Moderna\">\u00c9poca Moderna <\/a>(ss. XV-XVIII). Pero una \u00e9poca no surge bruscamente de la nada, para que se produzca un proceso que hace que diferenciemos todo un per\u00edodo concreto del otro ha tenido que haber pasado una larga transici\u00f3n donde se han tenido que desarrollar hondas transformaciones en lo pol\u00edtico (el surgimiento de estado-naci\u00f3n definido finalmente con la <a href=\"https:\/\/es.wikipedia.org\/wiki\/Paz_de_Westfalia\">paz de Westfalia<\/a> y primeros imperios ultramarinos), econ\u00f3mico (el desarrollo del <a href=\"https:\/\/es.wikipedia.org\/wiki\/Capitalismo_comercial\">capitalismo mercantil<\/a>), geogr\u00e1fico (el descubrimiento de un <a href=\"https:\/\/es.wikipedia.org\/wiki\/Nuevo_Mundo\">nuevo mundo<\/a>), ideol\u00f3gico (<a href=\"https:\/\/es.wikipedia.org\/wiki\/Humanismo\">humanismo<\/a>) y con ello religioso (<a href=\"https:\/\/es.wikipedia.org\/wiki\/Reforma_protestante\">Reforma Protestante<\/a> que a su vez provocar\u00e1 la <a href=\"https:\/\/es.wikipedia.org\/wiki\/Reforma_protestante#La_Contrarreforma_Cat.C3.B3lica\">Contrarreforma<\/a>) social y cultural (<a href=\"https:\/\/es.wikipedia.org\/wiki\/Renacimiento\">Renacimiento<\/a>). Es decir poco a poco se ha ido consolidando una nueva sociedad compuesta por una ascendente burgues\u00eda, una nueva nobleza y por intelectuales o letrados que estaban al servicio de la corona. Esta nueva sociedad que ya comenz\u00f3 a formarse en la Edad Media aposto por unos nuevos valores y una renovada concepci\u00f3n <a href=\"https:\/\/es.wikipedia.org\/wiki\/Antropocentrismo\">antropoc\u00e9ntrica<\/a> del mundo superando el <a href=\"https:\/\/es.wikipedia.org\/wiki\/Teocentrismo\">teocentrismo<\/a> propio de la \u00c9poca Medieval. Esta nueva ideolog\u00eda alimentada del Humanismo y Renacimiento fue la que hizo que la raz\u00f3n se apoderase de la mente de los contempor\u00e1neos de esta \u00e9poca, produciendo sucesos impensables hasta este momento como cuestionarse el dogma dado por la Iglesia, negando la jurisdicci\u00f3n papal sobre toda la cristiandad, dando lugar a todo una revoluci\u00f3n espiritual en el nombre de la Reforma protestante que llev\u00f3 hacia el cisma a la Iglesia cat\u00f3lica para dar origen a varias Iglesias y organizaciones agrupadas bajo la denominaci\u00f3n de <a href=\"https:\/\/es.wikipedia.org\/wiki\/Protestantismo\">protestantismo<\/a>. La raz\u00f3n no propicio solo cuestionar lo establecido tradicionalmente, tambi\u00e9n provoco hambre de conocimiento y sed de descubrimientos, esto desemboco en verdaderas esperanzas de una vida mejor. El nuevo mundo descubierto por <a href=\"https:\/\/es.wikipedia.org\/wiki\/Colon\">Crist\u00f3bal Colon<\/a>, donde uno pod\u00eda conquistar y enriquecerse f\u00e1cilmente promet\u00eda ser mucho mejor que el viejo mundo conocido hasta ahora. Descubrimientos como el del polaco<a href=\"https:\/\/es.wikipedia.org\/wiki\/Nicol%C3%A1s_Cop%C3%A9rnico\"> Nicol\u00e1s Cop\u00e9rnico<\/a> donde la teor\u00eda del\u00a0 <a href=\"https:\/\/es.wikipedia.org\/wiki\/Teor%C3%ADa_helioc%C3%A9ntrica\">heliocentrismo<\/a> comenzaba a cuestionar el <a href=\"https:\/\/es.wikipedia.org\/wiki\/Teor%C3%ADa_geoc%C3%A9ntrica\">geocentrismo, <\/a>establecido tradicionalmente. La raz\u00f3n ha conseguido algo fundamental, que caracteriza a esta \u00e9poca, el dudar de las cosas establecidas, algo tan elemental pero que no se hab\u00eda hecho hasta este momento. Como bien sabemos, las dudas y las preguntas siempre generan una respuesta. Por lo que la Edad Moderna es un periodo hist\u00f3rico de preguntas y respuestas. De teor\u00edas filos\u00f3ficas basadas en las dudas para conseguir las respuestas, como por ejemplo\u00a0 \u00a0<a href=\"http:\/\/www.biografiasyvidas.com\/obra\/discurso_metodo.htm\"><em>Discurso del m\u00e9todo para dirigir bien la raz\u00f3n y hallar la verdad en las ciencias<\/em> de Ren\u00e9 Descartes. <\/a>De descubrimientos de car\u00e1cter cultural como la imprenta, geogr\u00e1ficos y cient\u00edficos que desembocan en enormes avances t\u00e9cnicos y avances en la navegaci\u00f3n.<\/div>\n<\/div>\n<p style=\"text-align: justify\">Todo este compendio de conocimientos y dudas que surgen en este contexto de la Edad Moderna a trav\u00e9s de la raz\u00f3n, impulsada por estos nuevos valores del Humanismo. Tienen una esencia de ser, que son las <a href=\"https:\/\/es.wikipedia.org\/wiki\/Universidad\">Universidades<\/a>, los verdaderos veh\u00edculos de propagaci\u00f3n del Humanismo a lo largo de distintos territorios. En este trabajo vamos a ver c\u00f3mo estos nuevos valores originarios de la edad moderna han contribuido en el desarrollo de las Universidades en distintos \u00e1mbitos geogr\u00e1ficos.<\/p>\n<p style=\"text-align: justify\">Si quieres ampliar m\u00e1s tus conocimientos, acerca de esta \u00e9poca aqu\u00ed te adjuntamos material que te puede resultar \u00fatil:\u00a0<a href=\"http:\/\/1.bp.blogspot.com\/_cvPCHoOLPw4\/TA1R53PugII\/AAAAAAAAACw\/cCpVbSyTzL8\/s1600\/Presentaci%C3%B3n1.jpg\"><br \/>\n<\/a><\/p>\n<ul>\n<li style=\"text-align: justify\">Video explicativo:<\/li>\n<\/ul>\n<p><iframe loading=\"lazy\" title=\"Introducci\u00f3n a la Edad Moderna\" width=\"500\" height=\"281\" src=\"https:\/\/www.youtube.com\/embed\/TaU2IRl-nFY?feature=oembed\" frameborder=\"0\" allow=\"accelerometer; autoplay; clipboard-write; encrypted-media; gyroscope; picture-in-picture; web-share\" referrerpolicy=\"strict-origin-when-cross-origin\" allowfullscreen><\/iframe><\/p>\n<p><em>Serie documental realizada en Inglaterra, lleg\u00f3 a Espa\u00f1a en VHS y desde 1999 en DVD<\/em><\/p>\n<ul>\n<li>Selecci\u00f3n de pel\u00edculas con car\u00e1cter hist\u00f3rico fundamentadas en \u00e9poca moderna:<\/li>\n<\/ul>\n<p style=\"text-align: justify\"><a href=\"http:\/\/www.profesorfrancisco.es\/2009\/11\/cine-y-edad-moderna.html\">http:\/\/www.profesorfrancisco.es\/2009\/11\/cine-y-edad-moderna.html\u00a0<\/a><\/p>\n<ul>\n<li style=\"text-align: justify\">Mapa durante la Edad Moderna:<\/li>\n<\/ul>\n<p><a href=\"http:\/\/www.profesorfrancisco.es\/2011\/09\/mapas-de-la-edad-moderna.html\">http:\/\/www.profesorfrancisco.es\/2011\/09\/mapas-de-la-edad-moderna.html<\/a><\/p>\n<ul>\n<li style=\"text-align: justify\">Mapa conceptual:<\/li>\n<\/ul>\n<p><a href=\"http:\/\/timerime.com\/user_files\/188\/188394\/media\/Edad%20Moderna.jpg\">http:\/\/timerime.com\/user_files\/188\/188394\/media\/Edad%20Moderna.jpg\u00a0<\/a><\/p>\n<p style=\"text-align: justify\">\n","protected":false},"excerpt":{"rendered":"<p>La creaci\u00f3n de Ad\u00e1n, Capilla Sixtina \u00a0La Edad Media (ss. V-XV) queda atr\u00e1s y surge la \u00c9poca Moderna (ss. XV-XVIII). Pero una \u00e9poca no surge bruscamente de la nada, para que se produzca un proceso que hace que diferenciemos todo un per\u00edodo concreto del otro ha tenido que haber pasado una larga transici\u00f3n donde se [&hellip;]<\/p>\n","protected":false},"author":3353,"featured_media":69,"parent":27,"menu_order":0,"comment_status":"closed","ping_status":"closed","template":"","meta":{"footnotes":""},"class_list":["post-53","page","type-page","status-publish","has-post-thumbnail","hentry"],"_links":{"self":[{"href":"https:\/\/blogs.ua.es\/humanismouniversidad\/wp-json\/wp\/v2\/pages\/53","targetHints":{"allow":["GET"]}}],"collection":[{"href":"https:\/\/blogs.ua.es\/humanismouniversidad\/wp-json\/wp\/v2\/pages"}],"about":[{"href":"https:\/\/blogs.ua.es\/humanismouniversidad\/wp-json\/wp\/v2\/types\/page"}],"author":[{"embeddable":true,"href":"https:\/\/blogs.ua.es\/humanismouniversidad\/wp-json\/wp\/v2\/users\/3353"}],"replies":[{"embeddable":true,"href":"https:\/\/blogs.ua.es\/humanismouniversidad\/wp-json\/wp\/v2\/comments?post=53"}],"version-history":[{"count":14,"href":"https:\/\/blogs.ua.es\/humanismouniversidad\/wp-json\/wp\/v2\/pages\/53\/revisions"}],"predecessor-version":[{"id":338,"href":"https:\/\/blogs.ua.es\/humanismouniversidad\/wp-json\/wp\/v2\/pages\/53\/revisions\/338"}],"up":[{"embeddable":true,"href":"https:\/\/blogs.ua.es\/humanismouniversidad\/wp-json\/wp\/v2\/pages\/27"}],"wp:featuredmedia":[{"embeddable":true,"href":"https:\/\/blogs.ua.es\/humanismouniversidad\/wp-json\/wp\/v2\/media\/69"}],"wp:attachment":[{"href":"https:\/\/blogs.ua.es\/humanismouniversidad\/wp-json\/wp\/v2\/media?parent=53"}],"curies":[{"name":"wp","href":"https:\/\/api.w.org\/{rel}","templated":true}]}}